{"id":9310,"date":"2023-02-13T09:34:27","date_gmt":"2023-02-13T08:34:27","guid":{"rendered":"https:\/\/www.cimentol.com\/?post_type=product&#038;p=9310"},"modified":"2023-11-24T08:50:40","modified_gmt":"2023-11-24T07:50:40","slug":"watprim-t0-350","status":"publish","type":"product","link":"https:\/\/www.cimentol.com\/en\/produit\/watprim-t0-350\/","title":{"rendered":"WATPRIM T0\/800"},"content":{"rendered":"<p><em>Caract\u00e9ristiques principales\u00a0:<\/em><\/p>\n<ul>\n<li>Ragr\u00e9age ou tir\u00e9s \u00e0 z\u00e9ro : r\u00e9glable en \u00e9paisseur &gt;800 microns<\/li>\n<li>Peut \u00eatre additiver de silice pour r\u00e9aliser un mortier de r\u00e9paration<\/li>\n<li>Tr\u00e8s facile d\u2019emploi\u00a0: effet autolissant<\/li>\n<li>100% extrait sec\u00a0; pas de retrait\u00a0; Tr\u00e8s faible COV<\/li>\n<li>Excellente performance en terme de r\u00e9sistance chimique et m\u00e9canique<\/li>\n<li>Sans odeur, sans solvant<\/li>\n<li>Tous supports : dop\u00e9 en promoteur d\u2019adh\u00e9rence<\/li>\n<li>Recouvrable par nos syst\u00e8mes \u00e9poxy, polyaspartique, PU<\/li>\n<\/ul>\n","protected":false},"excerpt":{"rendered":"<p><strong>LIANT EPOXY BI COMPOSANT POUR LA PREPARATION DES SOLS AVANT MIS EN PEINTURE \u2013 TIRES A ZERO ET MORTIER<\/strong><\/p>\n<p><strong>Pour fonds ferm\u00e9s min\u00e9raux ou b\u00e9ton<\/strong><\/p>\n","protected":false},"featured_media":9311,"template":"","meta":{"_acf_changed":false,"inline_featured_image":false},"product_brand":[],"product_cat":[1759,1784,72,150,282,288,290,292,294,296,298,314,318,324,326,328,340,342,476,502,458,404,422,30],"product_tag":[],"gamme":[758],"class_list":{"0":"post-9310","1":"product","2":"type-product","3":"status-publish","4":"has-post-thumbnail","6":"product_cat-nouveautes-nouveautes","7":"product_cat-reparation","8":"product_cat-nouveautes","9":"product_cat-peintures-et-resines-de-sol-peintures-et-resines-techniques","10":"product_cat-ateliers-usines-hangar-entrepot-destination","11":"product_cat-entrepot-de-stockage-lourd","12":"product_cat-garage","13":"product_cat-local-batterie-huile-et-lubrifiant","14":"product_cat-locaux-techniques","15":"product_cat-quais-de-dechargements","16":"product_cat-trafic-lourd-chariot-elevateur","17":"product_cat-box-individuel-copropriete-destination","18":"product_cat-garage-collectif","19":"product_cat-bureaux-locaux-commerciaux","20":"product_cat-commerce-espace-de-vente-locaux-commerciaux","21":"product_cat-garage-automobile","22":"product_cat-parking-exterieur","23":"product_cat-parking-public","24":"product_cat-sans-solvant","25":"product_cat-sol-beton-mortier-enduit","26":"product_cat-epoxy-100-extrait-sec","27":"product_cat-preparation","28":"product_cat-mortier-de-reparation","29":"product_cat-peintures-et-resines-techniques","30":"gamme-watprim","32":"first","33":"instock","34":"shipping-taxable","35":"product-type-simple"},"acf":[],"yoast_head":"<!-- This site is optimized with the Yoast SEO plugin v25.9 - https:\/\/yoast.com\/wordpress\/plugins\/seo\/ -->\n<title>WATPRIM T0\/800 - Cimentol<\/title>\n<meta name=\"robots\" content=\"index, follow, max-snippet:-1, max-image-preview:large, max-video-preview:-1\" \/>\n<link rel=\"canonical\" href=\"https:\/\/www.cimentol.com\/en\/produit\/watprim-t0-350\/\" \/>\n<meta property=\"og:locale\" content=\"en_US\" \/>\n<meta property=\"og:type\" content=\"article\" \/>\n<meta property=\"og:title\" content=\"WATPRIM T0\/800 - Cimentol\" \/>\n<meta property=\"og:description\" content=\"LIANT EPOXY BI COMPOSANT POUR LA PREPARATION DES SOLS AVANT MIS EN PEINTURE \u2013 TIRES A ZERO ET MORTIER Pour fonds ferm\u00e9s min\u00e9raux ou b\u00e9ton\" \/>\n<meta property=\"og:url\" content=\"https:\/\/www.cimentol.com\/en\/produit\/watprim-t0-350\/\" \/>\n<meta property=\"og:site_name\" content=\"Cimentol\" \/>\n<meta property=\"article:modified_time\" content=\"2023-11-24T07:50:40+00:00\" \/>\n<meta property=\"og:image\" content=\"https:\/\/www.cimentol.com\/wp-content\/uploads\/2023\/02\/VIGNETTE-WATPRIM-T0-350-10kg-BD-1024x1024-1.jpg\" \/>\n\t<meta property=\"og:image:width\" content=\"1066\" \/>\n\t<meta property=\"og:image:height\" content=\"1066\" \/>\n\t<meta property=\"og:image:type\" content=\"image\/jpeg\" \/>\n<meta name=\"twitter:card\" content=\"summary_large_image\" \/>\n<script type=\"application\/ld+json\" class=\"yoast-schema-graph\">{\"@context\":\"https:\/\/schema.org\",\"@graph\":[{\"@type\":\"WebPage\",\"@id\":\"https:\/\/www.cimentol.com\/en\/produit\/watprim-t0-350\/\",\"url\":\"https:\/\/www.cimentol.com\/en\/produit\/watprim-t0-350\/\",\"name\":\"WATPRIM T0\/800 - Cimentol\",\"isPartOf\":{\"@id\":\"https:\/\/www.cimentol.com\/en\/#website\"},\"primaryImageOfPage\":{\"@id\":\"https:\/\/www.cimentol.com\/en\/produit\/watprim-t0-350\/#primaryimage\"},\"image\":{\"@id\":\"https:\/\/www.cimentol.com\/en\/produit\/watprim-t0-350\/#primaryimage\"},\"thumbnailUrl\":\"https:\/\/www.cimentol.com\/wp-content\/uploads\/2023\/02\/VIGNETTE-WATPRIM-T0-350-10kg-BD-1024x1024-1.jpg\",\"datePublished\":\"2023-02-13T08:34:27+00:00\",\"dateModified\":\"2023-11-24T07:50:40+00:00\",\"breadcrumb\":{\"@id\":\"https:\/\/www.cimentol.com\/en\/produit\/watprim-t0-350\/#breadcrumb\"},\"inLanguage\":\"en-US\",\"potentialAction\":[{\"@type\":\"ReadAction\",\"target\":[\"https:\/\/www.cimentol.com\/en\/produit\/watprim-t0-350\/\"]}]},{\"@type\":\"ImageObject\",\"inLanguage\":\"en-US\",\"@id\":\"https:\/\/www.cimentol.com\/en\/produit\/watprim-t0-350\/#primaryimage\",\"url\":\"https:\/\/www.cimentol.com\/wp-content\/uploads\/2023\/02\/VIGNETTE-WATPRIM-T0-350-10kg-BD-1024x1024-1.jpg\",\"contentUrl\":\"https:\/\/www.cimentol.com\/wp-content\/uploads\/2023\/02\/VIGNETTE-WATPRIM-T0-350-10kg-BD-1024x1024-1.jpg\",\"width\":1066,\"height\":1066},{\"@type\":\"BreadcrumbList\",\"@id\":\"https:\/\/www.cimentol.com\/en\/produit\/watprim-t0-350\/#breadcrumb\",\"itemListElement\":[{\"@type\":\"ListItem\",\"position\":1,\"name\":\"Accueil\",\"item\":\"https:\/\/www.cimentol.com\/en\/\"},{\"@type\":\"ListItem\",\"position\":2,\"name\":\"Shop\",\"item\":\"https:\/\/www.cimentol.com\/en\/shop\/\"},{\"@type\":\"ListItem\",\"position\":3,\"name\":\"WATPRIM T0\/800\"}]},{\"@type\":\"WebSite\",\"@id\":\"https:\/\/www.cimentol.com\/en\/#website\",\"url\":\"https:\/\/www.cimentol.com\/en\/\",\"name\":\"Cimentol\",\"description\":\"\",\"publisher\":{\"@id\":\"https:\/\/www.cimentol.com\/en\/#organization\"},\"potentialAction\":[{\"@type\":\"SearchAction\",\"target\":{\"@type\":\"EntryPoint\",\"urlTemplate\":\"https:\/\/www.cimentol.com\/en\/?s={search_term_string}\"},\"query-input\":{\"@type\":\"PropertyValueSpecification\",\"valueRequired\":true,\"valueName\":\"search_term_string\"}}],\"inLanguage\":\"en-US\"},{\"@type\":\"Organization\",\"@id\":\"https:\/\/www.cimentol.com\/en\/#organization\",\"name\":\"Cimentol\",\"url\":\"https:\/\/www.cimentol.com\/en\/\",\"logo\":{\"@type\":\"ImageObject\",\"inLanguage\":\"en-US\",\"@id\":\"https:\/\/www.cimentol.com\/en\/#\/schema\/logo\/image\/\",\"url\":\"https:\/\/www.cimentol.com\/wp-content\/uploads\/2022\/08\/cimentol-logo.png\",\"contentUrl\":\"https:\/\/www.cimentol.com\/wp-content\/uploads\/2022\/08\/cimentol-logo.png\",\"width\":1181,\"height\":250,\"caption\":\"Cimentol\"},\"image\":{\"@id\":\"https:\/\/www.cimentol.com\/en\/#\/schema\/logo\/image\/\"}}]}<\/script>\n<!-- \/ Yoast SEO plugin. -->","yoast_head_json":{"title":"WATPRIM T0\/800 - Cimentol","robots":{"index":"index","follow":"follow","max-snippet":"max-snippet:-1","max-image-preview":"max-image-preview:large","max-video-preview":"max-video-preview:-1"},"canonical":"https:\/\/www.cimentol.com\/en\/produit\/watprim-t0-350\/","og_locale":"en_US","og_type":"article","og_title":"WATPRIM T0\/800 - Cimentol","og_description":"LIANT EPOXY BI COMPOSANT POUR LA PREPARATION DES SOLS AVANT MIS EN PEINTURE \u2013 TIRES A ZERO ET MORTIER Pour fonds ferm\u00e9s min\u00e9raux ou b\u00e9ton","og_url":"https:\/\/www.cimentol.com\/en\/produit\/watprim-t0-350\/","og_site_name":"Cimentol","article_modified_time":"2023-11-24T07:50:40+00:00","og_image":[{"width":1066,"height":1066,"url":"https:\/\/www.cimentol.com\/wp-content\/uploads\/2023\/02\/VIGNETTE-WATPRIM-T0-350-10kg-BD-1024x1024-1.jpg","type":"image\/jpeg"}],"twitter_card":"summary_large_image","schema":{"@context":"https:\/\/schema.org","@graph":[{"@type":"WebPage","@id":"https:\/\/www.cimentol.com\/en\/produit\/watprim-t0-350\/","url":"https:\/\/www.cimentol.com\/en\/produit\/watprim-t0-350\/","name":"WATPRIM T0\/800 - Cimentol","isPartOf":{"@id":"https:\/\/www.cimentol.com\/en\/#website"},"primaryImageOfPage":{"@id":"https:\/\/www.cimentol.com\/en\/produit\/watprim-t0-350\/#primaryimage"},"image":{"@id":"https:\/\/www.cimentol.com\/en\/produit\/watprim-t0-350\/#primaryimage"},"thumbnailUrl":"https:\/\/www.cimentol.com\/wp-content\/uploads\/2023\/02\/VIGNETTE-WATPRIM-T0-350-10kg-BD-1024x1024-1.jpg","datePublished":"2023-02-13T08:34:27+00:00","dateModified":"2023-11-24T07:50:40+00:00","breadcrumb":{"@id":"https:\/\/www.cimentol.com\/en\/produit\/watprim-t0-350\/#breadcrumb"},"inLanguage":"en-US","potentialAction":[{"@type":"ReadAction","target":["https:\/\/www.cimentol.com\/en\/produit\/watprim-t0-350\/"]}]},{"@type":"ImageObject","inLanguage":"en-US","@id":"https:\/\/www.cimentol.com\/en\/produit\/watprim-t0-350\/#primaryimage","url":"https:\/\/www.cimentol.com\/wp-content\/uploads\/2023\/02\/VIGNETTE-WATPRIM-T0-350-10kg-BD-1024x1024-1.jpg","contentUrl":"https:\/\/www.cimentol.com\/wp-content\/uploads\/2023\/02\/VIGNETTE-WATPRIM-T0-350-10kg-BD-1024x1024-1.jpg","width":1066,"height":1066},{"@type":"BreadcrumbList","@id":"https:\/\/www.cimentol.com\/en\/produit\/watprim-t0-350\/#breadcrumb","itemListElement":[{"@type":"ListItem","position":1,"name":"Accueil","item":"https:\/\/www.cimentol.com\/en\/"},{"@type":"ListItem","position":2,"name":"Shop","item":"https:\/\/www.cimentol.com\/en\/shop\/"},{"@type":"ListItem","position":3,"name":"WATPRIM T0\/800"}]},{"@type":"WebSite","@id":"https:\/\/www.cimentol.com\/en\/#website","url":"https:\/\/www.cimentol.com\/en\/","name":"Cimentol","description":"","publisher":{"@id":"https:\/\/www.cimentol.com\/en\/#organization"},"potentialAction":[{"@type":"SearchAction","target":{"@type":"EntryPoint","urlTemplate":"https:\/\/www.cimentol.com\/en\/?s={search_term_string}"},"query-input":{"@type":"PropertyValueSpecification","valueRequired":true,"valueName":"search_term_string"}}],"inLanguage":"en-US"},{"@type":"Organization","@id":"https:\/\/www.cimentol.com\/en\/#organization","name":"Cimentol","url":"https:\/\/www.cimentol.com\/en\/","logo":{"@type":"ImageObject","inLanguage":"en-US","@id":"https:\/\/www.cimentol.com\/en\/#\/schema\/logo\/image\/","url":"https:\/\/www.cimentol.com\/wp-content\/uploads\/2022\/08\/cimentol-logo.png","contentUrl":"https:\/\/www.cimentol.com\/wp-content\/uploads\/2022\/08\/cimentol-logo.png","width":1181,"height":250,"caption":"Cimentol"},"image":{"@id":"https:\/\/www.cimentol.com\/en\/#\/schema\/logo\/image\/"}}]}},"_links":{"self":[{"href":"https:\/\/www.cimentol.com\/en\/wp-json\/wp\/v2\/product\/9310","targetHints":{"allow":["GET"]}}],"collection":[{"href":"https:\/\/www.cimentol.com\/en\/wp-json\/wp\/v2\/product"}],"about":[{"href":"https:\/\/www.cimentol.com\/en\/wp-json\/wp\/v2\/types\/product"}],"wp:featuredmedia":[{"embeddable":true,"href":"https:\/\/www.cimentol.com\/en\/wp-json\/wp\/v2\/media\/9311"}],"wp:attachment":[{"href":"https:\/\/www.cimentol.com\/en\/wp-json\/wp\/v2\/media?parent=9310"}],"wp:term":[{"taxonomy":"product_brand","embeddable":true,"href":"https:\/\/www.cimentol.com\/en\/wp-json\/wp\/v2\/product_brand?post=9310"},{"taxonomy":"product_cat","embeddable":true,"href":"https:\/\/www.cimentol.com\/en\/wp-json\/wp\/v2\/product_cat?post=9310"},{"taxonomy":"product_tag","embeddable":true,"href":"https:\/\/www.cimentol.com\/en\/wp-json\/wp\/v2\/product_tag?post=9310"},{"taxonomy":"gamme","embeddable":true,"href":"https:\/\/www.cimentol.com\/en\/wp-json\/wp\/v2\/gamme?post=9310"}],"curies":[{"name":"wp","href":"https:\/\/api.w.org\/{rel}","templated":true}]}}