{"id":9292,"date":"2023-02-06T08:30:52","date_gmt":"2023-02-06T07:30:52","guid":{"rendered":"https:\/\/www.cimentol.com\/?post_type=product&#038;p=9292"},"modified":"2024-05-14T15:03:03","modified_gmt":"2024-05-14T13:03:03","slug":"watprim-ah","status":"publish","type":"product","link":"https:\/\/www.cimentol.com\/en\/produit\/watprim-ah\/","title":{"rendered":"WATPRIM AH"},"content":{"rendered":"<p><em>Caract\u00e9ristiques principales\u00a0:<\/em><\/p>\n<ul>\n<li>Barri\u00e8re anti remont\u00e9es d\u2019humidit\u00e9<\/li>\n<li>R\u00e9sistance \u00e0 la contrepression d\u2019eau jusqu\u2019\u00e0 1 bar<\/li>\n<li>Excellente performance d\u2019accroche sur fonds bloqu\u00e9s, r\u00e9sistance chimique et m\u00e9canique<\/li>\n<li>Compatible avec b\u00e9ton humide non ruisselant<\/li>\n<li>Fonction pare vapeur<\/li>\n<li>Sans odeur, sans solvant<\/li>\n<li>Tous supports : dop\u00e9 en promoteur d\u2019adh\u00e9rence<\/li>\n<\/ul>\n","protected":false},"excerpt":{"rendered":"<p><strong>PRIMAIRE D\u2019ADHERENCE \u2018\u2019FONCTION PARE VAPEUR\u2019\u2019 INCOLORE EPOXY BI COMPOSANT TOUS SUPPORTS<\/strong><\/p>\n","protected":false},"featured_media":5864,"template":"","meta":{"_acf_changed":false,"inline_featured_image":false},"product_brand":[],"product_cat":[150,268,282,286,288,290,292,294,296,298,310,314,316,318,320,322,324,326,328,330,332,300,302,304,306,308,338,340,342,400,482,486,484,526,528,530,536,446,476,490,492,494,496,498,500,502,458,404,406],"product_tag":[],"gamme":[758],"class_list":{"0":"post-9292","1":"product","2":"type-product","3":"status-publish","4":"has-post-thumbnail","6":"product_cat-peintures-et-resines-de-sol-peintures-et-resines-techniques","7":"product_cat-destination","8":"product_cat-ateliers-usines-hangar-entrepot-destination","9":"product_cat-entrepot-de-stockage-leger","10":"product_cat-entrepot-de-stockage-lourd","11":"product_cat-garage","12":"product_cat-local-batterie-huile-et-lubrifiant","13":"product_cat-locaux-techniques","14":"product_cat-quais-de-dechargements","15":"product_cat-trafic-lourd-chariot-elevateur","16":"product_cat-copropriete-destination","17":"product_cat-box-individuel-copropriete-destination","18":"product_cat-cage-escalier-copropriete-destination","19":"product_cat-garage-collectif","20":"product_cat-vide-ordure","21":"product_cat-locaux-commerciaux","22":"product_cat-bureaux-locaux-commerciaux","23":"product_cat-commerce-espace-de-vente-locaux-commerciaux","24":"product_cat-garage-automobile","25":"product_cat-laboratoires","26":"product_cat-restaurant-hall-dexposition","27":"product_cat-locaux-public","28":"product_cat-ecole","29":"product_cat-hall-couloirs","30":"product_cat-hopital","31":"product_cat-vestiaires-sanitaires","32":"product_cat-parc-de-stationnement","33":"product_cat-parking-exterieur","34":"product_cat-parking-public","35":"product_cat-produit","36":"product_cat-int-ext","37":"product_cat-exterieur","38":"product_cat-interieur","39":"product_cat-label-et-agrement","40":"product_cat-environnement","41":"product_cat-a","42":"product_cat-excell-zone-bleu","43":"product_cat-brillant","44":"product_cat-sans-solvant","45":"product_cat-ancien-revetement-peinture","46":"product_cat-bitume","47":"product_cat-bois-parquet","48":"product_cat-carrelage","49":"product_cat-chape-anhydrite","50":"product_cat-metal","51":"product_cat-sol-beton-mortier-enduit","52":"product_cat-epoxy-100-extrait-sec","53":"product_cat-preparation","54":"product_cat-primaire","55":"gamme-watprim","57":"first","58":"instock","59":"shipping-taxable","60":"product-type-simple"},"acf":[],"yoast_head":"<!-- This site is optimized with the Yoast SEO plugin v25.9 - https:\/\/yoast.com\/wordpress\/plugins\/seo\/ -->\n<title>WATPRIM AH - Cimentol<\/title>\n<meta name=\"robots\" content=\"index, follow, max-snippet:-1, max-image-preview:large, max-video-preview:-1\" \/>\n<link rel=\"canonical\" href=\"https:\/\/www.cimentol.com\/en\/produit\/watprim-ah\/\" \/>\n<meta property=\"og:locale\" content=\"en_US\" \/>\n<meta property=\"og:type\" content=\"article\" \/>\n<meta property=\"og:title\" content=\"WATPRIM AH - Cimentol\" \/>\n<meta property=\"og:description\" content=\"PRIMAIRE D\u2019ADHERENCE \u2018\u2019FONCTION PARE VAPEUR\u2019\u2019 INCOLORE EPOXY BI COMPOSANT TOUS SUPPORTS\" \/>\n<meta property=\"og:url\" content=\"https:\/\/www.cimentol.com\/en\/produit\/watprim-ah\/\" \/>\n<meta property=\"og:site_name\" content=\"Cimentol\" \/>\n<meta property=\"article:modified_time\" content=\"2024-05-14T13:03:03+00:00\" \/>\n<meta property=\"og:image\" content=\"https:\/\/www.cimentol.com\/wp-content\/uploads\/2022\/04\/VIGNETTE-WATPRIM-5L-BD.jpg\" \/>\n\t<meta property=\"og:image:width\" content=\"1181\" \/>\n\t<meta property=\"og:image:height\" content=\"1181\" \/>\n\t<meta property=\"og:image:type\" content=\"image\/jpeg\" \/>\n<meta name=\"twitter:card\" content=\"summary_large_image\" \/>\n<meta name=\"twitter:label1\" content=\"Est. reading time\" \/>\n\t<meta name=\"twitter:data1\" content=\"1 minute\" \/>\n<script type=\"application\/ld+json\" class=\"yoast-schema-graph\">{\"@context\":\"https:\/\/schema.org\",\"@graph\":[{\"@type\":\"WebPage\",\"@id\":\"https:\/\/www.cimentol.com\/en\/produit\/watprim-ah\/\",\"url\":\"https:\/\/www.cimentol.com\/en\/produit\/watprim-ah\/\",\"name\":\"WATPRIM AH - Cimentol\",\"isPartOf\":{\"@id\":\"https:\/\/www.cimentol.com\/en\/#website\"},\"primaryImageOfPage\":{\"@id\":\"https:\/\/www.cimentol.com\/en\/produit\/watprim-ah\/#primaryimage\"},\"image\":{\"@id\":\"https:\/\/www.cimentol.com\/en\/produit\/watprim-ah\/#primaryimage\"},\"thumbnailUrl\":\"https:\/\/www.cimentol.com\/wp-content\/uploads\/2022\/04\/VIGNETTE-WATPRIM-5L-BD.jpg\",\"datePublished\":\"2023-02-06T07:30:52+00:00\",\"dateModified\":\"2024-05-14T13:03:03+00:00\",\"breadcrumb\":{\"@id\":\"https:\/\/www.cimentol.com\/en\/produit\/watprim-ah\/#breadcrumb\"},\"inLanguage\":\"en-US\",\"potentialAction\":[{\"@type\":\"ReadAction\",\"target\":[\"https:\/\/www.cimentol.com\/en\/produit\/watprim-ah\/\"]}]},{\"@type\":\"ImageObject\",\"inLanguage\":\"en-US\",\"@id\":\"https:\/\/www.cimentol.com\/en\/produit\/watprim-ah\/#primaryimage\",\"url\":\"https:\/\/www.cimentol.com\/wp-content\/uploads\/2022\/04\/VIGNETTE-WATPRIM-5L-BD.jpg\",\"contentUrl\":\"https:\/\/www.cimentol.com\/wp-content\/uploads\/2022\/04\/VIGNETTE-WATPRIM-5L-BD.jpg\",\"width\":1181,\"height\":1181},{\"@type\":\"BreadcrumbList\",\"@id\":\"https:\/\/www.cimentol.com\/en\/produit\/watprim-ah\/#breadcrumb\",\"itemListElement\":[{\"@type\":\"ListItem\",\"position\":1,\"name\":\"Accueil\",\"item\":\"https:\/\/www.cimentol.com\/en\/\"},{\"@type\":\"ListItem\",\"position\":2,\"name\":\"Shop\",\"item\":\"https:\/\/www.cimentol.com\/en\/shop\/\"},{\"@type\":\"ListItem\",\"position\":3,\"name\":\"WATPRIM AH\"}]},{\"@type\":\"WebSite\",\"@id\":\"https:\/\/www.cimentol.com\/en\/#website\",\"url\":\"https:\/\/www.cimentol.com\/en\/\",\"name\":\"Cimentol\",\"description\":\"\",\"publisher\":{\"@id\":\"https:\/\/www.cimentol.com\/en\/#organization\"},\"potentialAction\":[{\"@type\":\"SearchAction\",\"target\":{\"@type\":\"EntryPoint\",\"urlTemplate\":\"https:\/\/www.cimentol.com\/en\/?s={search_term_string}\"},\"query-input\":{\"@type\":\"PropertyValueSpecification\",\"valueRequired\":true,\"valueName\":\"search_term_string\"}}],\"inLanguage\":\"en-US\"},{\"@type\":\"Organization\",\"@id\":\"https:\/\/www.cimentol.com\/en\/#organization\",\"name\":\"Cimentol\",\"url\":\"https:\/\/www.cimentol.com\/en\/\",\"logo\":{\"@type\":\"ImageObject\",\"inLanguage\":\"en-US\",\"@id\":\"https:\/\/www.cimentol.com\/en\/#\/schema\/logo\/image\/\",\"url\":\"https:\/\/www.cimentol.com\/wp-content\/uploads\/2022\/08\/cimentol-logo.png\",\"contentUrl\":\"https:\/\/www.cimentol.com\/wp-content\/uploads\/2022\/08\/cimentol-logo.png\",\"width\":1181,\"height\":250,\"caption\":\"Cimentol\"},\"image\":{\"@id\":\"https:\/\/www.cimentol.com\/en\/#\/schema\/logo\/image\/\"}}]}<\/script>\n<!-- \/ Yoast SEO plugin. -->","yoast_head_json":{"title":"WATPRIM AH - Cimentol","robots":{"index":"index","follow":"follow","max-snippet":"max-snippet:-1","max-image-preview":"max-image-preview:large","max-video-preview":"max-video-preview:-1"},"canonical":"https:\/\/www.cimentol.com\/en\/produit\/watprim-ah\/","og_locale":"en_US","og_type":"article","og_title":"WATPRIM AH - Cimentol","og_description":"PRIMAIRE D\u2019ADHERENCE \u2018\u2019FONCTION PARE VAPEUR\u2019\u2019 INCOLORE EPOXY BI COMPOSANT TOUS SUPPORTS","og_url":"https:\/\/www.cimentol.com\/en\/produit\/watprim-ah\/","og_site_name":"Cimentol","article_modified_time":"2024-05-14T13:03:03+00:00","og_image":[{"width":1181,"height":1181,"url":"https:\/\/www.cimentol.com\/wp-content\/uploads\/2022\/04\/VIGNETTE-WATPRIM-5L-BD.jpg","type":"image\/jpeg"}],"twitter_card":"summary_large_image","twitter_misc":{"Est. reading time":"1 minute"},"schema":{"@context":"https:\/\/schema.org","@graph":[{"@type":"WebPage","@id":"https:\/\/www.cimentol.com\/en\/produit\/watprim-ah\/","url":"https:\/\/www.cimentol.com\/en\/produit\/watprim-ah\/","name":"WATPRIM AH - Cimentol","isPartOf":{"@id":"https:\/\/www.cimentol.com\/en\/#website"},"primaryImageOfPage":{"@id":"https:\/\/www.cimentol.com\/en\/produit\/watprim-ah\/#primaryimage"},"image":{"@id":"https:\/\/www.cimentol.com\/en\/produit\/watprim-ah\/#primaryimage"},"thumbnailUrl":"https:\/\/www.cimentol.com\/wp-content\/uploads\/2022\/04\/VIGNETTE-WATPRIM-5L-BD.jpg","datePublished":"2023-02-06T07:30:52+00:00","dateModified":"2024-05-14T13:03:03+00:00","breadcrumb":{"@id":"https:\/\/www.cimentol.com\/en\/produit\/watprim-ah\/#breadcrumb"},"inLanguage":"en-US","potentialAction":[{"@type":"ReadAction","target":["https:\/\/www.cimentol.com\/en\/produit\/watprim-ah\/"]}]},{"@type":"ImageObject","inLanguage":"en-US","@id":"https:\/\/www.cimentol.com\/en\/produit\/watprim-ah\/#primaryimage","url":"https:\/\/www.cimentol.com\/wp-content\/uploads\/2022\/04\/VIGNETTE-WATPRIM-5L-BD.jpg","contentUrl":"https:\/\/www.cimentol.com\/wp-content\/uploads\/2022\/04\/VIGNETTE-WATPRIM-5L-BD.jpg","width":1181,"height":1181},{"@type":"BreadcrumbList","@id":"https:\/\/www.cimentol.com\/en\/produit\/watprim-ah\/#breadcrumb","itemListElement":[{"@type":"ListItem","position":1,"name":"Accueil","item":"https:\/\/www.cimentol.com\/en\/"},{"@type":"ListItem","position":2,"name":"Shop","item":"https:\/\/www.cimentol.com\/en\/shop\/"},{"@type":"ListItem","position":3,"name":"WATPRIM AH"}]},{"@type":"WebSite","@id":"https:\/\/www.cimentol.com\/en\/#website","url":"https:\/\/www.cimentol.com\/en\/","name":"Cimentol","description":"","publisher":{"@id":"https:\/\/www.cimentol.com\/en\/#organization"},"potentialAction":[{"@type":"SearchAction","target":{"@type":"EntryPoint","urlTemplate":"https:\/\/www.cimentol.com\/en\/?s={search_term_string}"},"query-input":{"@type":"PropertyValueSpecification","valueRequired":true,"valueName":"search_term_string"}}],"inLanguage":"en-US"},{"@type":"Organization","@id":"https:\/\/www.cimentol.com\/en\/#organization","name":"Cimentol","url":"https:\/\/www.cimentol.com\/en\/","logo":{"@type":"ImageObject","inLanguage":"en-US","@id":"https:\/\/www.cimentol.com\/en\/#\/schema\/logo\/image\/","url":"https:\/\/www.cimentol.com\/wp-content\/uploads\/2022\/08\/cimentol-logo.png","contentUrl":"https:\/\/www.cimentol.com\/wp-content\/uploads\/2022\/08\/cimentol-logo.png","width":1181,"height":250,"caption":"Cimentol"},"image":{"@id":"https:\/\/www.cimentol.com\/en\/#\/schema\/logo\/image\/"}}]}},"_links":{"self":[{"href":"https:\/\/www.cimentol.com\/en\/wp-json\/wp\/v2\/product\/9292","targetHints":{"allow":["GET"]}}],"collection":[{"href":"https:\/\/www.cimentol.com\/en\/wp-json\/wp\/v2\/product"}],"about":[{"href":"https:\/\/www.cimentol.com\/en\/wp-json\/wp\/v2\/types\/product"}],"wp:featuredmedia":[{"embeddable":true,"href":"https:\/\/www.cimentol.com\/en\/wp-json\/wp\/v2\/media\/5864"}],"wp:attachment":[{"href":"https:\/\/www.cimentol.com\/en\/wp-json\/wp\/v2\/media?parent=9292"}],"wp:term":[{"taxonomy":"product_brand","embeddable":true,"href":"https:\/\/www.cimentol.com\/en\/wp-json\/wp\/v2\/product_brand?post=9292"},{"taxonomy":"product_cat","embeddable":true,"href":"https:\/\/www.cimentol.com\/en\/wp-json\/wp\/v2\/product_cat?post=9292"},{"taxonomy":"product_tag","embeddable":true,"href":"https:\/\/www.cimentol.com\/en\/wp-json\/wp\/v2\/product_tag?post=9292"},{"taxonomy":"gamme","embeddable":true,"href":"https:\/\/www.cimentol.com\/en\/wp-json\/wp\/v2\/gamme?post=9292"}],"curies":[{"name":"wp","href":"https:\/\/api.w.org\/{rel}","templated":true}]}}