{"id":798,"date":"2021-09-28T03:56:56","date_gmt":"2021-09-28T01:56:56","guid":{"rendered":"https:\/\/www.cimentol.com\/produit\/soludose-air-quali\/"},"modified":"2022-10-13T11:51:09","modified_gmt":"2022-10-13T09:51:09","slug":"soludose-air-quali","status":"publish","type":"product","link":"https:\/\/www.cimentol.com\/en\/produit\/soludose-air-quali\/","title":{"rendered":"SOLUDOSE AIR QUALI"},"content":{"rendered":"<p>Le SOLUDOSE AIR QUALI est un additif peinture permettant, une fois additiv\u00e9 \u00e0 nos peintures acryliques ou bio sourc\u00e9e, de d\u00e9polluer l&#8217;air int\u00e9rieur.<\/p>\n<p>Cet additif rend d\u00e9polluant nos peintures, c&#8217;est-\u00e0-dire qu&#8217;il contribue \u00e0 purifier l&#8217;air int\u00e9rieur. <\/p>\n<p>Il capte et d\u00e9truit les polluants int\u00e9rieurs tels que le formald\u00e9hyde, hexald\u00e9hyde et ac\u00e9tald\u00e9hyde (en conformit\u00e9 avec le d\u00e9cret N\u00b02011-1727 et 1728 du 2\/2\/2011).<\/p>\n<p>R\u00e9duction des formald\u00e9hydes de l&#8217;air<\/p>\n<p>&nbsp;<\/p>\n","protected":false},"excerpt":{"rendered":"<p>Le SOLUDOSE AIR QUALI est un additif peinture permettant, une [&hellip;]<\/p>\n","protected":false},"featured_media":4884,"template":"","meta":{"_acf_changed":false,"inline_featured_image":false},"product_brand":[],"product_cat":[716,718,728,46],"product_tag":[],"gamme":[],"class_list":{"0":"post-798","1":"product","2":"type-product","3":"status-publish","4":"has-post-thumbnail","6":"product_cat-produits-complementaires-2","7":"product_cat-type-produit","8":"product_cat-depollution-of-the-air-2","9":"product_cat-produits-complementaires","11":"first","12":"instock","13":"shipping-taxable","14":"product-type-simple"},"acf":[],"yoast_head":"<!-- This site is optimized with the Yoast SEO plugin v25.9 - https:\/\/yoast.com\/wordpress\/plugins\/seo\/ -->\n<title>SOLUDOSE AIR QUALI - Cimentol<\/title>\n<meta name=\"robots\" content=\"index, follow, max-snippet:-1, max-image-preview:large, max-video-preview:-1\" \/>\n<link rel=\"canonical\" href=\"https:\/\/www.cimentol.com\/en\/produit\/soludose-air-quali\/\" \/>\n<meta property=\"og:locale\" content=\"en_US\" \/>\n<meta property=\"og:type\" content=\"article\" \/>\n<meta property=\"og:title\" content=\"SOLUDOSE AIR QUALI - Cimentol\" \/>\n<meta property=\"og:description\" content=\"Le SOLUDOSE AIR QUALI est un additif peinture permettant, une [&hellip;]\" \/>\n<meta property=\"og:url\" content=\"https:\/\/www.cimentol.com\/en\/produit\/soludose-air-quali\/\" \/>\n<meta property=\"og:site_name\" content=\"Cimentol\" \/>\n<meta property=\"article:modified_time\" content=\"2022-10-13T09:51:09+00:00\" \/>\n<meta property=\"og:image\" content=\"https:\/\/www.cimentol.com\/wp-content\/uploads\/2021\/09\/VIGNETTE-SOLUDOSE-AIR-QUALI-25cl.png\" \/>\n\t<meta property=\"og:image:width\" content=\"1485\" \/>\n\t<meta property=\"og:image:height\" content=\"1485\" \/>\n\t<meta property=\"og:image:type\" content=\"image\/png\" \/>\n<meta name=\"twitter:card\" content=\"summary_large_image\" \/>\n<meta name=\"twitter:label1\" content=\"Est. reading time\" \/>\n\t<meta name=\"twitter:data1\" content=\"1 minute\" \/>\n<script type=\"application\/ld+json\" class=\"yoast-schema-graph\">{\"@context\":\"https:\/\/schema.org\",\"@graph\":[{\"@type\":\"WebPage\",\"@id\":\"https:\/\/www.cimentol.com\/en\/produit\/soludose-air-quali\/\",\"url\":\"https:\/\/www.cimentol.com\/en\/produit\/soludose-air-quali\/\",\"name\":\"SOLUDOSE AIR QUALI - Cimentol\",\"isPartOf\":{\"@id\":\"https:\/\/www.cimentol.com\/en\/#website\"},\"primaryImageOfPage\":{\"@id\":\"https:\/\/www.cimentol.com\/en\/produit\/soludose-air-quali\/#primaryimage\"},\"image\":{\"@id\":\"https:\/\/www.cimentol.com\/en\/produit\/soludose-air-quali\/#primaryimage\"},\"thumbnailUrl\":\"https:\/\/www.cimentol.com\/wp-content\/uploads\/2021\/09\/VIGNETTE-SOLUDOSE-AIR-QUALI-25cl.png\",\"datePublished\":\"2021-09-28T01:56:56+00:00\",\"dateModified\":\"2022-10-13T09:51:09+00:00\",\"breadcrumb\":{\"@id\":\"https:\/\/www.cimentol.com\/en\/produit\/soludose-air-quali\/#breadcrumb\"},\"inLanguage\":\"en-US\",\"potentialAction\":[{\"@type\":\"ReadAction\",\"target\":[\"https:\/\/www.cimentol.com\/en\/produit\/soludose-air-quali\/\"]}]},{\"@type\":\"ImageObject\",\"inLanguage\":\"en-US\",\"@id\":\"https:\/\/www.cimentol.com\/en\/produit\/soludose-air-quali\/#primaryimage\",\"url\":\"https:\/\/www.cimentol.com\/wp-content\/uploads\/2021\/09\/VIGNETTE-SOLUDOSE-AIR-QUALI-25cl.png\",\"contentUrl\":\"https:\/\/www.cimentol.com\/wp-content\/uploads\/2021\/09\/VIGNETTE-SOLUDOSE-AIR-QUALI-25cl.png\",\"width\":1485,\"height\":1485},{\"@type\":\"BreadcrumbList\",\"@id\":\"https:\/\/www.cimentol.com\/en\/produit\/soludose-air-quali\/#breadcrumb\",\"itemListElement\":[{\"@type\":\"ListItem\",\"position\":1,\"name\":\"Accueil\",\"item\":\"https:\/\/www.cimentol.com\/en\/\"},{\"@type\":\"ListItem\",\"position\":2,\"name\":\"Shop\",\"item\":\"https:\/\/www.cimentol.com\/en\/shop\/\"},{\"@type\":\"ListItem\",\"position\":3,\"name\":\"SOLUDOSE AIR QUALI\"}]},{\"@type\":\"WebSite\",\"@id\":\"https:\/\/www.cimentol.com\/en\/#website\",\"url\":\"https:\/\/www.cimentol.com\/en\/\",\"name\":\"Cimentol\",\"description\":\"\",\"publisher\":{\"@id\":\"https:\/\/www.cimentol.com\/en\/#organization\"},\"potentialAction\":[{\"@type\":\"SearchAction\",\"target\":{\"@type\":\"EntryPoint\",\"urlTemplate\":\"https:\/\/www.cimentol.com\/en\/?s={search_term_string}\"},\"query-input\":{\"@type\":\"PropertyValueSpecification\",\"valueRequired\":true,\"valueName\":\"search_term_string\"}}],\"inLanguage\":\"en-US\"},{\"@type\":\"Organization\",\"@id\":\"https:\/\/www.cimentol.com\/en\/#organization\",\"name\":\"Cimentol\",\"url\":\"https:\/\/www.cimentol.com\/en\/\",\"logo\":{\"@type\":\"ImageObject\",\"inLanguage\":\"en-US\",\"@id\":\"https:\/\/www.cimentol.com\/en\/#\/schema\/logo\/image\/\",\"url\":\"https:\/\/www.cimentol.com\/wp-content\/uploads\/2022\/08\/cimentol-logo.png\",\"contentUrl\":\"https:\/\/www.cimentol.com\/wp-content\/uploads\/2022\/08\/cimentol-logo.png\",\"width\":1181,\"height\":250,\"caption\":\"Cimentol\"},\"image\":{\"@id\":\"https:\/\/www.cimentol.com\/en\/#\/schema\/logo\/image\/\"}}]}<\/script>\n<!-- \/ Yoast SEO plugin. -->","yoast_head_json":{"title":"SOLUDOSE AIR QUALI - Cimentol","robots":{"index":"index","follow":"follow","max-snippet":"max-snippet:-1","max-image-preview":"max-image-preview:large","max-video-preview":"max-video-preview:-1"},"canonical":"https:\/\/www.cimentol.com\/en\/produit\/soludose-air-quali\/","og_locale":"en_US","og_type":"article","og_title":"SOLUDOSE AIR QUALI - Cimentol","og_description":"Le SOLUDOSE AIR QUALI est un additif peinture permettant, une [&hellip;]","og_url":"https:\/\/www.cimentol.com\/en\/produit\/soludose-air-quali\/","og_site_name":"Cimentol","article_modified_time":"2022-10-13T09:51:09+00:00","og_image":[{"width":1485,"height":1485,"url":"https:\/\/www.cimentol.com\/wp-content\/uploads\/2021\/09\/VIGNETTE-SOLUDOSE-AIR-QUALI-25cl.png","type":"image\/png"}],"twitter_card":"summary_large_image","twitter_misc":{"Est. reading time":"1 minute"},"schema":{"@context":"https:\/\/schema.org","@graph":[{"@type":"WebPage","@id":"https:\/\/www.cimentol.com\/en\/produit\/soludose-air-quali\/","url":"https:\/\/www.cimentol.com\/en\/produit\/soludose-air-quali\/","name":"SOLUDOSE AIR QUALI - Cimentol","isPartOf":{"@id":"https:\/\/www.cimentol.com\/en\/#website"},"primaryImageOfPage":{"@id":"https:\/\/www.cimentol.com\/en\/produit\/soludose-air-quali\/#primaryimage"},"image":{"@id":"https:\/\/www.cimentol.com\/en\/produit\/soludose-air-quali\/#primaryimage"},"thumbnailUrl":"https:\/\/www.cimentol.com\/wp-content\/uploads\/2021\/09\/VIGNETTE-SOLUDOSE-AIR-QUALI-25cl.png","datePublished":"2021-09-28T01:56:56+00:00","dateModified":"2022-10-13T09:51:09+00:00","breadcrumb":{"@id":"https:\/\/www.cimentol.com\/en\/produit\/soludose-air-quali\/#breadcrumb"},"inLanguage":"en-US","potentialAction":[{"@type":"ReadAction","target":["https:\/\/www.cimentol.com\/en\/produit\/soludose-air-quali\/"]}]},{"@type":"ImageObject","inLanguage":"en-US","@id":"https:\/\/www.cimentol.com\/en\/produit\/soludose-air-quali\/#primaryimage","url":"https:\/\/www.cimentol.com\/wp-content\/uploads\/2021\/09\/VIGNETTE-SOLUDOSE-AIR-QUALI-25cl.png","contentUrl":"https:\/\/www.cimentol.com\/wp-content\/uploads\/2021\/09\/VIGNETTE-SOLUDOSE-AIR-QUALI-25cl.png","width":1485,"height":1485},{"@type":"BreadcrumbList","@id":"https:\/\/www.cimentol.com\/en\/produit\/soludose-air-quali\/#breadcrumb","itemListElement":[{"@type":"ListItem","position":1,"name":"Accueil","item":"https:\/\/www.cimentol.com\/en\/"},{"@type":"ListItem","position":2,"name":"Shop","item":"https:\/\/www.cimentol.com\/en\/shop\/"},{"@type":"ListItem","position":3,"name":"SOLUDOSE AIR QUALI"}]},{"@type":"WebSite","@id":"https:\/\/www.cimentol.com\/en\/#website","url":"https:\/\/www.cimentol.com\/en\/","name":"Cimentol","description":"","publisher":{"@id":"https:\/\/www.cimentol.com\/en\/#organization"},"potentialAction":[{"@type":"SearchAction","target":{"@type":"EntryPoint","urlTemplate":"https:\/\/www.cimentol.com\/en\/?s={search_term_string}"},"query-input":{"@type":"PropertyValueSpecification","valueRequired":true,"valueName":"search_term_string"}}],"inLanguage":"en-US"},{"@type":"Organization","@id":"https:\/\/www.cimentol.com\/en\/#organization","name":"Cimentol","url":"https:\/\/www.cimentol.com\/en\/","logo":{"@type":"ImageObject","inLanguage":"en-US","@id":"https:\/\/www.cimentol.com\/en\/#\/schema\/logo\/image\/","url":"https:\/\/www.cimentol.com\/wp-content\/uploads\/2022\/08\/cimentol-logo.png","contentUrl":"https:\/\/www.cimentol.com\/wp-content\/uploads\/2022\/08\/cimentol-logo.png","width":1181,"height":250,"caption":"Cimentol"},"image":{"@id":"https:\/\/www.cimentol.com\/en\/#\/schema\/logo\/image\/"}}]}},"_links":{"self":[{"href":"https:\/\/www.cimentol.com\/en\/wp-json\/wp\/v2\/product\/798","targetHints":{"allow":["GET"]}}],"collection":[{"href":"https:\/\/www.cimentol.com\/en\/wp-json\/wp\/v2\/product"}],"about":[{"href":"https:\/\/www.cimentol.com\/en\/wp-json\/wp\/v2\/types\/product"}],"wp:featuredmedia":[{"embeddable":true,"href":"https:\/\/www.cimentol.com\/en\/wp-json\/wp\/v2\/media\/4884"}],"wp:attachment":[{"href":"https:\/\/www.cimentol.com\/en\/wp-json\/wp\/v2\/media?parent=798"}],"wp:term":[{"taxonomy":"product_brand","embeddable":true,"href":"https:\/\/www.cimentol.com\/en\/wp-json\/wp\/v2\/product_brand?post=798"},{"taxonomy":"product_cat","embeddable":true,"href":"https:\/\/www.cimentol.com\/en\/wp-json\/wp\/v2\/product_cat?post=798"},{"taxonomy":"product_tag","embeddable":true,"href":"https:\/\/www.cimentol.com\/en\/wp-json\/wp\/v2\/product_tag?post=798"},{"taxonomy":"gamme","embeddable":true,"href":"https:\/\/www.cimentol.com\/en\/wp-json\/wp\/v2\/gamme?post=798"}],"curies":[{"name":"wp","href":"https:\/\/api.w.org\/{rel}","templated":true}]}}