{"id":740,"date":"2021-08-10T18:38:17","date_gmt":"2021-08-10T16:38:17","guid":{"rendered":"https:\/\/www.cimentol.com\/?post_type=product&#038;p=740"},"modified":"2025-12-15T14:36:42","modified_gmt":"2025-12-15T13:36:42","slug":"neper-rust","status":"publish","type":"product","link":"https:\/\/www.cimentol.com\/en\/produit\/neper-rust\/","title":{"rendered":"NEPER RUST"},"content":{"rendered":"<p><em>Caract\u00e9ristiques principales\u00a0:<\/em><\/p>\n<ul>\n<li><strong>Excellente r\u00e9sistance aux chocs et \u00e0 l\u2019abrasion<\/strong><\/li>\n<li><strong>Excellente r\u00e9sistance \u00e0 la corrosion et aux intemp\u00e9ries<\/strong><\/li>\n<li><strong>Etanche<\/strong><\/li>\n<li>Souple \u2013 200% \u00e9lastique \u2013 <strong>se d\u00e9forme avec la structure<\/strong><\/li>\n<li>Phase aqueuse \u2013 sans odeur \u2013 s\u00e9chage rapide<\/li>\n<li>Thixotrope \u2013 application facile au pistolet<\/li>\n<\/ul>\n","protected":false},"excerpt":{"rendered":"<p class=\"p1\">Rev\u00eatement anti corrosif \u00e9tanche pour la protection et la d\u00e9coration des toitures et bardages<\/p>\n","protected":false},"featured_media":812,"template":"","meta":{"_acf_changed":false,"inline_featured_image":false},"product_brand":[],"product_cat":[638,684,688,708,712,694,714,670,666,664,646,38],"product_tag":[],"gamme":[742],"class_list":{"0":"post-740","1":"product","2":"type-product","3":"status-publish","4":"has-post-thumbnail","6":"product_cat-toiture-et-bardage-2","7":"product_cat-exterieur-int-ext-toiture-et-bardage-2","8":"product_cat-a-label-toiture-et-bardage-2","9":"product_cat-anticorrosion-label-toiture-et-bardage-2","10":"product_cat-brouillard-salin-label-toiture-et-bardage-2","11":"product_cat-excell-zone-bleu-label-toiture-et-bardage-2","12":"product_cat-pv-resistance-intemperies-label-toiture-et-bardage-2","13":"product_cat-aqueuse-phase-toiture-et-bardage-2","14":"product_cat-bardage-metallique-pre-laque-ou-brut","15":"product_cat-galva-neuf-et-ancien","16":"product_cat-finition-etanche","17":"product_cat-toiture-et-bardage","18":"gamme-neper","20":"first","21":"instock","22":"shipping-taxable","23":"product-type-simple"},"acf":[],"yoast_head":"<!-- This site is optimized with the Yoast SEO plugin v25.9 - https:\/\/yoast.com\/wordpress\/plugins\/seo\/ -->\n<title>NEPER RUST - Cimentol<\/title>\n<meta name=\"robots\" content=\"index, follow, max-snippet:-1, max-image-preview:large, max-video-preview:-1\" \/>\n<link rel=\"canonical\" href=\"https:\/\/www.cimentol.com\/en\/produit\/neper-rust\/\" \/>\n<meta property=\"og:locale\" content=\"en_US\" \/>\n<meta property=\"og:type\" content=\"article\" \/>\n<meta property=\"og:title\" content=\"NEPER RUST - Cimentol\" \/>\n<meta property=\"og:description\" content=\"Rev\u00eatement anti corrosif \u00e9tanche pour la protection et la d\u00e9coration des toitures et bardages\" \/>\n<meta property=\"og:url\" content=\"https:\/\/www.cimentol.com\/en\/produit\/neper-rust\/\" \/>\n<meta property=\"og:site_name\" content=\"Cimentol\" \/>\n<meta property=\"article:modified_time\" content=\"2025-12-15T13:36:42+00:00\" \/>\n<meta property=\"og:image\" content=\"https:\/\/www.cimentol.com\/wp-content\/uploads\/2021\/08\/VIGNETTE-19-Neper-Rust.png\" \/>\n\t<meta property=\"og:image:width\" content=\"2362\" \/>\n\t<meta property=\"og:image:height\" content=\"2362\" \/>\n\t<meta property=\"og:image:type\" content=\"image\/png\" \/>\n<meta name=\"twitter:card\" content=\"summary_large_image\" \/>\n<meta name=\"twitter:label1\" content=\"Est. reading time\" \/>\n\t<meta name=\"twitter:data1\" content=\"1 minute\" \/>\n<script type=\"application\/ld+json\" class=\"yoast-schema-graph\">{\"@context\":\"https:\/\/schema.org\",\"@graph\":[{\"@type\":\"WebPage\",\"@id\":\"https:\/\/www.cimentol.com\/en\/produit\/neper-rust\/\",\"url\":\"https:\/\/www.cimentol.com\/en\/produit\/neper-rust\/\",\"name\":\"NEPER RUST - Cimentol\",\"isPartOf\":{\"@id\":\"https:\/\/www.cimentol.com\/en\/#website\"},\"primaryImageOfPage\":{\"@id\":\"https:\/\/www.cimentol.com\/en\/produit\/neper-rust\/#primaryimage\"},\"image\":{\"@id\":\"https:\/\/www.cimentol.com\/en\/produit\/neper-rust\/#primaryimage\"},\"thumbnailUrl\":\"https:\/\/www.cimentol.com\/wp-content\/uploads\/2021\/08\/VIGNETTE-19-Neper-Rust.png\",\"datePublished\":\"2021-08-10T16:38:17+00:00\",\"dateModified\":\"2025-12-15T13:36:42+00:00\",\"breadcrumb\":{\"@id\":\"https:\/\/www.cimentol.com\/en\/produit\/neper-rust\/#breadcrumb\"},\"inLanguage\":\"en-US\",\"potentialAction\":[{\"@type\":\"ReadAction\",\"target\":[\"https:\/\/www.cimentol.com\/en\/produit\/neper-rust\/\"]}]},{\"@type\":\"ImageObject\",\"inLanguage\":\"en-US\",\"@id\":\"https:\/\/www.cimentol.com\/en\/produit\/neper-rust\/#primaryimage\",\"url\":\"https:\/\/www.cimentol.com\/wp-content\/uploads\/2021\/08\/VIGNETTE-19-Neper-Rust.png\",\"contentUrl\":\"https:\/\/www.cimentol.com\/wp-content\/uploads\/2021\/08\/VIGNETTE-19-Neper-Rust.png\",\"width\":2362,\"height\":2362,\"caption\":\"Pot de peinture Cimentol Neper Rust\"},{\"@type\":\"BreadcrumbList\",\"@id\":\"https:\/\/www.cimentol.com\/en\/produit\/neper-rust\/#breadcrumb\",\"itemListElement\":[{\"@type\":\"ListItem\",\"position\":1,\"name\":\"Accueil\",\"item\":\"https:\/\/www.cimentol.com\/en\/\"},{\"@type\":\"ListItem\",\"position\":2,\"name\":\"Shop\",\"item\":\"https:\/\/www.cimentol.com\/en\/shop\/\"},{\"@type\":\"ListItem\",\"position\":3,\"name\":\"NEPER RUST\"}]},{\"@type\":\"WebSite\",\"@id\":\"https:\/\/www.cimentol.com\/en\/#website\",\"url\":\"https:\/\/www.cimentol.com\/en\/\",\"name\":\"Cimentol\",\"description\":\"\",\"publisher\":{\"@id\":\"https:\/\/www.cimentol.com\/en\/#organization\"},\"potentialAction\":[{\"@type\":\"SearchAction\",\"target\":{\"@type\":\"EntryPoint\",\"urlTemplate\":\"https:\/\/www.cimentol.com\/en\/?s={search_term_string}\"},\"query-input\":{\"@type\":\"PropertyValueSpecification\",\"valueRequired\":true,\"valueName\":\"search_term_string\"}}],\"inLanguage\":\"en-US\"},{\"@type\":\"Organization\",\"@id\":\"https:\/\/www.cimentol.com\/en\/#organization\",\"name\":\"Cimentol\",\"url\":\"https:\/\/www.cimentol.com\/en\/\",\"logo\":{\"@type\":\"ImageObject\",\"inLanguage\":\"en-US\",\"@id\":\"https:\/\/www.cimentol.com\/en\/#\/schema\/logo\/image\/\",\"url\":\"https:\/\/www.cimentol.com\/wp-content\/uploads\/2022\/08\/cimentol-logo.png\",\"contentUrl\":\"https:\/\/www.cimentol.com\/wp-content\/uploads\/2022\/08\/cimentol-logo.png\",\"width\":1181,\"height\":250,\"caption\":\"Cimentol\"},\"image\":{\"@id\":\"https:\/\/www.cimentol.com\/en\/#\/schema\/logo\/image\/\"}}]}<\/script>\n<!-- \/ Yoast SEO plugin. -->","yoast_head_json":{"title":"NEPER RUST - Cimentol","robots":{"index":"index","follow":"follow","max-snippet":"max-snippet:-1","max-image-preview":"max-image-preview:large","max-video-preview":"max-video-preview:-1"},"canonical":"https:\/\/www.cimentol.com\/en\/produit\/neper-rust\/","og_locale":"en_US","og_type":"article","og_title":"NEPER RUST - Cimentol","og_description":"Rev\u00eatement anti corrosif \u00e9tanche pour la protection et la d\u00e9coration des toitures et bardages","og_url":"https:\/\/www.cimentol.com\/en\/produit\/neper-rust\/","og_site_name":"Cimentol","article_modified_time":"2025-12-15T13:36:42+00:00","og_image":[{"width":2362,"height":2362,"url":"https:\/\/www.cimentol.com\/wp-content\/uploads\/2021\/08\/VIGNETTE-19-Neper-Rust.png","type":"image\/png"}],"twitter_card":"summary_large_image","twitter_misc":{"Est. reading time":"1 minute"},"schema":{"@context":"https:\/\/schema.org","@graph":[{"@type":"WebPage","@id":"https:\/\/www.cimentol.com\/en\/produit\/neper-rust\/","url":"https:\/\/www.cimentol.com\/en\/produit\/neper-rust\/","name":"NEPER RUST - Cimentol","isPartOf":{"@id":"https:\/\/www.cimentol.com\/en\/#website"},"primaryImageOfPage":{"@id":"https:\/\/www.cimentol.com\/en\/produit\/neper-rust\/#primaryimage"},"image":{"@id":"https:\/\/www.cimentol.com\/en\/produit\/neper-rust\/#primaryimage"},"thumbnailUrl":"https:\/\/www.cimentol.com\/wp-content\/uploads\/2021\/08\/VIGNETTE-19-Neper-Rust.png","datePublished":"2021-08-10T16:38:17+00:00","dateModified":"2025-12-15T13:36:42+00:00","breadcrumb":{"@id":"https:\/\/www.cimentol.com\/en\/produit\/neper-rust\/#breadcrumb"},"inLanguage":"en-US","potentialAction":[{"@type":"ReadAction","target":["https:\/\/www.cimentol.com\/en\/produit\/neper-rust\/"]}]},{"@type":"ImageObject","inLanguage":"en-US","@id":"https:\/\/www.cimentol.com\/en\/produit\/neper-rust\/#primaryimage","url":"https:\/\/www.cimentol.com\/wp-content\/uploads\/2021\/08\/VIGNETTE-19-Neper-Rust.png","contentUrl":"https:\/\/www.cimentol.com\/wp-content\/uploads\/2021\/08\/VIGNETTE-19-Neper-Rust.png","width":2362,"height":2362,"caption":"Pot de peinture Cimentol Neper Rust"},{"@type":"BreadcrumbList","@id":"https:\/\/www.cimentol.com\/en\/produit\/neper-rust\/#breadcrumb","itemListElement":[{"@type":"ListItem","position":1,"name":"Accueil","item":"https:\/\/www.cimentol.com\/en\/"},{"@type":"ListItem","position":2,"name":"Shop","item":"https:\/\/www.cimentol.com\/en\/shop\/"},{"@type":"ListItem","position":3,"name":"NEPER RUST"}]},{"@type":"WebSite","@id":"https:\/\/www.cimentol.com\/en\/#website","url":"https:\/\/www.cimentol.com\/en\/","name":"Cimentol","description":"","publisher":{"@id":"https:\/\/www.cimentol.com\/en\/#organization"},"potentialAction":[{"@type":"SearchAction","target":{"@type":"EntryPoint","urlTemplate":"https:\/\/www.cimentol.com\/en\/?s={search_term_string}"},"query-input":{"@type":"PropertyValueSpecification","valueRequired":true,"valueName":"search_term_string"}}],"inLanguage":"en-US"},{"@type":"Organization","@id":"https:\/\/www.cimentol.com\/en\/#organization","name":"Cimentol","url":"https:\/\/www.cimentol.com\/en\/","logo":{"@type":"ImageObject","inLanguage":"en-US","@id":"https:\/\/www.cimentol.com\/en\/#\/schema\/logo\/image\/","url":"https:\/\/www.cimentol.com\/wp-content\/uploads\/2022\/08\/cimentol-logo.png","contentUrl":"https:\/\/www.cimentol.com\/wp-content\/uploads\/2022\/08\/cimentol-logo.png","width":1181,"height":250,"caption":"Cimentol"},"image":{"@id":"https:\/\/www.cimentol.com\/en\/#\/schema\/logo\/image\/"}}]}},"_links":{"self":[{"href":"https:\/\/www.cimentol.com\/en\/wp-json\/wp\/v2\/product\/740","targetHints":{"allow":["GET"]}}],"collection":[{"href":"https:\/\/www.cimentol.com\/en\/wp-json\/wp\/v2\/product"}],"about":[{"href":"https:\/\/www.cimentol.com\/en\/wp-json\/wp\/v2\/types\/product"}],"wp:featuredmedia":[{"embeddable":true,"href":"https:\/\/www.cimentol.com\/en\/wp-json\/wp\/v2\/media\/812"}],"wp:attachment":[{"href":"https:\/\/www.cimentol.com\/en\/wp-json\/wp\/v2\/media?parent=740"}],"wp:term":[{"taxonomy":"product_brand","embeddable":true,"href":"https:\/\/www.cimentol.com\/en\/wp-json\/wp\/v2\/product_brand?post=740"},{"taxonomy":"product_cat","embeddable":true,"href":"https:\/\/www.cimentol.com\/en\/wp-json\/wp\/v2\/product_cat?post=740"},{"taxonomy":"product_tag","embeddable":true,"href":"https:\/\/www.cimentol.com\/en\/wp-json\/wp\/v2\/product_tag?post=740"},{"taxonomy":"gamme","embeddable":true,"href":"https:\/\/www.cimentol.com\/en\/wp-json\/wp\/v2\/gamme?post=740"}],"curies":[{"name":"wp","href":"https:\/\/api.w.org\/{rel}","templated":true}]}}