{"id":5408,"date":"2022-03-25T15:15:32","date_gmt":"2022-03-25T14:15:32","guid":{"rendered":"https:\/\/www.cimentol.com\/?post_type=product&#038;p=5408"},"modified":"2022-09-02T11:46:49","modified_gmt":"2022-09-02T09:46:49","slug":"decopox-cire-metalisante","status":"publish","type":"product","link":"https:\/\/www.cimentol.com\/en\/produit\/decopox-cire-metalisante\/","title":{"rendered":"DECOPOX CIRE METALISANTE"},"content":{"rendered":"<p><em>Caract\u00e9ristiques principales\u00a0:<\/em><\/p>\n<ul>\n<li><strong>Feuille particuli\u00e8rement r\u00e9sistante \u00e0 l\u2019usure, prot\u00e8ge des salissures et rayures<\/strong><\/li>\n<li>Haut pouvoir de brillant<\/li>\n<li>Pouvoir antid\u00e9rapant<\/li>\n<li>Aspects esth\u00e9tiques\u00a0: Mat \/ Satin \/ Brillant<\/li>\n<li>Diminution des frais de maintenance<\/li>\n<li>Enrichie en ions m\u00e9talliques\u00a0: filmog\u00e8nes et protecteur, imperm\u00e9able<\/li>\n<\/ul>\n","protected":false},"excerpt":{"rendered":"<p>Caract\u00e9ristiques principales\u00a0: Feuille particuli\u00e8rement r\u00e9sistante \u00e0 l\u2019usure, prot\u00e8ge des salissures [&hellip;]<\/p>\n","protected":false},"featured_media":5832,"template":"","meta":{"_acf_changed":false,"inline_featured_image":false},"product_brand":[],"product_cat":[1788,1526,1564,1570,1578,48],"product_tag":[],"gamme":[85],"class_list":{"0":"post-5408","1":"product","2":"type-product","3":"status-publish","4":"has-post-thumbnail","6":"product_cat-revetement-type-beton-cire","7":"product_cat-peinture-et-vernis-decoratifs","8":"product_cat-interieur-int-ext-peinture-et-vernis-decoratifs","9":"product_cat-aqueuse-phase-peinture-et-vernis-decoratifs","10":"product_cat-finition-tous-produits-peinture-et-vernis-decoratifs","11":"product_cat-peintures-et-vernis-decoratifs","12":"gamme-decopox","14":"first","15":"instock","16":"shipping-taxable","17":"product-type-simple"},"acf":[],"yoast_head":"<!-- This site is optimized with the Yoast SEO plugin v25.9 - https:\/\/yoast.com\/wordpress\/plugins\/seo\/ -->\n<title>DECOPOX CIRE METALISANTE - Cimentol<\/title>\n<meta name=\"robots\" content=\"index, follow, max-snippet:-1, max-image-preview:large, max-video-preview:-1\" \/>\n<link rel=\"canonical\" href=\"https:\/\/www.cimentol.com\/en\/produit\/decopox-cire-metalisante\/\" \/>\n<meta property=\"og:locale\" content=\"en_US\" \/>\n<meta property=\"og:type\" content=\"article\" \/>\n<meta property=\"og:title\" content=\"DECOPOX CIRE METALISANTE - Cimentol\" \/>\n<meta property=\"og:description\" content=\"Caract\u00e9ristiques principales\u00a0: Feuille particuli\u00e8rement r\u00e9sistante \u00e0 l\u2019usure, prot\u00e8ge des salissures [&hellip;]\" \/>\n<meta property=\"og:url\" content=\"https:\/\/www.cimentol.com\/en\/produit\/decopox-cire-metalisante\/\" \/>\n<meta property=\"og:site_name\" content=\"Cimentol\" \/>\n<meta property=\"article:modified_time\" content=\"2022-09-02T09:46:49+00:00\" \/>\n<meta property=\"og:image\" content=\"https:\/\/www.cimentol.com\/wp-content\/uploads\/2022\/03\/VIGNETTE-DECOPOX-CIRE-1L.jpg\" \/>\n\t<meta property=\"og:image:width\" content=\"2362\" \/>\n\t<meta property=\"og:image:height\" content=\"2362\" \/>\n\t<meta property=\"og:image:type\" content=\"image\/jpeg\" \/>\n<meta name=\"twitter:card\" content=\"summary_large_image\" \/>\n<meta name=\"twitter:label1\" content=\"Est. reading time\" \/>\n\t<meta name=\"twitter:data1\" content=\"1 minute\" \/>\n<script type=\"application\/ld+json\" class=\"yoast-schema-graph\">{\"@context\":\"https:\/\/schema.org\",\"@graph\":[{\"@type\":\"WebPage\",\"@id\":\"https:\/\/www.cimentol.com\/en\/produit\/decopox-cire-metalisante\/\",\"url\":\"https:\/\/www.cimentol.com\/en\/produit\/decopox-cire-metalisante\/\",\"name\":\"DECOPOX CIRE METALISANTE - Cimentol\",\"isPartOf\":{\"@id\":\"https:\/\/www.cimentol.com\/en\/#website\"},\"primaryImageOfPage\":{\"@id\":\"https:\/\/www.cimentol.com\/en\/produit\/decopox-cire-metalisante\/#primaryimage\"},\"image\":{\"@id\":\"https:\/\/www.cimentol.com\/en\/produit\/decopox-cire-metalisante\/#primaryimage\"},\"thumbnailUrl\":\"https:\/\/www.cimentol.com\/wp-content\/uploads\/2022\/03\/VIGNETTE-DECOPOX-CIRE-1L.jpg\",\"datePublished\":\"2022-03-25T14:15:32+00:00\",\"dateModified\":\"2022-09-02T09:46:49+00:00\",\"breadcrumb\":{\"@id\":\"https:\/\/www.cimentol.com\/en\/produit\/decopox-cire-metalisante\/#breadcrumb\"},\"inLanguage\":\"en-US\",\"potentialAction\":[{\"@type\":\"ReadAction\",\"target\":[\"https:\/\/www.cimentol.com\/en\/produit\/decopox-cire-metalisante\/\"]}]},{\"@type\":\"ImageObject\",\"inLanguage\":\"en-US\",\"@id\":\"https:\/\/www.cimentol.com\/en\/produit\/decopox-cire-metalisante\/#primaryimage\",\"url\":\"https:\/\/www.cimentol.com\/wp-content\/uploads\/2022\/03\/VIGNETTE-DECOPOX-CIRE-1L.jpg\",\"contentUrl\":\"https:\/\/www.cimentol.com\/wp-content\/uploads\/2022\/03\/VIGNETTE-DECOPOX-CIRE-1L.jpg\",\"width\":2362,\"height\":2362},{\"@type\":\"BreadcrumbList\",\"@id\":\"https:\/\/www.cimentol.com\/en\/produit\/decopox-cire-metalisante\/#breadcrumb\",\"itemListElement\":[{\"@type\":\"ListItem\",\"position\":1,\"name\":\"Accueil\",\"item\":\"https:\/\/www.cimentol.com\/en\/\"},{\"@type\":\"ListItem\",\"position\":2,\"name\":\"Shop\",\"item\":\"https:\/\/www.cimentol.com\/en\/shop\/\"},{\"@type\":\"ListItem\",\"position\":3,\"name\":\"DECOPOX CIRE METALISANTE\"}]},{\"@type\":\"WebSite\",\"@id\":\"https:\/\/www.cimentol.com\/en\/#website\",\"url\":\"https:\/\/www.cimentol.com\/en\/\",\"name\":\"Cimentol\",\"description\":\"\",\"publisher\":{\"@id\":\"https:\/\/www.cimentol.com\/en\/#organization\"},\"potentialAction\":[{\"@type\":\"SearchAction\",\"target\":{\"@type\":\"EntryPoint\",\"urlTemplate\":\"https:\/\/www.cimentol.com\/en\/?s={search_term_string}\"},\"query-input\":{\"@type\":\"PropertyValueSpecification\",\"valueRequired\":true,\"valueName\":\"search_term_string\"}}],\"inLanguage\":\"en-US\"},{\"@type\":\"Organization\",\"@id\":\"https:\/\/www.cimentol.com\/en\/#organization\",\"name\":\"Cimentol\",\"url\":\"https:\/\/www.cimentol.com\/en\/\",\"logo\":{\"@type\":\"ImageObject\",\"inLanguage\":\"en-US\",\"@id\":\"https:\/\/www.cimentol.com\/en\/#\/schema\/logo\/image\/\",\"url\":\"https:\/\/www.cimentol.com\/wp-content\/uploads\/2022\/08\/cimentol-logo.png\",\"contentUrl\":\"https:\/\/www.cimentol.com\/wp-content\/uploads\/2022\/08\/cimentol-logo.png\",\"width\":1181,\"height\":250,\"caption\":\"Cimentol\"},\"image\":{\"@id\":\"https:\/\/www.cimentol.com\/en\/#\/schema\/logo\/image\/\"}}]}<\/script>\n<!-- \/ Yoast SEO plugin. -->","yoast_head_json":{"title":"DECOPOX CIRE METALISANTE - Cimentol","robots":{"index":"index","follow":"follow","max-snippet":"max-snippet:-1","max-image-preview":"max-image-preview:large","max-video-preview":"max-video-preview:-1"},"canonical":"https:\/\/www.cimentol.com\/en\/produit\/decopox-cire-metalisante\/","og_locale":"en_US","og_type":"article","og_title":"DECOPOX CIRE METALISANTE - Cimentol","og_description":"Caract\u00e9ristiques principales\u00a0: Feuille particuli\u00e8rement r\u00e9sistante \u00e0 l\u2019usure, prot\u00e8ge des salissures [&hellip;]","og_url":"https:\/\/www.cimentol.com\/en\/produit\/decopox-cire-metalisante\/","og_site_name":"Cimentol","article_modified_time":"2022-09-02T09:46:49+00:00","og_image":[{"width":2362,"height":2362,"url":"https:\/\/www.cimentol.com\/wp-content\/uploads\/2022\/03\/VIGNETTE-DECOPOX-CIRE-1L.jpg","type":"image\/jpeg"}],"twitter_card":"summary_large_image","twitter_misc":{"Est. reading time":"1 minute"},"schema":{"@context":"https:\/\/schema.org","@graph":[{"@type":"WebPage","@id":"https:\/\/www.cimentol.com\/en\/produit\/decopox-cire-metalisante\/","url":"https:\/\/www.cimentol.com\/en\/produit\/decopox-cire-metalisante\/","name":"DECOPOX CIRE METALISANTE - Cimentol","isPartOf":{"@id":"https:\/\/www.cimentol.com\/en\/#website"},"primaryImageOfPage":{"@id":"https:\/\/www.cimentol.com\/en\/produit\/decopox-cire-metalisante\/#primaryimage"},"image":{"@id":"https:\/\/www.cimentol.com\/en\/produit\/decopox-cire-metalisante\/#primaryimage"},"thumbnailUrl":"https:\/\/www.cimentol.com\/wp-content\/uploads\/2022\/03\/VIGNETTE-DECOPOX-CIRE-1L.jpg","datePublished":"2022-03-25T14:15:32+00:00","dateModified":"2022-09-02T09:46:49+00:00","breadcrumb":{"@id":"https:\/\/www.cimentol.com\/en\/produit\/decopox-cire-metalisante\/#breadcrumb"},"inLanguage":"en-US","potentialAction":[{"@type":"ReadAction","target":["https:\/\/www.cimentol.com\/en\/produit\/decopox-cire-metalisante\/"]}]},{"@type":"ImageObject","inLanguage":"en-US","@id":"https:\/\/www.cimentol.com\/en\/produit\/decopox-cire-metalisante\/#primaryimage","url":"https:\/\/www.cimentol.com\/wp-content\/uploads\/2022\/03\/VIGNETTE-DECOPOX-CIRE-1L.jpg","contentUrl":"https:\/\/www.cimentol.com\/wp-content\/uploads\/2022\/03\/VIGNETTE-DECOPOX-CIRE-1L.jpg","width":2362,"height":2362},{"@type":"BreadcrumbList","@id":"https:\/\/www.cimentol.com\/en\/produit\/decopox-cire-metalisante\/#breadcrumb","itemListElement":[{"@type":"ListItem","position":1,"name":"Accueil","item":"https:\/\/www.cimentol.com\/en\/"},{"@type":"ListItem","position":2,"name":"Shop","item":"https:\/\/www.cimentol.com\/en\/shop\/"},{"@type":"ListItem","position":3,"name":"DECOPOX CIRE METALISANTE"}]},{"@type":"WebSite","@id":"https:\/\/www.cimentol.com\/en\/#website","url":"https:\/\/www.cimentol.com\/en\/","name":"Cimentol","description":"","publisher":{"@id":"https:\/\/www.cimentol.com\/en\/#organization"},"potentialAction":[{"@type":"SearchAction","target":{"@type":"EntryPoint","urlTemplate":"https:\/\/www.cimentol.com\/en\/?s={search_term_string}"},"query-input":{"@type":"PropertyValueSpecification","valueRequired":true,"valueName":"search_term_string"}}],"inLanguage":"en-US"},{"@type":"Organization","@id":"https:\/\/www.cimentol.com\/en\/#organization","name":"Cimentol","url":"https:\/\/www.cimentol.com\/en\/","logo":{"@type":"ImageObject","inLanguage":"en-US","@id":"https:\/\/www.cimentol.com\/en\/#\/schema\/logo\/image\/","url":"https:\/\/www.cimentol.com\/wp-content\/uploads\/2022\/08\/cimentol-logo.png","contentUrl":"https:\/\/www.cimentol.com\/wp-content\/uploads\/2022\/08\/cimentol-logo.png","width":1181,"height":250,"caption":"Cimentol"},"image":{"@id":"https:\/\/www.cimentol.com\/en\/#\/schema\/logo\/image\/"}}]}},"_links":{"self":[{"href":"https:\/\/www.cimentol.com\/en\/wp-json\/wp\/v2\/product\/5408","targetHints":{"allow":["GET"]}}],"collection":[{"href":"https:\/\/www.cimentol.com\/en\/wp-json\/wp\/v2\/product"}],"about":[{"href":"https:\/\/www.cimentol.com\/en\/wp-json\/wp\/v2\/types\/product"}],"wp:featuredmedia":[{"embeddable":true,"href":"https:\/\/www.cimentol.com\/en\/wp-json\/wp\/v2\/media\/5832"}],"wp:attachment":[{"href":"https:\/\/www.cimentol.com\/en\/wp-json\/wp\/v2\/media?parent=5408"}],"wp:term":[{"taxonomy":"product_brand","embeddable":true,"href":"https:\/\/www.cimentol.com\/en\/wp-json\/wp\/v2\/product_brand?post=5408"},{"taxonomy":"product_cat","embeddable":true,"href":"https:\/\/www.cimentol.com\/en\/wp-json\/wp\/v2\/product_cat?post=5408"},{"taxonomy":"product_tag","embeddable":true,"href":"https:\/\/www.cimentol.com\/en\/wp-json\/wp\/v2\/product_tag?post=5408"},{"taxonomy":"gamme","embeddable":true,"href":"https:\/\/www.cimentol.com\/en\/wp-json\/wp\/v2\/gamme?post=5408"}],"curies":[{"name":"wp","href":"https:\/\/api.w.org\/{rel}","templated":true}]}}