{"id":5346,"date":"2022-03-24T10:59:46","date_gmt":"2022-03-24T09:59:46","guid":{"rendered":"https:\/\/www.cimentol.com\/?post_type=product&#038;p=5346"},"modified":"2024-12-20T10:05:17","modified_gmt":"2024-12-20T09:05:17","slug":"nexocryl-velours","status":"publish","type":"product","link":"https:\/\/www.cimentol.com\/en\/produit\/nexocryl-velours\/","title":{"rendered":"NEXOCRYL VELOURS"},"content":{"rendered":"<p><em>Caract\u00e9ristiques principales\u00a0:<\/em><\/p>\n<ul>\n<li><strong>Bon pouvoir opacifiant et garnissant<\/strong><\/li>\n<li>Tr\u00e8s grande blancheur<\/li>\n<li>Int\u00e9rieur\u00a0<\/li>\n<li>S\u00e9chage rapide\u00a0: mise \u00e0 disposition rapide des locaux trait\u00e9s<\/li>\n<li>Application m\u00e9canis\u00e9e facile<\/li>\n<li>Lavable<\/li>\n<li>Fonction <strong>AIR QUALI<\/strong> (par addition de la soludose Air Quali) qui capte et d\u00e9truit les polluants int\u00e9rieurs tels que formald\u00e9hydes, hexald\u00e9hydes et ac\u00e9tald\u00e9hydes<\/li>\n<\/ul>\n","protected":false},"excerpt":{"rendered":"<p><strong>PEINTURE DE FINITION VELOURS ACRYLIQUE\u00a0<\/strong><strong>POUR TRAVAUX COURANTS ET SOIGNES D\u2019INTERIEUR<\/strong><\/p>\n","protected":false},"featured_media":11933,"template":"","meta":{"_acf_changed":false,"inline_featured_image":false},"product_brand":[],"product_cat":[1783,1488,1496,1492,1494,1508,1514,1518,1554,1546,1538,1542,1564,1570,1578,48,54],"product_tag":[],"gamme":[752],"class_list":{"0":"post-5346","1":"product","2":"type-product","3":"status-publish","4":"has-post-thumbnail","6":"product_cat-application-mixte","7":"product_cat-grands-chantiers-2","8":"product_cat-a-environnement-grands-chantiers-2","9":"product_cat-faible-cov-2gr-environnement-grands-chantiers-2","10":"product_cat-leed-breeam-environnement-grands-chantiers-2","11":"product_cat-interieur-int-ext-grands-chantiers-2","12":"product_cat-aqueuse-phase-grands-chantiers-2","13":"product_cat-finition-tous-produits-grands-chantiers-2","14":"product_cat-velours-aspect-peinture-et-vernis-decoratifs","15":"product_cat-a-environnement-peinture-et-vernis-decoratifs","16":"product_cat-faible-cov-2gr-environnement-peinture-et-vernis-decoratifs","17":"product_cat-leed-breeam-environnement-peinture-et-vernis-decoratifs","18":"product_cat-interieur-int-ext-peinture-et-vernis-decoratifs","19":"product_cat-aqueuse-phase-peinture-et-vernis-decoratifs","20":"product_cat-finition-tous-produits-peinture-et-vernis-decoratifs","21":"product_cat-peintures-et-vernis-decoratifs","22":"product_cat-grands-chantiers","23":"gamme-nexocryl","25":"first","26":"instock","27":"shipping-taxable","28":"product-type-simple"},"acf":[],"yoast_head":"<!-- This site is optimized with the Yoast SEO plugin v25.9 - https:\/\/yoast.com\/wordpress\/plugins\/seo\/ -->\n<title>NEXOCRYL VELOURS - Cimentol<\/title>\n<meta name=\"robots\" content=\"index, follow, max-snippet:-1, max-image-preview:large, max-video-preview:-1\" \/>\n<link rel=\"canonical\" href=\"https:\/\/www.cimentol.com\/en\/produit\/nexocryl-velours\/\" \/>\n<meta property=\"og:locale\" content=\"en_US\" \/>\n<meta property=\"og:type\" content=\"article\" \/>\n<meta property=\"og:title\" content=\"NEXOCRYL VELOURS - Cimentol\" \/>\n<meta property=\"og:description\" content=\"PEINTURE DE FINITION VELOURS ACRYLIQUE\u00a0POUR TRAVAUX COURANTS ET SOIGNES D\u2019INTERIEUR\" \/>\n<meta property=\"og:url\" content=\"https:\/\/www.cimentol.com\/en\/produit\/nexocryl-velours\/\" \/>\n<meta property=\"og:site_name\" content=\"Cimentol\" \/>\n<meta property=\"article:modified_time\" content=\"2024-12-20T09:05:17+00:00\" \/>\n<meta property=\"og:image\" content=\"https:\/\/www.cimentol.com\/wp-content\/uploads\/2024\/12\/VIGNETTE-NEXOCRYL-VELOURS-20k-2023-DET.png\" \/>\n\t<meta property=\"og:image:width\" content=\"1458\" \/>\n\t<meta property=\"og:image:height\" content=\"1460\" \/>\n\t<meta property=\"og:image:type\" content=\"image\/png\" \/>\n<meta name=\"twitter:card\" content=\"summary_large_image\" \/>\n<meta name=\"twitter:label1\" content=\"Est. reading time\" \/>\n\t<meta name=\"twitter:data1\" content=\"1 minute\" \/>\n<script type=\"application\/ld+json\" class=\"yoast-schema-graph\">{\"@context\":\"https:\/\/schema.org\",\"@graph\":[{\"@type\":\"WebPage\",\"@id\":\"https:\/\/www.cimentol.com\/en\/produit\/nexocryl-velours\/\",\"url\":\"https:\/\/www.cimentol.com\/en\/produit\/nexocryl-velours\/\",\"name\":\"NEXOCRYL VELOURS - Cimentol\",\"isPartOf\":{\"@id\":\"https:\/\/www.cimentol.com\/en\/#website\"},\"primaryImageOfPage\":{\"@id\":\"https:\/\/www.cimentol.com\/en\/produit\/nexocryl-velours\/#primaryimage\"},\"image\":{\"@id\":\"https:\/\/www.cimentol.com\/en\/produit\/nexocryl-velours\/#primaryimage\"},\"thumbnailUrl\":\"https:\/\/www.cimentol.com\/wp-content\/uploads\/2024\/12\/VIGNETTE-NEXOCRYL-VELOURS-20k-2023-DET.png\",\"datePublished\":\"2022-03-24T09:59:46+00:00\",\"dateModified\":\"2024-12-20T09:05:17+00:00\",\"breadcrumb\":{\"@id\":\"https:\/\/www.cimentol.com\/en\/produit\/nexocryl-velours\/#breadcrumb\"},\"inLanguage\":\"en-US\",\"potentialAction\":[{\"@type\":\"ReadAction\",\"target\":[\"https:\/\/www.cimentol.com\/en\/produit\/nexocryl-velours\/\"]}]},{\"@type\":\"ImageObject\",\"inLanguage\":\"en-US\",\"@id\":\"https:\/\/www.cimentol.com\/en\/produit\/nexocryl-velours\/#primaryimage\",\"url\":\"https:\/\/www.cimentol.com\/wp-content\/uploads\/2024\/12\/VIGNETTE-NEXOCRYL-VELOURS-20k-2023-DET.png\",\"contentUrl\":\"https:\/\/www.cimentol.com\/wp-content\/uploads\/2024\/12\/VIGNETTE-NEXOCRYL-VELOURS-20k-2023-DET.png\",\"width\":1458,\"height\":1460},{\"@type\":\"BreadcrumbList\",\"@id\":\"https:\/\/www.cimentol.com\/en\/produit\/nexocryl-velours\/#breadcrumb\",\"itemListElement\":[{\"@type\":\"ListItem\",\"position\":1,\"name\":\"Accueil\",\"item\":\"https:\/\/www.cimentol.com\/en\/\"},{\"@type\":\"ListItem\",\"position\":2,\"name\":\"Shop\",\"item\":\"https:\/\/www.cimentol.com\/en\/shop\/\"},{\"@type\":\"ListItem\",\"position\":3,\"name\":\"NEXOCRYL VELOURS\"}]},{\"@type\":\"WebSite\",\"@id\":\"https:\/\/www.cimentol.com\/en\/#website\",\"url\":\"https:\/\/www.cimentol.com\/en\/\",\"name\":\"Cimentol\",\"description\":\"\",\"publisher\":{\"@id\":\"https:\/\/www.cimentol.com\/en\/#organization\"},\"potentialAction\":[{\"@type\":\"SearchAction\",\"target\":{\"@type\":\"EntryPoint\",\"urlTemplate\":\"https:\/\/www.cimentol.com\/en\/?s={search_term_string}\"},\"query-input\":{\"@type\":\"PropertyValueSpecification\",\"valueRequired\":true,\"valueName\":\"search_term_string\"}}],\"inLanguage\":\"en-US\"},{\"@type\":\"Organization\",\"@id\":\"https:\/\/www.cimentol.com\/en\/#organization\",\"name\":\"Cimentol\",\"url\":\"https:\/\/www.cimentol.com\/en\/\",\"logo\":{\"@type\":\"ImageObject\",\"inLanguage\":\"en-US\",\"@id\":\"https:\/\/www.cimentol.com\/en\/#\/schema\/logo\/image\/\",\"url\":\"https:\/\/www.cimentol.com\/wp-content\/uploads\/2022\/08\/cimentol-logo.png\",\"contentUrl\":\"https:\/\/www.cimentol.com\/wp-content\/uploads\/2022\/08\/cimentol-logo.png\",\"width\":1181,\"height\":250,\"caption\":\"Cimentol\"},\"image\":{\"@id\":\"https:\/\/www.cimentol.com\/en\/#\/schema\/logo\/image\/\"}}]}<\/script>\n<!-- \/ Yoast SEO plugin. -->","yoast_head_json":{"title":"NEXOCRYL VELOURS - Cimentol","robots":{"index":"index","follow":"follow","max-snippet":"max-snippet:-1","max-image-preview":"max-image-preview:large","max-video-preview":"max-video-preview:-1"},"canonical":"https:\/\/www.cimentol.com\/en\/produit\/nexocryl-velours\/","og_locale":"en_US","og_type":"article","og_title":"NEXOCRYL VELOURS - Cimentol","og_description":"PEINTURE DE FINITION VELOURS ACRYLIQUE\u00a0POUR TRAVAUX COURANTS ET SOIGNES D\u2019INTERIEUR","og_url":"https:\/\/www.cimentol.com\/en\/produit\/nexocryl-velours\/","og_site_name":"Cimentol","article_modified_time":"2024-12-20T09:05:17+00:00","og_image":[{"width":1458,"height":1460,"url":"https:\/\/www.cimentol.com\/wp-content\/uploads\/2024\/12\/VIGNETTE-NEXOCRYL-VELOURS-20k-2023-DET.png","type":"image\/png"}],"twitter_card":"summary_large_image","twitter_misc":{"Est. reading time":"1 minute"},"schema":{"@context":"https:\/\/schema.org","@graph":[{"@type":"WebPage","@id":"https:\/\/www.cimentol.com\/en\/produit\/nexocryl-velours\/","url":"https:\/\/www.cimentol.com\/en\/produit\/nexocryl-velours\/","name":"NEXOCRYL VELOURS - Cimentol","isPartOf":{"@id":"https:\/\/www.cimentol.com\/en\/#website"},"primaryImageOfPage":{"@id":"https:\/\/www.cimentol.com\/en\/produit\/nexocryl-velours\/#primaryimage"},"image":{"@id":"https:\/\/www.cimentol.com\/en\/produit\/nexocryl-velours\/#primaryimage"},"thumbnailUrl":"https:\/\/www.cimentol.com\/wp-content\/uploads\/2024\/12\/VIGNETTE-NEXOCRYL-VELOURS-20k-2023-DET.png","datePublished":"2022-03-24T09:59:46+00:00","dateModified":"2024-12-20T09:05:17+00:00","breadcrumb":{"@id":"https:\/\/www.cimentol.com\/en\/produit\/nexocryl-velours\/#breadcrumb"},"inLanguage":"en-US","potentialAction":[{"@type":"ReadAction","target":["https:\/\/www.cimentol.com\/en\/produit\/nexocryl-velours\/"]}]},{"@type":"ImageObject","inLanguage":"en-US","@id":"https:\/\/www.cimentol.com\/en\/produit\/nexocryl-velours\/#primaryimage","url":"https:\/\/www.cimentol.com\/wp-content\/uploads\/2024\/12\/VIGNETTE-NEXOCRYL-VELOURS-20k-2023-DET.png","contentUrl":"https:\/\/www.cimentol.com\/wp-content\/uploads\/2024\/12\/VIGNETTE-NEXOCRYL-VELOURS-20k-2023-DET.png","width":1458,"height":1460},{"@type":"BreadcrumbList","@id":"https:\/\/www.cimentol.com\/en\/produit\/nexocryl-velours\/#breadcrumb","itemListElement":[{"@type":"ListItem","position":1,"name":"Accueil","item":"https:\/\/www.cimentol.com\/en\/"},{"@type":"ListItem","position":2,"name":"Shop","item":"https:\/\/www.cimentol.com\/en\/shop\/"},{"@type":"ListItem","position":3,"name":"NEXOCRYL VELOURS"}]},{"@type":"WebSite","@id":"https:\/\/www.cimentol.com\/en\/#website","url":"https:\/\/www.cimentol.com\/en\/","name":"Cimentol","description":"","publisher":{"@id":"https:\/\/www.cimentol.com\/en\/#organization"},"potentialAction":[{"@type":"SearchAction","target":{"@type":"EntryPoint","urlTemplate":"https:\/\/www.cimentol.com\/en\/?s={search_term_string}"},"query-input":{"@type":"PropertyValueSpecification","valueRequired":true,"valueName":"search_term_string"}}],"inLanguage":"en-US"},{"@type":"Organization","@id":"https:\/\/www.cimentol.com\/en\/#organization","name":"Cimentol","url":"https:\/\/www.cimentol.com\/en\/","logo":{"@type":"ImageObject","inLanguage":"en-US","@id":"https:\/\/www.cimentol.com\/en\/#\/schema\/logo\/image\/","url":"https:\/\/www.cimentol.com\/wp-content\/uploads\/2022\/08\/cimentol-logo.png","contentUrl":"https:\/\/www.cimentol.com\/wp-content\/uploads\/2022\/08\/cimentol-logo.png","width":1181,"height":250,"caption":"Cimentol"},"image":{"@id":"https:\/\/www.cimentol.com\/en\/#\/schema\/logo\/image\/"}}]}},"_links":{"self":[{"href":"https:\/\/www.cimentol.com\/en\/wp-json\/wp\/v2\/product\/5346","targetHints":{"allow":["GET"]}}],"collection":[{"href":"https:\/\/www.cimentol.com\/en\/wp-json\/wp\/v2\/product"}],"about":[{"href":"https:\/\/www.cimentol.com\/en\/wp-json\/wp\/v2\/types\/product"}],"wp:featuredmedia":[{"embeddable":true,"href":"https:\/\/www.cimentol.com\/en\/wp-json\/wp\/v2\/media\/11933"}],"wp:attachment":[{"href":"https:\/\/www.cimentol.com\/en\/wp-json\/wp\/v2\/media?parent=5346"}],"wp:term":[{"taxonomy":"product_brand","embeddable":true,"href":"https:\/\/www.cimentol.com\/en\/wp-json\/wp\/v2\/product_brand?post=5346"},{"taxonomy":"product_cat","embeddable":true,"href":"https:\/\/www.cimentol.com\/en\/wp-json\/wp\/v2\/product_cat?post=5346"},{"taxonomy":"product_tag","embeddable":true,"href":"https:\/\/www.cimentol.com\/en\/wp-json\/wp\/v2\/product_tag?post=5346"},{"taxonomy":"gamme","embeddable":true,"href":"https:\/\/www.cimentol.com\/en\/wp-json\/wp\/v2\/gamme?post=5346"}],"curies":[{"name":"wp","href":"https:\/\/api.w.org\/{rel}","templated":true}]}}