{"id":5344,"date":"2022-03-24T10:06:34","date_gmt":"2022-03-24T09:06:34","guid":{"rendered":"https:\/\/www.cimentol.com\/?post_type=product&#038;p=5344"},"modified":"2022-10-12T09:51:26","modified_gmt":"2022-10-12T07:51:26","slug":"nexocryl-primer","status":"publish","type":"product","link":"https:\/\/www.cimentol.com\/en\/produit\/nexocryl-primer\/","title":{"rendered":"NEXOCRYL PRIMER"},"content":{"rendered":"<p><em>Caract\u00e9ristiques principales\u00a0:<\/em><\/p>\n<ul>\n<li><strong>Fort pouvoir d\u2019adh\u00e9rence tous supports<\/strong><\/li>\n<li>Sous couche tr\u00e8s opacifiante<\/li>\n<li>Faible odeur<\/li>\n<li>S\u00e9chage rapide\u00a0: mise \u00e0 disposition rapide des locaux trait\u00e9s<\/li>\n<li>Application m\u00e9canis\u00e9e facile<\/li>\n<li>Pr\u00eate \u00e0 l\u2019emploi<\/li>\n<li>Fonction AIR QUALI (par addition de la soludose Air Quali) qui capte et d\u00e9truit les polluants int\u00e9rieurs tels que formald\u00e9hydes, hexald\u00e9hydes et ac\u00e9tald\u00e9hydes<\/li>\n<\/ul>\n","protected":false},"excerpt":{"rendered":"<p><strong>IMPRESSION SOUS COUCHE ACRYLIQUE TRES OPACIFIANTE POUR GRAND CHANTIER D\u2019INTERIEUR<\/strong><\/p>\n","protected":false},"featured_media":0,"template":"","meta":{"_acf_changed":false,"inline_featured_image":false},"product_brand":[],"product_cat":[1783,1488,1496,1492,1494,1508,1514,1520,1542,1582,48,54],"product_tag":[],"gamme":[752],"class_list":{"0":"post-5344","1":"product","2":"type-product","3":"status-publish","5":"product_cat-application-mixte","6":"product_cat-grands-chantiers-2","7":"product_cat-a-environnement-grands-chantiers-2","8":"product_cat-faible-cov-2gr-environnement-grands-chantiers-2","9":"product_cat-leed-breeam-environnement-grands-chantiers-2","10":"product_cat-interieur-int-ext-grands-chantiers-2","11":"product_cat-aqueuse-phase-grands-chantiers-2","12":"product_cat-impression-et-sous-couche-tous-produits-grands-chantiers-2","13":"product_cat-leed-breeam-environnement-peinture-et-vernis-decoratifs","14":"product_cat-impression-et-sous-couche-tous-produits-peinture-et-vernis-decoratifs","15":"product_cat-peintures-et-vernis-decoratifs","16":"product_cat-grands-chantiers","17":"gamme-nexocryl","19":"first","20":"instock","21":"shipping-taxable","22":"product-type-simple"},"acf":[],"yoast_head":"<!-- This site is optimized with the Yoast SEO plugin v25.9 - https:\/\/yoast.com\/wordpress\/plugins\/seo\/ -->\n<title>NEXOCRYL PRIMER - Cimentol<\/title>\n<meta name=\"robots\" content=\"index, follow, max-snippet:-1, max-image-preview:large, max-video-preview:-1\" \/>\n<link rel=\"canonical\" href=\"https:\/\/www.cimentol.com\/en\/produit\/nexocryl-primer\/\" \/>\n<meta property=\"og:locale\" content=\"en_US\" \/>\n<meta property=\"og:type\" content=\"article\" \/>\n<meta property=\"og:title\" content=\"NEXOCRYL PRIMER - Cimentol\" \/>\n<meta property=\"og:description\" content=\"IMPRESSION SOUS COUCHE ACRYLIQUE TRES OPACIFIANTE POUR GRAND CHANTIER D\u2019INTERIEUR\" \/>\n<meta property=\"og:url\" content=\"https:\/\/www.cimentol.com\/en\/produit\/nexocryl-primer\/\" \/>\n<meta property=\"og:site_name\" content=\"Cimentol\" \/>\n<meta property=\"article:modified_time\" content=\"2022-10-12T07:51:26+00:00\" \/>\n<meta property=\"og:image\" content=\"https:\/\/www.cimentol.com\/wp-content\/uploads\/2022\/03\/VIGNETTE-NEXOCRYL-PRIMER-15L-BD.jpg\" \/>\n\t<meta property=\"og:image:width\" content=\"2362\" \/>\n\t<meta property=\"og:image:height\" content=\"2362\" \/>\n\t<meta property=\"og:image:type\" content=\"image\/jpeg\" \/>\n<meta name=\"twitter:card\" content=\"summary_large_image\" \/>\n<meta name=\"twitter:label1\" content=\"Est. reading time\" \/>\n\t<meta name=\"twitter:data1\" content=\"1 minute\" \/>\n<script type=\"application\/ld+json\" class=\"yoast-schema-graph\">{\"@context\":\"https:\/\/schema.org\",\"@graph\":[{\"@type\":\"WebPage\",\"@id\":\"https:\/\/www.cimentol.com\/en\/produit\/nexocryl-primer\/\",\"url\":\"https:\/\/www.cimentol.com\/en\/produit\/nexocryl-primer\/\",\"name\":\"NEXOCRYL PRIMER - Cimentol\",\"isPartOf\":{\"@id\":\"https:\/\/www.cimentol.com\/en\/#website\"},\"datePublished\":\"2022-03-24T09:06:34+00:00\",\"dateModified\":\"2022-10-12T07:51:26+00:00\",\"breadcrumb\":{\"@id\":\"https:\/\/www.cimentol.com\/en\/produit\/nexocryl-primer\/#breadcrumb\"},\"inLanguage\":\"en-US\",\"potentialAction\":[{\"@type\":\"ReadAction\",\"target\":[\"https:\/\/www.cimentol.com\/en\/produit\/nexocryl-primer\/\"]}]},{\"@type\":\"BreadcrumbList\",\"@id\":\"https:\/\/www.cimentol.com\/en\/produit\/nexocryl-primer\/#breadcrumb\",\"itemListElement\":[{\"@type\":\"ListItem\",\"position\":1,\"name\":\"Accueil\",\"item\":\"https:\/\/www.cimentol.com\/en\/\"},{\"@type\":\"ListItem\",\"position\":2,\"name\":\"Shop\",\"item\":\"https:\/\/www.cimentol.com\/en\/shop\/\"},{\"@type\":\"ListItem\",\"position\":3,\"name\":\"NEXOCRYL PRIMER\"}]},{\"@type\":\"WebSite\",\"@id\":\"https:\/\/www.cimentol.com\/en\/#website\",\"url\":\"https:\/\/www.cimentol.com\/en\/\",\"name\":\"Cimentol\",\"description\":\"\",\"publisher\":{\"@id\":\"https:\/\/www.cimentol.com\/en\/#organization\"},\"potentialAction\":[{\"@type\":\"SearchAction\",\"target\":{\"@type\":\"EntryPoint\",\"urlTemplate\":\"https:\/\/www.cimentol.com\/en\/?s={search_term_string}\"},\"query-input\":{\"@type\":\"PropertyValueSpecification\",\"valueRequired\":true,\"valueName\":\"search_term_string\"}}],\"inLanguage\":\"en-US\"},{\"@type\":\"Organization\",\"@id\":\"https:\/\/www.cimentol.com\/en\/#organization\",\"name\":\"Cimentol\",\"url\":\"https:\/\/www.cimentol.com\/en\/\",\"logo\":{\"@type\":\"ImageObject\",\"inLanguage\":\"en-US\",\"@id\":\"https:\/\/www.cimentol.com\/en\/#\/schema\/logo\/image\/\",\"url\":\"https:\/\/www.cimentol.com\/wp-content\/uploads\/2022\/08\/cimentol-logo.png\",\"contentUrl\":\"https:\/\/www.cimentol.com\/wp-content\/uploads\/2022\/08\/cimentol-logo.png\",\"width\":1181,\"height\":250,\"caption\":\"Cimentol\"},\"image\":{\"@id\":\"https:\/\/www.cimentol.com\/en\/#\/schema\/logo\/image\/\"}}]}<\/script>\n<!-- \/ Yoast SEO plugin. -->","yoast_head_json":{"title":"NEXOCRYL PRIMER - Cimentol","robots":{"index":"index","follow":"follow","max-snippet":"max-snippet:-1","max-image-preview":"max-image-preview:large","max-video-preview":"max-video-preview:-1"},"canonical":"https:\/\/www.cimentol.com\/en\/produit\/nexocryl-primer\/","og_locale":"en_US","og_type":"article","og_title":"NEXOCRYL PRIMER - Cimentol","og_description":"IMPRESSION SOUS COUCHE ACRYLIQUE TRES OPACIFIANTE POUR GRAND CHANTIER D\u2019INTERIEUR","og_url":"https:\/\/www.cimentol.com\/en\/produit\/nexocryl-primer\/","og_site_name":"Cimentol","article_modified_time":"2022-10-12T07:51:26+00:00","og_image":[{"width":2362,"height":2362,"url":"https:\/\/www.cimentol.com\/wp-content\/uploads\/2022\/03\/VIGNETTE-NEXOCRYL-PRIMER-15L-BD.jpg","type":"image\/jpeg"}],"twitter_card":"summary_large_image","twitter_misc":{"Est. reading time":"1 minute"},"schema":{"@context":"https:\/\/schema.org","@graph":[{"@type":"WebPage","@id":"https:\/\/www.cimentol.com\/en\/produit\/nexocryl-primer\/","url":"https:\/\/www.cimentol.com\/en\/produit\/nexocryl-primer\/","name":"NEXOCRYL PRIMER - Cimentol","isPartOf":{"@id":"https:\/\/www.cimentol.com\/en\/#website"},"datePublished":"2022-03-24T09:06:34+00:00","dateModified":"2022-10-12T07:51:26+00:00","breadcrumb":{"@id":"https:\/\/www.cimentol.com\/en\/produit\/nexocryl-primer\/#breadcrumb"},"inLanguage":"en-US","potentialAction":[{"@type":"ReadAction","target":["https:\/\/www.cimentol.com\/en\/produit\/nexocryl-primer\/"]}]},{"@type":"BreadcrumbList","@id":"https:\/\/www.cimentol.com\/en\/produit\/nexocryl-primer\/#breadcrumb","itemListElement":[{"@type":"ListItem","position":1,"name":"Accueil","item":"https:\/\/www.cimentol.com\/en\/"},{"@type":"ListItem","position":2,"name":"Shop","item":"https:\/\/www.cimentol.com\/en\/shop\/"},{"@type":"ListItem","position":3,"name":"NEXOCRYL PRIMER"}]},{"@type":"WebSite","@id":"https:\/\/www.cimentol.com\/en\/#website","url":"https:\/\/www.cimentol.com\/en\/","name":"Cimentol","description":"","publisher":{"@id":"https:\/\/www.cimentol.com\/en\/#organization"},"potentialAction":[{"@type":"SearchAction","target":{"@type":"EntryPoint","urlTemplate":"https:\/\/www.cimentol.com\/en\/?s={search_term_string}"},"query-input":{"@type":"PropertyValueSpecification","valueRequired":true,"valueName":"search_term_string"}}],"inLanguage":"en-US"},{"@type":"Organization","@id":"https:\/\/www.cimentol.com\/en\/#organization","name":"Cimentol","url":"https:\/\/www.cimentol.com\/en\/","logo":{"@type":"ImageObject","inLanguage":"en-US","@id":"https:\/\/www.cimentol.com\/en\/#\/schema\/logo\/image\/","url":"https:\/\/www.cimentol.com\/wp-content\/uploads\/2022\/08\/cimentol-logo.png","contentUrl":"https:\/\/www.cimentol.com\/wp-content\/uploads\/2022\/08\/cimentol-logo.png","width":1181,"height":250,"caption":"Cimentol"},"image":{"@id":"https:\/\/www.cimentol.com\/en\/#\/schema\/logo\/image\/"}}]}},"_links":{"self":[{"href":"https:\/\/www.cimentol.com\/en\/wp-json\/wp\/v2\/product\/5344","targetHints":{"allow":["GET"]}}],"collection":[{"href":"https:\/\/www.cimentol.com\/en\/wp-json\/wp\/v2\/product"}],"about":[{"href":"https:\/\/www.cimentol.com\/en\/wp-json\/wp\/v2\/types\/product"}],"wp:attachment":[{"href":"https:\/\/www.cimentol.com\/en\/wp-json\/wp\/v2\/media?parent=5344"}],"wp:term":[{"taxonomy":"product_brand","embeddable":true,"href":"https:\/\/www.cimentol.com\/en\/wp-json\/wp\/v2\/product_brand?post=5344"},{"taxonomy":"product_cat","embeddable":true,"href":"https:\/\/www.cimentol.com\/en\/wp-json\/wp\/v2\/product_cat?post=5344"},{"taxonomy":"product_tag","embeddable":true,"href":"https:\/\/www.cimentol.com\/en\/wp-json\/wp\/v2\/product_tag?post=5344"},{"taxonomy":"gamme","embeddable":true,"href":"https:\/\/www.cimentol.com\/en\/wp-json\/wp\/v2\/gamme?post=5344"}],"curies":[{"name":"wp","href":"https:\/\/api.w.org\/{rel}","templated":true}]}}