{"id":5121,"date":"2022-03-03T16:03:33","date_gmt":"2022-03-03T15:03:33","guid":{"rendered":"https:\/\/www.cimentol.com\/?post_type=product&#038;p=5121"},"modified":"2023-08-29T10:06:45","modified_gmt":"2023-08-29T08:06:45","slug":"ekotag-peinture","status":"publish","type":"product","link":"https:\/\/www.cimentol.com\/en\/produit\/ekotag-peinture\/","title":{"rendered":"EKOTAG PEINTURE"},"content":{"rendered":"<p><em>Caract\u00e9ristiques principales\u00a0:<\/em><\/p>\n<ul>\n<li><strong>Tr\u00e8s r\u00e9sistant \u00e0 la p\u00e9n\u00e9tration des graffitis et des solvants\u00a0: \u00e9vite l\u2019adh\u00e9rence des tags<\/strong><\/li>\n<li>Accrochage sur de nombreux supports<\/li>\n<li>Pas de d\u00e9trempe des fonds peints<\/li>\n<li>\u00c9limination ais\u00e9e des tags gr\u00e2ce au nettoyant anti-graffiti <strong>EKOTAG CLEANER<\/strong><\/li>\n<li>Ne jaunit pas, ne mate pas<\/li>\n<li>Existe en mat, satin ou brillant<\/li>\n<li>Sans solvant, sans odeur<\/li>\n<\/ul>\n","protected":false},"excerpt":{"rendered":"<p><strong>PEINTURE DE PROTECTION ANTIGRAFFITI PERMANENTE BI-COMPOSANTE POLYURETHANE EN PHASE AQUEUSE<\/strong><\/p>\n","protected":false},"featured_media":4879,"template":"","meta":{"_acf_changed":false,"inline_featured_image":false},"product_brand":[],"product_cat":[1307,1351,1347,1345,1343,1337,1329,1319,1321,1315,1313,36],"product_tag":[],"gamme":[1623,748],"class_list":{"0":"post-5121","1":"product","2":"type-product","3":"status-publish","4":"has-post-thumbnail","6":"product_cat-systeme-anti-graffiti-peintures-et-resines-techniques","7":"product_cat-systeme-anti-graffiti-tous-produits-antigraffiti","8":"product_cat-mat-aspect-antigraffiti","9":"product_cat-satin-aspect-antigraffiti","10":"product_cat-brillant-aspect-antigraffiti","11":"product_cat-permanent-type-de-systeme-antigraffiti","12":"product_cat-aqueuse-phase-antigraffiti","13":"product_cat-exterieur-int-ext-antigraffiti","14":"product_cat-interieur-int-ext-antigraffiti","15":"product_cat-a-environnement-antigraffiti","16":"product_cat-excell-zone-bleu-environnement-antigraffiti","17":"product_cat-systeme-anti-graffiti","18":"gamme-antigraffiti","19":"gamme-ekotag","21":"first","22":"instock","23":"shipping-taxable","24":"product-type-simple"},"acf":[],"yoast_head":"<!-- This site is optimized with the Yoast SEO plugin v25.9 - https:\/\/yoast.com\/wordpress\/plugins\/seo\/ -->\n<title>EKOTAG PEINTURE - Cimentol<\/title>\n<meta name=\"robots\" content=\"index, follow, max-snippet:-1, max-image-preview:large, max-video-preview:-1\" \/>\n<link rel=\"canonical\" href=\"https:\/\/www.cimentol.com\/en\/produit\/ekotag-peinture\/\" \/>\n<meta property=\"og:locale\" content=\"en_US\" \/>\n<meta property=\"og:type\" content=\"article\" \/>\n<meta property=\"og:title\" content=\"EKOTAG PEINTURE - Cimentol\" \/>\n<meta property=\"og:description\" content=\"PEINTURE DE PROTECTION ANTIGRAFFITI PERMANENTE BI-COMPOSANTE POLYURETHANE EN PHASE AQUEUSE\" \/>\n<meta property=\"og:url\" content=\"https:\/\/www.cimentol.com\/en\/produit\/ekotag-peinture\/\" \/>\n<meta property=\"og:site_name\" content=\"Cimentol\" \/>\n<meta property=\"article:modified_time\" content=\"2023-08-29T08:06:45+00:00\" \/>\n<meta property=\"og:image\" content=\"https:\/\/www.cimentol.com\/wp-content\/uploads\/2022\/02\/VIGNETTE-EKOTAG-5L.png\" \/>\n\t<meta property=\"og:image:width\" content=\"2362\" \/>\n\t<meta property=\"og:image:height\" content=\"2362\" \/>\n\t<meta property=\"og:image:type\" content=\"image\/png\" \/>\n<meta name=\"twitter:card\" content=\"summary_large_image\" \/>\n<meta name=\"twitter:label1\" content=\"Est. reading time\" \/>\n\t<meta name=\"twitter:data1\" content=\"1 minute\" \/>\n<script type=\"application\/ld+json\" class=\"yoast-schema-graph\">{\"@context\":\"https:\/\/schema.org\",\"@graph\":[{\"@type\":\"WebPage\",\"@id\":\"https:\/\/www.cimentol.com\/en\/produit\/ekotag-peinture\/\",\"url\":\"https:\/\/www.cimentol.com\/en\/produit\/ekotag-peinture\/\",\"name\":\"EKOTAG PEINTURE - Cimentol\",\"isPartOf\":{\"@id\":\"https:\/\/www.cimentol.com\/en\/#website\"},\"primaryImageOfPage\":{\"@id\":\"https:\/\/www.cimentol.com\/en\/produit\/ekotag-peinture\/#primaryimage\"},\"image\":{\"@id\":\"https:\/\/www.cimentol.com\/en\/produit\/ekotag-peinture\/#primaryimage\"},\"thumbnailUrl\":\"https:\/\/www.cimentol.com\/wp-content\/uploads\/2022\/02\/VIGNETTE-EKOTAG-5L.png\",\"datePublished\":\"2022-03-03T15:03:33+00:00\",\"dateModified\":\"2023-08-29T08:06:45+00:00\",\"breadcrumb\":{\"@id\":\"https:\/\/www.cimentol.com\/en\/produit\/ekotag-peinture\/#breadcrumb\"},\"inLanguage\":\"en-US\",\"potentialAction\":[{\"@type\":\"ReadAction\",\"target\":[\"https:\/\/www.cimentol.com\/en\/produit\/ekotag-peinture\/\"]}]},{\"@type\":\"ImageObject\",\"inLanguage\":\"en-US\",\"@id\":\"https:\/\/www.cimentol.com\/en\/produit\/ekotag-peinture\/#primaryimage\",\"url\":\"https:\/\/www.cimentol.com\/wp-content\/uploads\/2022\/02\/VIGNETTE-EKOTAG-5L.png\",\"contentUrl\":\"https:\/\/www.cimentol.com\/wp-content\/uploads\/2022\/02\/VIGNETTE-EKOTAG-5L.png\",\"width\":2362,\"height\":2362},{\"@type\":\"BreadcrumbList\",\"@id\":\"https:\/\/www.cimentol.com\/en\/produit\/ekotag-peinture\/#breadcrumb\",\"itemListElement\":[{\"@type\":\"ListItem\",\"position\":1,\"name\":\"Accueil\",\"item\":\"https:\/\/www.cimentol.com\/en\/\"},{\"@type\":\"ListItem\",\"position\":2,\"name\":\"Shop\",\"item\":\"https:\/\/www.cimentol.com\/en\/shop\/\"},{\"@type\":\"ListItem\",\"position\":3,\"name\":\"EKOTAG PEINTURE\"}]},{\"@type\":\"WebSite\",\"@id\":\"https:\/\/www.cimentol.com\/en\/#website\",\"url\":\"https:\/\/www.cimentol.com\/en\/\",\"name\":\"Cimentol\",\"description\":\"\",\"publisher\":{\"@id\":\"https:\/\/www.cimentol.com\/en\/#organization\"},\"potentialAction\":[{\"@type\":\"SearchAction\",\"target\":{\"@type\":\"EntryPoint\",\"urlTemplate\":\"https:\/\/www.cimentol.com\/en\/?s={search_term_string}\"},\"query-input\":{\"@type\":\"PropertyValueSpecification\",\"valueRequired\":true,\"valueName\":\"search_term_string\"}}],\"inLanguage\":\"en-US\"},{\"@type\":\"Organization\",\"@id\":\"https:\/\/www.cimentol.com\/en\/#organization\",\"name\":\"Cimentol\",\"url\":\"https:\/\/www.cimentol.com\/en\/\",\"logo\":{\"@type\":\"ImageObject\",\"inLanguage\":\"en-US\",\"@id\":\"https:\/\/www.cimentol.com\/en\/#\/schema\/logo\/image\/\",\"url\":\"https:\/\/www.cimentol.com\/wp-content\/uploads\/2022\/08\/cimentol-logo.png\",\"contentUrl\":\"https:\/\/www.cimentol.com\/wp-content\/uploads\/2022\/08\/cimentol-logo.png\",\"width\":1181,\"height\":250,\"caption\":\"Cimentol\"},\"image\":{\"@id\":\"https:\/\/www.cimentol.com\/en\/#\/schema\/logo\/image\/\"}}]}<\/script>\n<!-- \/ Yoast SEO plugin. -->","yoast_head_json":{"title":"EKOTAG PEINTURE - Cimentol","robots":{"index":"index","follow":"follow","max-snippet":"max-snippet:-1","max-image-preview":"max-image-preview:large","max-video-preview":"max-video-preview:-1"},"canonical":"https:\/\/www.cimentol.com\/en\/produit\/ekotag-peinture\/","og_locale":"en_US","og_type":"article","og_title":"EKOTAG PEINTURE - Cimentol","og_description":"PEINTURE DE PROTECTION ANTIGRAFFITI PERMANENTE BI-COMPOSANTE POLYURETHANE EN PHASE AQUEUSE","og_url":"https:\/\/www.cimentol.com\/en\/produit\/ekotag-peinture\/","og_site_name":"Cimentol","article_modified_time":"2023-08-29T08:06:45+00:00","og_image":[{"width":2362,"height":2362,"url":"https:\/\/www.cimentol.com\/wp-content\/uploads\/2022\/02\/VIGNETTE-EKOTAG-5L.png","type":"image\/png"}],"twitter_card":"summary_large_image","twitter_misc":{"Est. reading time":"1 minute"},"schema":{"@context":"https:\/\/schema.org","@graph":[{"@type":"WebPage","@id":"https:\/\/www.cimentol.com\/en\/produit\/ekotag-peinture\/","url":"https:\/\/www.cimentol.com\/en\/produit\/ekotag-peinture\/","name":"EKOTAG PEINTURE - Cimentol","isPartOf":{"@id":"https:\/\/www.cimentol.com\/en\/#website"},"primaryImageOfPage":{"@id":"https:\/\/www.cimentol.com\/en\/produit\/ekotag-peinture\/#primaryimage"},"image":{"@id":"https:\/\/www.cimentol.com\/en\/produit\/ekotag-peinture\/#primaryimage"},"thumbnailUrl":"https:\/\/www.cimentol.com\/wp-content\/uploads\/2022\/02\/VIGNETTE-EKOTAG-5L.png","datePublished":"2022-03-03T15:03:33+00:00","dateModified":"2023-08-29T08:06:45+00:00","breadcrumb":{"@id":"https:\/\/www.cimentol.com\/en\/produit\/ekotag-peinture\/#breadcrumb"},"inLanguage":"en-US","potentialAction":[{"@type":"ReadAction","target":["https:\/\/www.cimentol.com\/en\/produit\/ekotag-peinture\/"]}]},{"@type":"ImageObject","inLanguage":"en-US","@id":"https:\/\/www.cimentol.com\/en\/produit\/ekotag-peinture\/#primaryimage","url":"https:\/\/www.cimentol.com\/wp-content\/uploads\/2022\/02\/VIGNETTE-EKOTAG-5L.png","contentUrl":"https:\/\/www.cimentol.com\/wp-content\/uploads\/2022\/02\/VIGNETTE-EKOTAG-5L.png","width":2362,"height":2362},{"@type":"BreadcrumbList","@id":"https:\/\/www.cimentol.com\/en\/produit\/ekotag-peinture\/#breadcrumb","itemListElement":[{"@type":"ListItem","position":1,"name":"Accueil","item":"https:\/\/www.cimentol.com\/en\/"},{"@type":"ListItem","position":2,"name":"Shop","item":"https:\/\/www.cimentol.com\/en\/shop\/"},{"@type":"ListItem","position":3,"name":"EKOTAG PEINTURE"}]},{"@type":"WebSite","@id":"https:\/\/www.cimentol.com\/en\/#website","url":"https:\/\/www.cimentol.com\/en\/","name":"Cimentol","description":"","publisher":{"@id":"https:\/\/www.cimentol.com\/en\/#organization"},"potentialAction":[{"@type":"SearchAction","target":{"@type":"EntryPoint","urlTemplate":"https:\/\/www.cimentol.com\/en\/?s={search_term_string}"},"query-input":{"@type":"PropertyValueSpecification","valueRequired":true,"valueName":"search_term_string"}}],"inLanguage":"en-US"},{"@type":"Organization","@id":"https:\/\/www.cimentol.com\/en\/#organization","name":"Cimentol","url":"https:\/\/www.cimentol.com\/en\/","logo":{"@type":"ImageObject","inLanguage":"en-US","@id":"https:\/\/www.cimentol.com\/en\/#\/schema\/logo\/image\/","url":"https:\/\/www.cimentol.com\/wp-content\/uploads\/2022\/08\/cimentol-logo.png","contentUrl":"https:\/\/www.cimentol.com\/wp-content\/uploads\/2022\/08\/cimentol-logo.png","width":1181,"height":250,"caption":"Cimentol"},"image":{"@id":"https:\/\/www.cimentol.com\/en\/#\/schema\/logo\/image\/"}}]}},"_links":{"self":[{"href":"https:\/\/www.cimentol.com\/en\/wp-json\/wp\/v2\/product\/5121","targetHints":{"allow":["GET"]}}],"collection":[{"href":"https:\/\/www.cimentol.com\/en\/wp-json\/wp\/v2\/product"}],"about":[{"href":"https:\/\/www.cimentol.com\/en\/wp-json\/wp\/v2\/types\/product"}],"wp:featuredmedia":[{"embeddable":true,"href":"https:\/\/www.cimentol.com\/en\/wp-json\/wp\/v2\/media\/4879"}],"wp:attachment":[{"href":"https:\/\/www.cimentol.com\/en\/wp-json\/wp\/v2\/media?parent=5121"}],"wp:term":[{"taxonomy":"product_brand","embeddable":true,"href":"https:\/\/www.cimentol.com\/en\/wp-json\/wp\/v2\/product_brand?post=5121"},{"taxonomy":"product_cat","embeddable":true,"href":"https:\/\/www.cimentol.com\/en\/wp-json\/wp\/v2\/product_cat?post=5121"},{"taxonomy":"product_tag","embeddable":true,"href":"https:\/\/www.cimentol.com\/en\/wp-json\/wp\/v2\/product_tag?post=5121"},{"taxonomy":"gamme","embeddable":true,"href":"https:\/\/www.cimentol.com\/en\/wp-json\/wp\/v2\/gamme?post=5121"}],"curies":[{"name":"wp","href":"https:\/\/api.w.org\/{rel}","templated":true}]}}