{"id":5081,"date":"2022-03-01T09:36:24","date_gmt":"2022-03-01T08:36:24","guid":{"rendered":"https:\/\/www.cimentol.com\/?post_type=product&#038;p=5081"},"modified":"2025-06-09T15:50:11","modified_gmt":"2025-06-09T13:50:11","slug":"cimes-mat","status":"publish","type":"product","link":"https:\/\/www.cimentol.com\/en\/produit\/cimes-mat\/","title":{"rendered":"CIMES EVOL MAT"},"content":{"rendered":"<p><em>Caract\u00e9ristiques principales\u00a0:<\/em><\/p>\n<ul>\n<li><strong>Respectueuse de l\u2019environnement : Certification Excell zone verte et\u00a0<\/strong>\u00e9ligible aux exigences ECOLABEL pour la partie formulation et performance<\/li>\n<li><strong>Tr\u00e8s fort pouvoir couvrant, tr\u00e8s grande blancheur et tr\u00e8s belle glisse<\/strong><\/li>\n<li>PV Alimentaire<\/li>\n<li>Temps de reprise exceptionnel<\/li>\n<li>Deux couches dans la journ\u00e9e<\/li>\n<li>Lavable et lessivable<\/li>\n<li>Sans odeur et sans solvant<\/li>\n<li>Fonction AIR QUALI (par addition de la soludose Air Quali) qui capte et d\u00e9truit les polluants int\u00e9rieurs tels que formald\u00e9hydes, hexald\u00e9hydes et ac\u00e9tald\u00e9hydes<\/li>\n<\/ul>\n","protected":false},"excerpt":{"rendered":"<p><strong>PEINTURE DE FINITION MATE A BASE DE LIANT BIO SOURCE ET ACRYLIQUE MODIFIE<\/strong><\/p>\n","protected":false},"featured_media":12105,"template":"","meta":{"_acf_changed":false,"inline_featured_image":false},"product_brand":[],"product_cat":[1778,1526,1548,1556,1534,1546,1540,1542,1560,1562,1564,1528,1532,1570,1572,1578,1055,1074,1078,1086,1082,1100,52],"product_tag":[],"gamme":[744],"class_list":{"0":"post-5081","1":"product","2":"type-product","3":"status-publish","4":"has-post-thumbnail","6":"product_cat-ecolabel","7":"product_cat-peinture-et-vernis-decoratifs","8":"product_cat-aspect-peinture-et-vernis-decoratifs","9":"product_cat-mat-aspect-peinture-et-vernis-decoratifs","10":"product_cat-environnement-peinture-et-vernis-decoratifs","11":"product_cat-a-environnement-peinture-et-vernis-decoratifs","12":"product_cat-green-excell-2","13":"product_cat-leed-breeam-environnement-peinture-et-vernis-decoratifs","14":"product_cat-int-ext-peinture-et-vernis-decoratifs","15":"product_cat-exterieur-int-ext-peinture-et-vernis-decoratifs","16":"product_cat-interieur-int-ext-peinture-et-vernis-decoratifs","17":"product_cat-performance-peinture-et-vernis-decoratifs","18":"product_cat-pv-alimentaire-performance-peinture-et-vernis-decoratifs","19":"product_cat-aqueuse-phase-peinture-et-vernis-decoratifs","20":"product_cat-tous-produits-peinture-et-vernis-decoratifs","21":"product_cat-finition-tous-produits-peinture-et-vernis-decoratifs","22":"product_cat-peintures-labellisees","23":"product_cat-environnement-peintures-labellisees","24":"product_cat-a-environnement-label-peintures-labellisees","25":"product_cat-excell-zone-verte-environnement-label-peintures-labellisees","26":"product_cat-leed-breeam-environnement-label-peintures-labellisees","27":"product_cat-pv-alimentaire-label-peintures-labellisees","28":"product_cat-peintures-labelisees","29":"gamme-cimes","31":"first","32":"instock","33":"shipping-taxable","34":"product-type-simple"},"acf":[],"yoast_head":"<!-- This site is optimized with the Yoast SEO plugin v25.9 - https:\/\/yoast.com\/wordpress\/plugins\/seo\/ -->\n<title>CIMES EVOL MAT - Cimentol<\/title>\n<meta name=\"robots\" content=\"index, follow, max-snippet:-1, max-image-preview:large, max-video-preview:-1\" \/>\n<link rel=\"canonical\" href=\"https:\/\/www.cimentol.com\/en\/produit\/cimes-mat\/\" \/>\n<meta property=\"og:locale\" content=\"en_US\" \/>\n<meta property=\"og:type\" content=\"article\" \/>\n<meta property=\"og:title\" content=\"CIMES EVOL MAT - Cimentol\" \/>\n<meta property=\"og:description\" content=\"PEINTURE DE FINITION MATE A BASE DE LIANT BIO SOURCE ET ACRYLIQUE MODIFIE\" \/>\n<meta property=\"og:url\" content=\"https:\/\/www.cimentol.com\/en\/produit\/cimes-mat\/\" \/>\n<meta property=\"og:site_name\" content=\"Cimentol\" \/>\n<meta property=\"article:modified_time\" content=\"2025-06-09T13:50:11+00:00\" \/>\n<meta property=\"og:image\" content=\"https:\/\/www.cimentol.com\/wp-content\/uploads\/2022\/03\/VIGNETTE-CIMES-MAT-15L-1024x1024.png\" \/>\n\t<meta property=\"og:image:width\" content=\"1024\" \/>\n\t<meta property=\"og:image:height\" content=\"1024\" \/>\n\t<meta property=\"og:image:type\" content=\"image\/png\" \/>\n<meta name=\"twitter:card\" content=\"summary_large_image\" \/>\n<meta name=\"twitter:label1\" content=\"Est. reading time\" \/>\n\t<meta name=\"twitter:data1\" content=\"1 minute\" \/>\n<script type=\"application\/ld+json\" class=\"yoast-schema-graph\">{\"@context\":\"https:\/\/schema.org\",\"@graph\":[{\"@type\":\"WebPage\",\"@id\":\"https:\/\/www.cimentol.com\/en\/produit\/cimes-mat\/\",\"url\":\"https:\/\/www.cimentol.com\/en\/produit\/cimes-mat\/\",\"name\":\"CIMES EVOL MAT - Cimentol\",\"isPartOf\":{\"@id\":\"https:\/\/www.cimentol.com\/en\/#website\"},\"primaryImageOfPage\":{\"@id\":\"https:\/\/www.cimentol.com\/en\/produit\/cimes-mat\/#primaryimage\"},\"image\":{\"@id\":\"https:\/\/www.cimentol.com\/en\/produit\/cimes-mat\/#primaryimage\"},\"thumbnailUrl\":\"https:\/\/www.cimentol.com\/wp-content\/uploads\/2022\/03\/VIGNETTE-CIMES-MAT-15L.png\",\"datePublished\":\"2022-03-01T08:36:24+00:00\",\"dateModified\":\"2025-06-09T13:50:11+00:00\",\"breadcrumb\":{\"@id\":\"https:\/\/www.cimentol.com\/en\/produit\/cimes-mat\/#breadcrumb\"},\"inLanguage\":\"en-US\",\"potentialAction\":[{\"@type\":\"ReadAction\",\"target\":[\"https:\/\/www.cimentol.com\/en\/produit\/cimes-mat\/\"]}]},{\"@type\":\"ImageObject\",\"inLanguage\":\"en-US\",\"@id\":\"https:\/\/www.cimentol.com\/en\/produit\/cimes-mat\/#primaryimage\",\"url\":\"https:\/\/www.cimentol.com\/wp-content\/uploads\/2022\/03\/VIGNETTE-CIMES-MAT-15L.png\",\"contentUrl\":\"https:\/\/www.cimentol.com\/wp-content\/uploads\/2022\/03\/VIGNETTE-CIMES-MAT-15L.png\",\"width\":2362,\"height\":2362},{\"@type\":\"BreadcrumbList\",\"@id\":\"https:\/\/www.cimentol.com\/en\/produit\/cimes-mat\/#breadcrumb\",\"itemListElement\":[{\"@type\":\"ListItem\",\"position\":1,\"name\":\"Accueil\",\"item\":\"https:\/\/www.cimentol.com\/en\/\"},{\"@type\":\"ListItem\",\"position\":2,\"name\":\"Shop\",\"item\":\"https:\/\/www.cimentol.com\/en\/shop\/\"},{\"@type\":\"ListItem\",\"position\":3,\"name\":\"CIMES EVOL MAT\"}]},{\"@type\":\"WebSite\",\"@id\":\"https:\/\/www.cimentol.com\/en\/#website\",\"url\":\"https:\/\/www.cimentol.com\/en\/\",\"name\":\"Cimentol\",\"description\":\"\",\"publisher\":{\"@id\":\"https:\/\/www.cimentol.com\/en\/#organization\"},\"potentialAction\":[{\"@type\":\"SearchAction\",\"target\":{\"@type\":\"EntryPoint\",\"urlTemplate\":\"https:\/\/www.cimentol.com\/en\/?s={search_term_string}\"},\"query-input\":{\"@type\":\"PropertyValueSpecification\",\"valueRequired\":true,\"valueName\":\"search_term_string\"}}],\"inLanguage\":\"en-US\"},{\"@type\":\"Organization\",\"@id\":\"https:\/\/www.cimentol.com\/en\/#organization\",\"name\":\"Cimentol\",\"url\":\"https:\/\/www.cimentol.com\/en\/\",\"logo\":{\"@type\":\"ImageObject\",\"inLanguage\":\"en-US\",\"@id\":\"https:\/\/www.cimentol.com\/en\/#\/schema\/logo\/image\/\",\"url\":\"https:\/\/www.cimentol.com\/wp-content\/uploads\/2022\/08\/cimentol-logo.png\",\"contentUrl\":\"https:\/\/www.cimentol.com\/wp-content\/uploads\/2022\/08\/cimentol-logo.png\",\"width\":1181,\"height\":250,\"caption\":\"Cimentol\"},\"image\":{\"@id\":\"https:\/\/www.cimentol.com\/en\/#\/schema\/logo\/image\/\"}}]}<\/script>\n<!-- \/ Yoast SEO plugin. -->","yoast_head_json":{"title":"CIMES EVOL MAT - Cimentol","robots":{"index":"index","follow":"follow","max-snippet":"max-snippet:-1","max-image-preview":"max-image-preview:large","max-video-preview":"max-video-preview:-1"},"canonical":"https:\/\/www.cimentol.com\/en\/produit\/cimes-mat\/","og_locale":"en_US","og_type":"article","og_title":"CIMES EVOL MAT - Cimentol","og_description":"PEINTURE DE FINITION MATE A BASE DE LIANT BIO SOURCE ET ACRYLIQUE MODIFIE","og_url":"https:\/\/www.cimentol.com\/en\/produit\/cimes-mat\/","og_site_name":"Cimentol","article_modified_time":"2025-06-09T13:50:11+00:00","og_image":[{"width":1024,"height":1024,"url":"https:\/\/www.cimentol.com\/wp-content\/uploads\/2022\/03\/VIGNETTE-CIMES-MAT-15L-1024x1024.png","type":"image\/png"}],"twitter_card":"summary_large_image","twitter_misc":{"Est. reading time":"1 minute"},"schema":{"@context":"https:\/\/schema.org","@graph":[{"@type":"WebPage","@id":"https:\/\/www.cimentol.com\/en\/produit\/cimes-mat\/","url":"https:\/\/www.cimentol.com\/en\/produit\/cimes-mat\/","name":"CIMES EVOL MAT - Cimentol","isPartOf":{"@id":"https:\/\/www.cimentol.com\/en\/#website"},"primaryImageOfPage":{"@id":"https:\/\/www.cimentol.com\/en\/produit\/cimes-mat\/#primaryimage"},"image":{"@id":"https:\/\/www.cimentol.com\/en\/produit\/cimes-mat\/#primaryimage"},"thumbnailUrl":"https:\/\/www.cimentol.com\/wp-content\/uploads\/2022\/03\/VIGNETTE-CIMES-MAT-15L.png","datePublished":"2022-03-01T08:36:24+00:00","dateModified":"2025-06-09T13:50:11+00:00","breadcrumb":{"@id":"https:\/\/www.cimentol.com\/en\/produit\/cimes-mat\/#breadcrumb"},"inLanguage":"en-US","potentialAction":[{"@type":"ReadAction","target":["https:\/\/www.cimentol.com\/en\/produit\/cimes-mat\/"]}]},{"@type":"ImageObject","inLanguage":"en-US","@id":"https:\/\/www.cimentol.com\/en\/produit\/cimes-mat\/#primaryimage","url":"https:\/\/www.cimentol.com\/wp-content\/uploads\/2022\/03\/VIGNETTE-CIMES-MAT-15L.png","contentUrl":"https:\/\/www.cimentol.com\/wp-content\/uploads\/2022\/03\/VIGNETTE-CIMES-MAT-15L.png","width":2362,"height":2362},{"@type":"BreadcrumbList","@id":"https:\/\/www.cimentol.com\/en\/produit\/cimes-mat\/#breadcrumb","itemListElement":[{"@type":"ListItem","position":1,"name":"Accueil","item":"https:\/\/www.cimentol.com\/en\/"},{"@type":"ListItem","position":2,"name":"Shop","item":"https:\/\/www.cimentol.com\/en\/shop\/"},{"@type":"ListItem","position":3,"name":"CIMES EVOL MAT"}]},{"@type":"WebSite","@id":"https:\/\/www.cimentol.com\/en\/#website","url":"https:\/\/www.cimentol.com\/en\/","name":"Cimentol","description":"","publisher":{"@id":"https:\/\/www.cimentol.com\/en\/#organization"},"potentialAction":[{"@type":"SearchAction","target":{"@type":"EntryPoint","urlTemplate":"https:\/\/www.cimentol.com\/en\/?s={search_term_string}"},"query-input":{"@type":"PropertyValueSpecification","valueRequired":true,"valueName":"search_term_string"}}],"inLanguage":"en-US"},{"@type":"Organization","@id":"https:\/\/www.cimentol.com\/en\/#organization","name":"Cimentol","url":"https:\/\/www.cimentol.com\/en\/","logo":{"@type":"ImageObject","inLanguage":"en-US","@id":"https:\/\/www.cimentol.com\/en\/#\/schema\/logo\/image\/","url":"https:\/\/www.cimentol.com\/wp-content\/uploads\/2022\/08\/cimentol-logo.png","contentUrl":"https:\/\/www.cimentol.com\/wp-content\/uploads\/2022\/08\/cimentol-logo.png","width":1181,"height":250,"caption":"Cimentol"},"image":{"@id":"https:\/\/www.cimentol.com\/en\/#\/schema\/logo\/image\/"}}]}},"_links":{"self":[{"href":"https:\/\/www.cimentol.com\/en\/wp-json\/wp\/v2\/product\/5081","targetHints":{"allow":["GET"]}}],"collection":[{"href":"https:\/\/www.cimentol.com\/en\/wp-json\/wp\/v2\/product"}],"about":[{"href":"https:\/\/www.cimentol.com\/en\/wp-json\/wp\/v2\/types\/product"}],"wp:featuredmedia":[{"embeddable":true,"href":"https:\/\/www.cimentol.com\/en\/wp-json\/wp\/v2\/media\/12105"}],"wp:attachment":[{"href":"https:\/\/www.cimentol.com\/en\/wp-json\/wp\/v2\/media?parent=5081"}],"wp:term":[{"taxonomy":"product_brand","embeddable":true,"href":"https:\/\/www.cimentol.com\/en\/wp-json\/wp\/v2\/product_brand?post=5081"},{"taxonomy":"product_cat","embeddable":true,"href":"https:\/\/www.cimentol.com\/en\/wp-json\/wp\/v2\/product_cat?post=5081"},{"taxonomy":"product_tag","embeddable":true,"href":"https:\/\/www.cimentol.com\/en\/wp-json\/wp\/v2\/product_tag?post=5081"},{"taxonomy":"gamme","embeddable":true,"href":"https:\/\/www.cimentol.com\/en\/wp-json\/wp\/v2\/gamme?post=5081"}],"curies":[{"name":"wp","href":"https:\/\/api.w.org\/{rel}","templated":true}]}}