{"id":4836,"date":"2022-03-28T14:41:34","date_gmt":"2022-03-28T12:41:34","guid":{"rendered":"https:\/\/www.cimentol.com\/?post_type=product&#038;p=4836"},"modified":"2025-09-29T11:13:57","modified_gmt":"2025-09-29T09:13:57","slug":"cimes-flex-se-d3","status":"publish","type":"product","link":"https:\/\/www.cimentol.com\/en\/produit\/cimes-flex-se-d3\/","title":{"rendered":"CIMES FLEX SE D3"},"content":{"rendered":"<p><em>Caract\u00e9ristiques principales\u00a0:<\/em><\/p>\n<ul>\n<li><strong>Tr\u00e8s opacifiante<\/strong><\/li>\n<li>Effet perlant<\/li>\n<li>Masque des imperfections et le faien\u00e7age<\/li>\n<li>Perm\u00e9able \u00e0 la vapeur<\/li>\n<li>Forte r\u00e9sistance \u00e0 l\u2019encrassement<\/li>\n<li>R\u00e9nove les fa\u00e7ades peintes ou rev\u00eatues<\/li>\n<li>Adh\u00e9rence \u00e9lev\u00e9e<\/li>\n<li>Lavable et lessivable<\/li>\n<li>Insaponifiable et non jaunissante<\/li>\n<\/ul>\n","protected":false},"excerpt":{"rendered":"<p><strong>PEINTURE ACRYLIQUE MATE DE FACADE GARNISSANTE SEMI EPAISSE TYPE D3 POUR TRAVAUX SOIGNES ET COURANT EN PHASE AQUEUSE \u2013 ASPECT MAT<\/strong><\/p>\n","protected":false},"featured_media":5899,"template":"","meta":{"_acf_changed":false,"inline_featured_image":false},"product_brand":[],"product_cat":[1456,1480,1472,1464,1466,1460,48,1558],"product_tag":[],"gamme":[744],"class_list":{"0":"post-4836","1":"product","2":"type-product","3":"status-publish","4":"has-post-thumbnail","6":"product_cat-facade","7":"product_cat-film-semi-epais-d3-tous-produits-facade","8":"product_cat-aqueuse-phase-facade","9":"product_cat-exterieur-int-ext-facade","10":"product_cat-interieur-int-ext-facade","11":"product_cat-a-environnement-facade","12":"product_cat-peintures-et-vernis-decoratifs","13":"product_cat-int-ext-peintures-et-vernis-decoratifs","14":"gamme-cimes","16":"first","17":"instock","18":"shipping-taxable","19":"product-type-simple"},"acf":[],"yoast_head":"<!-- This site is optimized with the Yoast SEO plugin v25.9 - https:\/\/yoast.com\/wordpress\/plugins\/seo\/ -->\n<title>CIMES FLEX SE D3 - Cimentol<\/title>\n<meta name=\"robots\" content=\"index, follow, max-snippet:-1, max-image-preview:large, max-video-preview:-1\" \/>\n<link rel=\"canonical\" href=\"https:\/\/www.cimentol.com\/en\/produit\/cimes-flex-se-d3\/\" \/>\n<meta property=\"og:locale\" content=\"en_US\" \/>\n<meta property=\"og:type\" content=\"article\" \/>\n<meta property=\"og:title\" content=\"CIMES FLEX SE D3 - Cimentol\" \/>\n<meta property=\"og:description\" content=\"PEINTURE ACRYLIQUE MATE DE FACADE GARNISSANTE SEMI EPAISSE TYPE D3 POUR TRAVAUX SOIGNES ET COURANT EN PHASE AQUEUSE \u2013 ASPECT MAT\" \/>\n<meta property=\"og:url\" content=\"https:\/\/www.cimentol.com\/en\/produit\/cimes-flex-se-d3\/\" \/>\n<meta property=\"og:site_name\" content=\"Cimentol\" \/>\n<meta property=\"article:modified_time\" content=\"2025-09-29T09:13:57+00:00\" \/>\n<meta property=\"og:image\" content=\"https:\/\/www.cimentol.com\/wp-content\/uploads\/2022\/03\/VIGNNETTE-CIMES-FLEX-SE-D3-BD.jpg\" \/>\n\t<meta property=\"og:image:width\" content=\"2362\" \/>\n\t<meta property=\"og:image:height\" content=\"2362\" \/>\n\t<meta property=\"og:image:type\" content=\"image\/jpeg\" \/>\n<meta name=\"twitter:card\" content=\"summary_large_image\" \/>\n<meta name=\"twitter:label1\" content=\"Est. reading time\" \/>\n\t<meta name=\"twitter:data1\" content=\"1 minute\" \/>\n<script type=\"application\/ld+json\" class=\"yoast-schema-graph\">{\"@context\":\"https:\/\/schema.org\",\"@graph\":[{\"@type\":\"WebPage\",\"@id\":\"https:\/\/www.cimentol.com\/en\/produit\/cimes-flex-se-d3\/\",\"url\":\"https:\/\/www.cimentol.com\/en\/produit\/cimes-flex-se-d3\/\",\"name\":\"CIMES FLEX SE D3 - Cimentol\",\"isPartOf\":{\"@id\":\"https:\/\/www.cimentol.com\/en\/#website\"},\"primaryImageOfPage\":{\"@id\":\"https:\/\/www.cimentol.com\/en\/produit\/cimes-flex-se-d3\/#primaryimage\"},\"image\":{\"@id\":\"https:\/\/www.cimentol.com\/en\/produit\/cimes-flex-se-d3\/#primaryimage\"},\"thumbnailUrl\":\"https:\/\/www.cimentol.com\/wp-content\/uploads\/2022\/03\/VIGNNETTE-CIMES-FLEX-SE-D3-BD.jpg\",\"datePublished\":\"2022-03-28T12:41:34+00:00\",\"dateModified\":\"2025-09-29T09:13:57+00:00\",\"breadcrumb\":{\"@id\":\"https:\/\/www.cimentol.com\/en\/produit\/cimes-flex-se-d3\/#breadcrumb\"},\"inLanguage\":\"en-US\",\"potentialAction\":[{\"@type\":\"ReadAction\",\"target\":[\"https:\/\/www.cimentol.com\/en\/produit\/cimes-flex-se-d3\/\"]}]},{\"@type\":\"ImageObject\",\"inLanguage\":\"en-US\",\"@id\":\"https:\/\/www.cimentol.com\/en\/produit\/cimes-flex-se-d3\/#primaryimage\",\"url\":\"https:\/\/www.cimentol.com\/wp-content\/uploads\/2022\/03\/VIGNNETTE-CIMES-FLEX-SE-D3-BD.jpg\",\"contentUrl\":\"https:\/\/www.cimentol.com\/wp-content\/uploads\/2022\/03\/VIGNNETTE-CIMES-FLEX-SE-D3-BD.jpg\",\"width\":2362,\"height\":2362},{\"@type\":\"BreadcrumbList\",\"@id\":\"https:\/\/www.cimentol.com\/en\/produit\/cimes-flex-se-d3\/#breadcrumb\",\"itemListElement\":[{\"@type\":\"ListItem\",\"position\":1,\"name\":\"Accueil\",\"item\":\"https:\/\/www.cimentol.com\/en\/\"},{\"@type\":\"ListItem\",\"position\":2,\"name\":\"Shop\",\"item\":\"https:\/\/www.cimentol.com\/en\/shop\/\"},{\"@type\":\"ListItem\",\"position\":3,\"name\":\"CIMES FLEX SE D3\"}]},{\"@type\":\"WebSite\",\"@id\":\"https:\/\/www.cimentol.com\/en\/#website\",\"url\":\"https:\/\/www.cimentol.com\/en\/\",\"name\":\"Cimentol\",\"description\":\"\",\"publisher\":{\"@id\":\"https:\/\/www.cimentol.com\/en\/#organization\"},\"potentialAction\":[{\"@type\":\"SearchAction\",\"target\":{\"@type\":\"EntryPoint\",\"urlTemplate\":\"https:\/\/www.cimentol.com\/en\/?s={search_term_string}\"},\"query-input\":{\"@type\":\"PropertyValueSpecification\",\"valueRequired\":true,\"valueName\":\"search_term_string\"}}],\"inLanguage\":\"en-US\"},{\"@type\":\"Organization\",\"@id\":\"https:\/\/www.cimentol.com\/en\/#organization\",\"name\":\"Cimentol\",\"url\":\"https:\/\/www.cimentol.com\/en\/\",\"logo\":{\"@type\":\"ImageObject\",\"inLanguage\":\"en-US\",\"@id\":\"https:\/\/www.cimentol.com\/en\/#\/schema\/logo\/image\/\",\"url\":\"https:\/\/www.cimentol.com\/wp-content\/uploads\/2022\/08\/cimentol-logo.png\",\"contentUrl\":\"https:\/\/www.cimentol.com\/wp-content\/uploads\/2022\/08\/cimentol-logo.png\",\"width\":1181,\"height\":250,\"caption\":\"Cimentol\"},\"image\":{\"@id\":\"https:\/\/www.cimentol.com\/en\/#\/schema\/logo\/image\/\"}}]}<\/script>\n<!-- \/ Yoast SEO plugin. -->","yoast_head_json":{"title":"CIMES FLEX SE D3 - Cimentol","robots":{"index":"index","follow":"follow","max-snippet":"max-snippet:-1","max-image-preview":"max-image-preview:large","max-video-preview":"max-video-preview:-1"},"canonical":"https:\/\/www.cimentol.com\/en\/produit\/cimes-flex-se-d3\/","og_locale":"en_US","og_type":"article","og_title":"CIMES FLEX SE D3 - Cimentol","og_description":"PEINTURE ACRYLIQUE MATE DE FACADE GARNISSANTE SEMI EPAISSE TYPE D3 POUR TRAVAUX SOIGNES ET COURANT EN PHASE AQUEUSE \u2013 ASPECT MAT","og_url":"https:\/\/www.cimentol.com\/en\/produit\/cimes-flex-se-d3\/","og_site_name":"Cimentol","article_modified_time":"2025-09-29T09:13:57+00:00","og_image":[{"width":2362,"height":2362,"url":"https:\/\/www.cimentol.com\/wp-content\/uploads\/2022\/03\/VIGNNETTE-CIMES-FLEX-SE-D3-BD.jpg","type":"image\/jpeg"}],"twitter_card":"summary_large_image","twitter_misc":{"Est. reading time":"1 minute"},"schema":{"@context":"https:\/\/schema.org","@graph":[{"@type":"WebPage","@id":"https:\/\/www.cimentol.com\/en\/produit\/cimes-flex-se-d3\/","url":"https:\/\/www.cimentol.com\/en\/produit\/cimes-flex-se-d3\/","name":"CIMES FLEX SE D3 - Cimentol","isPartOf":{"@id":"https:\/\/www.cimentol.com\/en\/#website"},"primaryImageOfPage":{"@id":"https:\/\/www.cimentol.com\/en\/produit\/cimes-flex-se-d3\/#primaryimage"},"image":{"@id":"https:\/\/www.cimentol.com\/en\/produit\/cimes-flex-se-d3\/#primaryimage"},"thumbnailUrl":"https:\/\/www.cimentol.com\/wp-content\/uploads\/2022\/03\/VIGNNETTE-CIMES-FLEX-SE-D3-BD.jpg","datePublished":"2022-03-28T12:41:34+00:00","dateModified":"2025-09-29T09:13:57+00:00","breadcrumb":{"@id":"https:\/\/www.cimentol.com\/en\/produit\/cimes-flex-se-d3\/#breadcrumb"},"inLanguage":"en-US","potentialAction":[{"@type":"ReadAction","target":["https:\/\/www.cimentol.com\/en\/produit\/cimes-flex-se-d3\/"]}]},{"@type":"ImageObject","inLanguage":"en-US","@id":"https:\/\/www.cimentol.com\/en\/produit\/cimes-flex-se-d3\/#primaryimage","url":"https:\/\/www.cimentol.com\/wp-content\/uploads\/2022\/03\/VIGNNETTE-CIMES-FLEX-SE-D3-BD.jpg","contentUrl":"https:\/\/www.cimentol.com\/wp-content\/uploads\/2022\/03\/VIGNNETTE-CIMES-FLEX-SE-D3-BD.jpg","width":2362,"height":2362},{"@type":"BreadcrumbList","@id":"https:\/\/www.cimentol.com\/en\/produit\/cimes-flex-se-d3\/#breadcrumb","itemListElement":[{"@type":"ListItem","position":1,"name":"Accueil","item":"https:\/\/www.cimentol.com\/en\/"},{"@type":"ListItem","position":2,"name":"Shop","item":"https:\/\/www.cimentol.com\/en\/shop\/"},{"@type":"ListItem","position":3,"name":"CIMES FLEX SE D3"}]},{"@type":"WebSite","@id":"https:\/\/www.cimentol.com\/en\/#website","url":"https:\/\/www.cimentol.com\/en\/","name":"Cimentol","description":"","publisher":{"@id":"https:\/\/www.cimentol.com\/en\/#organization"},"potentialAction":[{"@type":"SearchAction","target":{"@type":"EntryPoint","urlTemplate":"https:\/\/www.cimentol.com\/en\/?s={search_term_string}"},"query-input":{"@type":"PropertyValueSpecification","valueRequired":true,"valueName":"search_term_string"}}],"inLanguage":"en-US"},{"@type":"Organization","@id":"https:\/\/www.cimentol.com\/en\/#organization","name":"Cimentol","url":"https:\/\/www.cimentol.com\/en\/","logo":{"@type":"ImageObject","inLanguage":"en-US","@id":"https:\/\/www.cimentol.com\/en\/#\/schema\/logo\/image\/","url":"https:\/\/www.cimentol.com\/wp-content\/uploads\/2022\/08\/cimentol-logo.png","contentUrl":"https:\/\/www.cimentol.com\/wp-content\/uploads\/2022\/08\/cimentol-logo.png","width":1181,"height":250,"caption":"Cimentol"},"image":{"@id":"https:\/\/www.cimentol.com\/en\/#\/schema\/logo\/image\/"}}]}},"_links":{"self":[{"href":"https:\/\/www.cimentol.com\/en\/wp-json\/wp\/v2\/product\/4836","targetHints":{"allow":["GET"]}}],"collection":[{"href":"https:\/\/www.cimentol.com\/en\/wp-json\/wp\/v2\/product"}],"about":[{"href":"https:\/\/www.cimentol.com\/en\/wp-json\/wp\/v2\/types\/product"}],"wp:featuredmedia":[{"embeddable":true,"href":"https:\/\/www.cimentol.com\/en\/wp-json\/wp\/v2\/media\/5899"}],"wp:attachment":[{"href":"https:\/\/www.cimentol.com\/en\/wp-json\/wp\/v2\/media?parent=4836"}],"wp:term":[{"taxonomy":"product_brand","embeddable":true,"href":"https:\/\/www.cimentol.com\/en\/wp-json\/wp\/v2\/product_brand?post=4836"},{"taxonomy":"product_cat","embeddable":true,"href":"https:\/\/www.cimentol.com\/en\/wp-json\/wp\/v2\/product_cat?post=4836"},{"taxonomy":"product_tag","embeddable":true,"href":"https:\/\/www.cimentol.com\/en\/wp-json\/wp\/v2\/product_tag?post=4836"},{"taxonomy":"gamme","embeddable":true,"href":"https:\/\/www.cimentol.com\/en\/wp-json\/wp\/v2\/gamme?post=4836"}],"curies":[{"name":"wp","href":"https:\/\/api.w.org\/{rel}","templated":true}]}}