{"id":4798,"date":"2022-01-17T15:24:52","date_gmt":"2022-01-17T14:24:52","guid":{"rendered":"https:\/\/www.cimentol.com\/?post_type=product&#038;p=4798"},"modified":"2022-06-30T15:37:42","modified_gmt":"2022-06-30T13:37:42","slug":"alpacryl-mat-extra","status":"publish","type":"product","link":"https:\/\/www.cimentol.com\/en\/produit\/alpacryl-mat-extra\/","title":{"rendered":"ALPACRYL MAT EXTRA"},"content":{"rendered":"<p><em>Caract\u00e9ristiques principales\u00a0:<\/em><\/p>\n<ul>\n<li><strong>Bon pouvoir opacifiante et garnissant<\/strong><\/li>\n<li>Faible odeur<\/li>\n<li>S\u00e9chage rapide\u00a0: mise \u00e0 disposition rapide des locaux trait\u00e9s<\/li>\n<li>Pr\u00eate \u00e0 l\u2019emploi<\/li>\n<li>Fonction AIR QUALI (par addition de la soludose Air Quali) qui capte et d\u00e9truit les polluants int\u00e9rieurs tels que formald\u00e9hydes, hexald\u00e9hydes et ac\u00e9tald\u00e9hydes<\/li>\n<\/ul>\n","protected":false},"excerpt":{"rendered":"<p><strong>PEINTURE DE FINITION ACRYLIQUE MATE\u00a0<\/strong><strong>POUR TRAVAUX COURANTS ET SOIGNES D\u2019INTERIEUR ET D\u2019EXTERIEUR<\/strong><\/p>\n","protected":false},"featured_media":5822,"template":"","meta":{"_acf_changed":false,"inline_featured_image":false},"product_brand":[],"product_cat":[1783,1488,1504,1506,1508,1514,1518,48,54],"product_tag":[],"gamme":[1426],"class_list":{"0":"post-4798","1":"product","2":"type-product","3":"status-publish","4":"has-post-thumbnail","6":"product_cat-application-mixte","7":"product_cat-grands-chantiers-2","8":"product_cat-int-ext-grands-chantiers-2","9":"product_cat-exterieur-int-ext-grands-chantiers-2","10":"product_cat-interieur-int-ext-grands-chantiers-2","11":"product_cat-aqueuse-phase-grands-chantiers-2","12":"product_cat-finition-tous-produits-grands-chantiers-2","13":"product_cat-peintures-et-vernis-decoratifs","14":"product_cat-grands-chantiers","15":"gamme-alpa","17":"first","18":"instock","19":"shipping-taxable","20":"product-type-simple"},"acf":[],"yoast_head":"<!-- This site is optimized with the Yoast SEO plugin v25.9 - https:\/\/yoast.com\/wordpress\/plugins\/seo\/ -->\n<title>ALPACRYL MAT EXTRA - Cimentol<\/title>\n<meta name=\"robots\" content=\"index, follow, max-snippet:-1, max-image-preview:large, max-video-preview:-1\" \/>\n<link rel=\"canonical\" href=\"https:\/\/www.cimentol.com\/en\/produit\/alpacryl-mat-extra\/\" \/>\n<meta property=\"og:locale\" content=\"en_US\" \/>\n<meta property=\"og:type\" content=\"article\" \/>\n<meta property=\"og:title\" content=\"ALPACRYL MAT EXTRA - Cimentol\" \/>\n<meta property=\"og:description\" content=\"PEINTURE DE FINITION ACRYLIQUE MATE\u00a0POUR TRAVAUX COURANTS ET SOIGNES D\u2019INTERIEUR ET D\u2019EXTERIEUR\" \/>\n<meta property=\"og:url\" content=\"https:\/\/www.cimentol.com\/en\/produit\/alpacryl-mat-extra\/\" \/>\n<meta property=\"og:site_name\" content=\"Cimentol\" \/>\n<meta property=\"article:modified_time\" content=\"2022-06-30T13:37:42+00:00\" \/>\n<meta property=\"og:image\" content=\"https:\/\/www.cimentol.com\/wp-content\/uploads\/2022\/01\/VIGNETTE-ALPACRYL-15L-MAT-EXTRA-BD.jpg\" \/>\n\t<meta property=\"og:image:width\" content=\"2362\" \/>\n\t<meta property=\"og:image:height\" content=\"2362\" \/>\n\t<meta property=\"og:image:type\" content=\"image\/jpeg\" \/>\n<meta name=\"twitter:card\" content=\"summary_large_image\" \/>\n<meta name=\"twitter:label1\" content=\"Est. reading time\" \/>\n\t<meta name=\"twitter:data1\" content=\"1 minute\" \/>\n<script type=\"application\/ld+json\" class=\"yoast-schema-graph\">{\"@context\":\"https:\/\/schema.org\",\"@graph\":[{\"@type\":\"WebPage\",\"@id\":\"https:\/\/www.cimentol.com\/en\/produit\/alpacryl-mat-extra\/\",\"url\":\"https:\/\/www.cimentol.com\/en\/produit\/alpacryl-mat-extra\/\",\"name\":\"ALPACRYL MAT EXTRA - Cimentol\",\"isPartOf\":{\"@id\":\"https:\/\/www.cimentol.com\/en\/#website\"},\"primaryImageOfPage\":{\"@id\":\"https:\/\/www.cimentol.com\/en\/produit\/alpacryl-mat-extra\/#primaryimage\"},\"image\":{\"@id\":\"https:\/\/www.cimentol.com\/en\/produit\/alpacryl-mat-extra\/#primaryimage\"},\"thumbnailUrl\":\"https:\/\/www.cimentol.com\/wp-content\/uploads\/2022\/01\/VIGNETTE-ALPACRYL-15L-MAT-EXTRA-BD.jpg\",\"datePublished\":\"2022-01-17T14:24:52+00:00\",\"dateModified\":\"2022-06-30T13:37:42+00:00\",\"breadcrumb\":{\"@id\":\"https:\/\/www.cimentol.com\/en\/produit\/alpacryl-mat-extra\/#breadcrumb\"},\"inLanguage\":\"en-US\",\"potentialAction\":[{\"@type\":\"ReadAction\",\"target\":[\"https:\/\/www.cimentol.com\/en\/produit\/alpacryl-mat-extra\/\"]}]},{\"@type\":\"ImageObject\",\"inLanguage\":\"en-US\",\"@id\":\"https:\/\/www.cimentol.com\/en\/produit\/alpacryl-mat-extra\/#primaryimage\",\"url\":\"https:\/\/www.cimentol.com\/wp-content\/uploads\/2022\/01\/VIGNETTE-ALPACRYL-15L-MAT-EXTRA-BD.jpg\",\"contentUrl\":\"https:\/\/www.cimentol.com\/wp-content\/uploads\/2022\/01\/VIGNETTE-ALPACRYL-15L-MAT-EXTRA-BD.jpg\",\"width\":2362,\"height\":2362},{\"@type\":\"BreadcrumbList\",\"@id\":\"https:\/\/www.cimentol.com\/en\/produit\/alpacryl-mat-extra\/#breadcrumb\",\"itemListElement\":[{\"@type\":\"ListItem\",\"position\":1,\"name\":\"Accueil\",\"item\":\"https:\/\/www.cimentol.com\/en\/\"},{\"@type\":\"ListItem\",\"position\":2,\"name\":\"Shop\",\"item\":\"https:\/\/www.cimentol.com\/en\/shop\/\"},{\"@type\":\"ListItem\",\"position\":3,\"name\":\"ALPACRYL MAT EXTRA\"}]},{\"@type\":\"WebSite\",\"@id\":\"https:\/\/www.cimentol.com\/en\/#website\",\"url\":\"https:\/\/www.cimentol.com\/en\/\",\"name\":\"Cimentol\",\"description\":\"\",\"publisher\":{\"@id\":\"https:\/\/www.cimentol.com\/en\/#organization\"},\"potentialAction\":[{\"@type\":\"SearchAction\",\"target\":{\"@type\":\"EntryPoint\",\"urlTemplate\":\"https:\/\/www.cimentol.com\/en\/?s={search_term_string}\"},\"query-input\":{\"@type\":\"PropertyValueSpecification\",\"valueRequired\":true,\"valueName\":\"search_term_string\"}}],\"inLanguage\":\"en-US\"},{\"@type\":\"Organization\",\"@id\":\"https:\/\/www.cimentol.com\/en\/#organization\",\"name\":\"Cimentol\",\"url\":\"https:\/\/www.cimentol.com\/en\/\",\"logo\":{\"@type\":\"ImageObject\",\"inLanguage\":\"en-US\",\"@id\":\"https:\/\/www.cimentol.com\/en\/#\/schema\/logo\/image\/\",\"url\":\"https:\/\/www.cimentol.com\/wp-content\/uploads\/2022\/08\/cimentol-logo.png\",\"contentUrl\":\"https:\/\/www.cimentol.com\/wp-content\/uploads\/2022\/08\/cimentol-logo.png\",\"width\":1181,\"height\":250,\"caption\":\"Cimentol\"},\"image\":{\"@id\":\"https:\/\/www.cimentol.com\/en\/#\/schema\/logo\/image\/\"}}]}<\/script>\n<!-- \/ Yoast SEO plugin. -->","yoast_head_json":{"title":"ALPACRYL MAT EXTRA - Cimentol","robots":{"index":"index","follow":"follow","max-snippet":"max-snippet:-1","max-image-preview":"max-image-preview:large","max-video-preview":"max-video-preview:-1"},"canonical":"https:\/\/www.cimentol.com\/en\/produit\/alpacryl-mat-extra\/","og_locale":"en_US","og_type":"article","og_title":"ALPACRYL MAT EXTRA - Cimentol","og_description":"PEINTURE DE FINITION ACRYLIQUE MATE\u00a0POUR TRAVAUX COURANTS ET SOIGNES D\u2019INTERIEUR ET D\u2019EXTERIEUR","og_url":"https:\/\/www.cimentol.com\/en\/produit\/alpacryl-mat-extra\/","og_site_name":"Cimentol","article_modified_time":"2022-06-30T13:37:42+00:00","og_image":[{"width":2362,"height":2362,"url":"https:\/\/www.cimentol.com\/wp-content\/uploads\/2022\/01\/VIGNETTE-ALPACRYL-15L-MAT-EXTRA-BD.jpg","type":"image\/jpeg"}],"twitter_card":"summary_large_image","twitter_misc":{"Est. reading time":"1 minute"},"schema":{"@context":"https:\/\/schema.org","@graph":[{"@type":"WebPage","@id":"https:\/\/www.cimentol.com\/en\/produit\/alpacryl-mat-extra\/","url":"https:\/\/www.cimentol.com\/en\/produit\/alpacryl-mat-extra\/","name":"ALPACRYL MAT EXTRA - Cimentol","isPartOf":{"@id":"https:\/\/www.cimentol.com\/en\/#website"},"primaryImageOfPage":{"@id":"https:\/\/www.cimentol.com\/en\/produit\/alpacryl-mat-extra\/#primaryimage"},"image":{"@id":"https:\/\/www.cimentol.com\/en\/produit\/alpacryl-mat-extra\/#primaryimage"},"thumbnailUrl":"https:\/\/www.cimentol.com\/wp-content\/uploads\/2022\/01\/VIGNETTE-ALPACRYL-15L-MAT-EXTRA-BD.jpg","datePublished":"2022-01-17T14:24:52+00:00","dateModified":"2022-06-30T13:37:42+00:00","breadcrumb":{"@id":"https:\/\/www.cimentol.com\/en\/produit\/alpacryl-mat-extra\/#breadcrumb"},"inLanguage":"en-US","potentialAction":[{"@type":"ReadAction","target":["https:\/\/www.cimentol.com\/en\/produit\/alpacryl-mat-extra\/"]}]},{"@type":"ImageObject","inLanguage":"en-US","@id":"https:\/\/www.cimentol.com\/en\/produit\/alpacryl-mat-extra\/#primaryimage","url":"https:\/\/www.cimentol.com\/wp-content\/uploads\/2022\/01\/VIGNETTE-ALPACRYL-15L-MAT-EXTRA-BD.jpg","contentUrl":"https:\/\/www.cimentol.com\/wp-content\/uploads\/2022\/01\/VIGNETTE-ALPACRYL-15L-MAT-EXTRA-BD.jpg","width":2362,"height":2362},{"@type":"BreadcrumbList","@id":"https:\/\/www.cimentol.com\/en\/produit\/alpacryl-mat-extra\/#breadcrumb","itemListElement":[{"@type":"ListItem","position":1,"name":"Accueil","item":"https:\/\/www.cimentol.com\/en\/"},{"@type":"ListItem","position":2,"name":"Shop","item":"https:\/\/www.cimentol.com\/en\/shop\/"},{"@type":"ListItem","position":3,"name":"ALPACRYL MAT EXTRA"}]},{"@type":"WebSite","@id":"https:\/\/www.cimentol.com\/en\/#website","url":"https:\/\/www.cimentol.com\/en\/","name":"Cimentol","description":"","publisher":{"@id":"https:\/\/www.cimentol.com\/en\/#organization"},"potentialAction":[{"@type":"SearchAction","target":{"@type":"EntryPoint","urlTemplate":"https:\/\/www.cimentol.com\/en\/?s={search_term_string}"},"query-input":{"@type":"PropertyValueSpecification","valueRequired":true,"valueName":"search_term_string"}}],"inLanguage":"en-US"},{"@type":"Organization","@id":"https:\/\/www.cimentol.com\/en\/#organization","name":"Cimentol","url":"https:\/\/www.cimentol.com\/en\/","logo":{"@type":"ImageObject","inLanguage":"en-US","@id":"https:\/\/www.cimentol.com\/en\/#\/schema\/logo\/image\/","url":"https:\/\/www.cimentol.com\/wp-content\/uploads\/2022\/08\/cimentol-logo.png","contentUrl":"https:\/\/www.cimentol.com\/wp-content\/uploads\/2022\/08\/cimentol-logo.png","width":1181,"height":250,"caption":"Cimentol"},"image":{"@id":"https:\/\/www.cimentol.com\/en\/#\/schema\/logo\/image\/"}}]}},"_links":{"self":[{"href":"https:\/\/www.cimentol.com\/en\/wp-json\/wp\/v2\/product\/4798","targetHints":{"allow":["GET"]}}],"collection":[{"href":"https:\/\/www.cimentol.com\/en\/wp-json\/wp\/v2\/product"}],"about":[{"href":"https:\/\/www.cimentol.com\/en\/wp-json\/wp\/v2\/types\/product"}],"wp:featuredmedia":[{"embeddable":true,"href":"https:\/\/www.cimentol.com\/en\/wp-json\/wp\/v2\/media\/5822"}],"wp:attachment":[{"href":"https:\/\/www.cimentol.com\/en\/wp-json\/wp\/v2\/media?parent=4798"}],"wp:term":[{"taxonomy":"product_brand","embeddable":true,"href":"https:\/\/www.cimentol.com\/en\/wp-json\/wp\/v2\/product_brand?post=4798"},{"taxonomy":"product_cat","embeddable":true,"href":"https:\/\/www.cimentol.com\/en\/wp-json\/wp\/v2\/product_cat?post=4798"},{"taxonomy":"product_tag","embeddable":true,"href":"https:\/\/www.cimentol.com\/en\/wp-json\/wp\/v2\/product_tag?post=4798"},{"taxonomy":"gamme","embeddable":true,"href":"https:\/\/www.cimentol.com\/en\/wp-json\/wp\/v2\/gamme?post=4798"}],"curies":[{"name":"wp","href":"https:\/\/api.w.org\/{rel}","templated":true}]}}