{"id":4721,"date":"2022-01-12T15:47:28","date_gmt":"2022-01-12T14:47:28","guid":{"rendered":"https:\/\/www.cimentol.com\/?post_type=product&#038;p=4721"},"modified":"2022-09-29T12:11:43","modified_gmt":"2022-09-29T10:11:43","slug":"cim-polytoile-premium","status":"publish","type":"product","link":"https:\/\/www.cimentol.com\/en\/produit\/cim-polytoile-premium\/","title":{"rendered":"CIM POLYTOILE PREMIUM"},"content":{"rendered":"<p>Cimentol met \u00e0 disposition de la toile de fibre de polyester non tiss\u00e9e sp\u00e9cialement \u00e9tudi\u00e9e pour le syst\u00e8me <strong>ROOFTHAN SEL<\/strong>. Celle-ci est utilis\u00e9e en compl\u00e9ment des r\u00e9sines polyaspartiques \u00e0 deux composants <strong>ROOFTHAN SEL,<\/strong> en lien ou localement dans le traitement des points singuliers dans le but de renforcer m\u00e9caniquement le syst\u00e8me et l\u2019\u00e9tanch\u00e9it\u00e9 durablement.<\/p>\n<p>Cette toile garantit une meilleure r\u00e9sistance au poin\u00e7onnement, une meilleure stabilit\u00e9 du syst\u00e8me sur des supports instables, une plus forte r\u00e9sistance \u00e0 la fissuration, corrige les irr\u00e9gularit\u00e9s du support et permet de mieux g\u00e9rer la consommation de r\u00e9sine.<\/p>\n<p>&nbsp;<\/p>\n<table style=\"border-color: #000000; width: 687px;\" border=\"1\" width=\"687\">\n<tbody>\n<tr>\n<td style=\"width: 222.047px;\">\n<p><strong>Propri\u00e9t\u00e9s<\/strong><\/p>\n<\/td>\n<td style=\"width: 221.344px;\">\n<p><strong>M\u00e9thode de test<\/strong><\/p>\n<\/td>\n<td style=\"width: 221.609px;\">\n<p><strong>Cim Polytoile Premium<\/strong><\/p>\n<\/td>\n<\/tr>\n<tr>\n<td style=\"width: 222.047px;\">\n<p>Composition<\/p>\n<\/td>\n<td style=\"width: 221.344px;\">\n<p>&nbsp;<\/p>\n<\/td>\n<td style=\"width: 221.609px;\">\n<p>100% PET<\/p>\n<\/td>\n<\/tr>\n<tr>\n<td style=\"width: 222.047px;\">\n<p>Grammage<\/p>\n<\/td>\n<td style=\"width: 221.344px;\">\n<p>DIN EN 29073 T.1<\/p>\n<\/td>\n<td style=\"width: 221.609px;\">\n<p>50g\/m\u00b2<\/p>\n<\/td>\n<\/tr>\n<tr>\n<td style=\"width: 222.047px;\">\n<p>Epaisseur<\/p>\n<\/td>\n<td style=\"width: 221.344px;\">\n<p>DIN EN ISO 9073.2<\/p>\n<\/td>\n<td style=\"width: 221.609px;\">\n<p>0.230 mm<\/p>\n<\/td>\n<\/tr>\n<tr>\n<td style=\"width: 222.047px;\">\n<p>R\u00e9sistance \u00e0 la rupture<\/p>\n<\/td>\n<td style=\"width: 221.344px;\">\n<p>DIN EN 29073 T.3<\/p>\n<\/td>\n<td style=\"width: 221.609px;\">\n<p>120 N\/5 cm MD<\/p>\n<p>120 N\/5 cm CD<\/p>\n<\/td>\n<\/tr>\n<tr>\n<td style=\"width: 222.047px;\">\n<p>Elongation \u00e0 la rupture<\/p>\n<\/td>\n<td style=\"width: 221.344px;\">\n<p>DIN EN 29073 T.3<\/p>\n<p>&nbsp;<\/p>\n<\/td>\n<td style=\"width: 221.609px;\">\n<p>27,0% MD<\/p>\n<p>29,0% CD<\/p>\n<\/td>\n<\/tr>\n<\/tbody>\n<\/table>\n<p>&nbsp;<\/p>\n","protected":false},"excerpt":{"rendered":"<p><strong>TOILE DE FIBRE POLYESTER POUR SYSTEME ROOFTHAN SEL <\/strong><\/p>\n","protected":false},"featured_media":5868,"template":"","meta":{"_acf_changed":false,"inline_featured_image":false},"product_brand":[],"product_cat":[150,486,484,526,528,530,536,568,30],"product_tag":[],"gamme":[1415],"class_list":{"0":"post-4721","1":"product","2":"type-product","3":"status-publish","4":"has-post-thumbnail","6":"product_cat-peintures-et-resines-de-sol-peintures-et-resines-techniques","7":"product_cat-exterieur","8":"product_cat-interieur","9":"product_cat-label-et-agrement","10":"product_cat-environnement","11":"product_cat-a","12":"product_cat-excell-zone-bleu","13":"product_cat-sel","14":"product_cat-peintures-et-resines-techniques","15":"gamme-roofthan","17":"first","18":"instock","19":"shipping-taxable","20":"product-type-simple"},"acf":[],"yoast_head":"<!-- This site is optimized with the Yoast SEO plugin v25.9 - https:\/\/yoast.com\/wordpress\/plugins\/seo\/ -->\n<title>CIM POLYTOILE PREMIUM - Cimentol<\/title>\n<meta name=\"robots\" content=\"index, follow, max-snippet:-1, max-image-preview:large, max-video-preview:-1\" \/>\n<link rel=\"canonical\" href=\"https:\/\/www.cimentol.com\/en\/produit\/cim-polytoile-premium\/\" \/>\n<meta property=\"og:locale\" content=\"en_US\" \/>\n<meta property=\"og:type\" content=\"article\" \/>\n<meta property=\"og:title\" content=\"CIM POLYTOILE PREMIUM - Cimentol\" \/>\n<meta property=\"og:description\" content=\"TOILE DE FIBRE POLYESTER POUR SYSTEME ROOFTHAN SEL\" \/>\n<meta property=\"og:url\" content=\"https:\/\/www.cimentol.com\/en\/produit\/cim-polytoile-premium\/\" \/>\n<meta property=\"og:site_name\" content=\"Cimentol\" \/>\n<meta property=\"article:modified_time\" content=\"2022-09-29T10:11:43+00:00\" \/>\n<meta property=\"og:image\" content=\"https:\/\/www.cimentol.com\/wp-content\/uploads\/2022\/01\/38302-fibre-a-peindre-100-intisse-variovlies.jpeg\" \/>\n\t<meta property=\"og:image:width\" content=\"800\" \/>\n\t<meta property=\"og:image:height\" content=\"800\" \/>\n\t<meta property=\"og:image:type\" content=\"image\/jpeg\" \/>\n<meta name=\"twitter:card\" content=\"summary_large_image\" \/>\n<meta name=\"twitter:label1\" content=\"Est. reading time\" \/>\n\t<meta name=\"twitter:data1\" content=\"1 minute\" \/>\n<script type=\"application\/ld+json\" class=\"yoast-schema-graph\">{\"@context\":\"https:\/\/schema.org\",\"@graph\":[{\"@type\":\"WebPage\",\"@id\":\"https:\/\/www.cimentol.com\/en\/produit\/cim-polytoile-premium\/\",\"url\":\"https:\/\/www.cimentol.com\/en\/produit\/cim-polytoile-premium\/\",\"name\":\"CIM POLYTOILE PREMIUM - Cimentol\",\"isPartOf\":{\"@id\":\"https:\/\/www.cimentol.com\/en\/#website\"},\"primaryImageOfPage\":{\"@id\":\"https:\/\/www.cimentol.com\/en\/produit\/cim-polytoile-premium\/#primaryimage\"},\"image\":{\"@id\":\"https:\/\/www.cimentol.com\/en\/produit\/cim-polytoile-premium\/#primaryimage\"},\"thumbnailUrl\":\"https:\/\/www.cimentol.com\/wp-content\/uploads\/2022\/01\/38302-fibre-a-peindre-100-intisse-variovlies.jpeg\",\"datePublished\":\"2022-01-12T14:47:28+00:00\",\"dateModified\":\"2022-09-29T10:11:43+00:00\",\"breadcrumb\":{\"@id\":\"https:\/\/www.cimentol.com\/en\/produit\/cim-polytoile-premium\/#breadcrumb\"},\"inLanguage\":\"en-US\",\"potentialAction\":[{\"@type\":\"ReadAction\",\"target\":[\"https:\/\/www.cimentol.com\/en\/produit\/cim-polytoile-premium\/\"]}]},{\"@type\":\"ImageObject\",\"inLanguage\":\"en-US\",\"@id\":\"https:\/\/www.cimentol.com\/en\/produit\/cim-polytoile-premium\/#primaryimage\",\"url\":\"https:\/\/www.cimentol.com\/wp-content\/uploads\/2022\/01\/38302-fibre-a-peindre-100-intisse-variovlies.jpeg\",\"contentUrl\":\"https:\/\/www.cimentol.com\/wp-content\/uploads\/2022\/01\/38302-fibre-a-peindre-100-intisse-variovlies.jpeg\",\"width\":800,\"height\":800},{\"@type\":\"BreadcrumbList\",\"@id\":\"https:\/\/www.cimentol.com\/en\/produit\/cim-polytoile-premium\/#breadcrumb\",\"itemListElement\":[{\"@type\":\"ListItem\",\"position\":1,\"name\":\"Accueil\",\"item\":\"https:\/\/www.cimentol.com\/en\/\"},{\"@type\":\"ListItem\",\"position\":2,\"name\":\"Shop\",\"item\":\"https:\/\/www.cimentol.com\/en\/shop\/\"},{\"@type\":\"ListItem\",\"position\":3,\"name\":\"CIM POLYTOILE PREMIUM\"}]},{\"@type\":\"WebSite\",\"@id\":\"https:\/\/www.cimentol.com\/en\/#website\",\"url\":\"https:\/\/www.cimentol.com\/en\/\",\"name\":\"Cimentol\",\"description\":\"\",\"publisher\":{\"@id\":\"https:\/\/www.cimentol.com\/en\/#organization\"},\"potentialAction\":[{\"@type\":\"SearchAction\",\"target\":{\"@type\":\"EntryPoint\",\"urlTemplate\":\"https:\/\/www.cimentol.com\/en\/?s={search_term_string}\"},\"query-input\":{\"@type\":\"PropertyValueSpecification\",\"valueRequired\":true,\"valueName\":\"search_term_string\"}}],\"inLanguage\":\"en-US\"},{\"@type\":\"Organization\",\"@id\":\"https:\/\/www.cimentol.com\/en\/#organization\",\"name\":\"Cimentol\",\"url\":\"https:\/\/www.cimentol.com\/en\/\",\"logo\":{\"@type\":\"ImageObject\",\"inLanguage\":\"en-US\",\"@id\":\"https:\/\/www.cimentol.com\/en\/#\/schema\/logo\/image\/\",\"url\":\"https:\/\/www.cimentol.com\/wp-content\/uploads\/2022\/08\/cimentol-logo.png\",\"contentUrl\":\"https:\/\/www.cimentol.com\/wp-content\/uploads\/2022\/08\/cimentol-logo.png\",\"width\":1181,\"height\":250,\"caption\":\"Cimentol\"},\"image\":{\"@id\":\"https:\/\/www.cimentol.com\/en\/#\/schema\/logo\/image\/\"}}]}<\/script>\n<!-- \/ Yoast SEO plugin. -->","yoast_head_json":{"title":"CIM POLYTOILE PREMIUM - Cimentol","robots":{"index":"index","follow":"follow","max-snippet":"max-snippet:-1","max-image-preview":"max-image-preview:large","max-video-preview":"max-video-preview:-1"},"canonical":"https:\/\/www.cimentol.com\/en\/produit\/cim-polytoile-premium\/","og_locale":"en_US","og_type":"article","og_title":"CIM POLYTOILE PREMIUM - Cimentol","og_description":"TOILE DE FIBRE POLYESTER POUR SYSTEME ROOFTHAN SEL","og_url":"https:\/\/www.cimentol.com\/en\/produit\/cim-polytoile-premium\/","og_site_name":"Cimentol","article_modified_time":"2022-09-29T10:11:43+00:00","og_image":[{"width":800,"height":800,"url":"https:\/\/www.cimentol.com\/wp-content\/uploads\/2022\/01\/38302-fibre-a-peindre-100-intisse-variovlies.jpeg","type":"image\/jpeg"}],"twitter_card":"summary_large_image","twitter_misc":{"Est. reading time":"1 minute"},"schema":{"@context":"https:\/\/schema.org","@graph":[{"@type":"WebPage","@id":"https:\/\/www.cimentol.com\/en\/produit\/cim-polytoile-premium\/","url":"https:\/\/www.cimentol.com\/en\/produit\/cim-polytoile-premium\/","name":"CIM POLYTOILE PREMIUM - Cimentol","isPartOf":{"@id":"https:\/\/www.cimentol.com\/en\/#website"},"primaryImageOfPage":{"@id":"https:\/\/www.cimentol.com\/en\/produit\/cim-polytoile-premium\/#primaryimage"},"image":{"@id":"https:\/\/www.cimentol.com\/en\/produit\/cim-polytoile-premium\/#primaryimage"},"thumbnailUrl":"https:\/\/www.cimentol.com\/wp-content\/uploads\/2022\/01\/38302-fibre-a-peindre-100-intisse-variovlies.jpeg","datePublished":"2022-01-12T14:47:28+00:00","dateModified":"2022-09-29T10:11:43+00:00","breadcrumb":{"@id":"https:\/\/www.cimentol.com\/en\/produit\/cim-polytoile-premium\/#breadcrumb"},"inLanguage":"en-US","potentialAction":[{"@type":"ReadAction","target":["https:\/\/www.cimentol.com\/en\/produit\/cim-polytoile-premium\/"]}]},{"@type":"ImageObject","inLanguage":"en-US","@id":"https:\/\/www.cimentol.com\/en\/produit\/cim-polytoile-premium\/#primaryimage","url":"https:\/\/www.cimentol.com\/wp-content\/uploads\/2022\/01\/38302-fibre-a-peindre-100-intisse-variovlies.jpeg","contentUrl":"https:\/\/www.cimentol.com\/wp-content\/uploads\/2022\/01\/38302-fibre-a-peindre-100-intisse-variovlies.jpeg","width":800,"height":800},{"@type":"BreadcrumbList","@id":"https:\/\/www.cimentol.com\/en\/produit\/cim-polytoile-premium\/#breadcrumb","itemListElement":[{"@type":"ListItem","position":1,"name":"Accueil","item":"https:\/\/www.cimentol.com\/en\/"},{"@type":"ListItem","position":2,"name":"Shop","item":"https:\/\/www.cimentol.com\/en\/shop\/"},{"@type":"ListItem","position":3,"name":"CIM POLYTOILE PREMIUM"}]},{"@type":"WebSite","@id":"https:\/\/www.cimentol.com\/en\/#website","url":"https:\/\/www.cimentol.com\/en\/","name":"Cimentol","description":"","publisher":{"@id":"https:\/\/www.cimentol.com\/en\/#organization"},"potentialAction":[{"@type":"SearchAction","target":{"@type":"EntryPoint","urlTemplate":"https:\/\/www.cimentol.com\/en\/?s={search_term_string}"},"query-input":{"@type":"PropertyValueSpecification","valueRequired":true,"valueName":"search_term_string"}}],"inLanguage":"en-US"},{"@type":"Organization","@id":"https:\/\/www.cimentol.com\/en\/#organization","name":"Cimentol","url":"https:\/\/www.cimentol.com\/en\/","logo":{"@type":"ImageObject","inLanguage":"en-US","@id":"https:\/\/www.cimentol.com\/en\/#\/schema\/logo\/image\/","url":"https:\/\/www.cimentol.com\/wp-content\/uploads\/2022\/08\/cimentol-logo.png","contentUrl":"https:\/\/www.cimentol.com\/wp-content\/uploads\/2022\/08\/cimentol-logo.png","width":1181,"height":250,"caption":"Cimentol"},"image":{"@id":"https:\/\/www.cimentol.com\/en\/#\/schema\/logo\/image\/"}}]}},"_links":{"self":[{"href":"https:\/\/www.cimentol.com\/en\/wp-json\/wp\/v2\/product\/4721","targetHints":{"allow":["GET"]}}],"collection":[{"href":"https:\/\/www.cimentol.com\/en\/wp-json\/wp\/v2\/product"}],"about":[{"href":"https:\/\/www.cimentol.com\/en\/wp-json\/wp\/v2\/types\/product"}],"wp:featuredmedia":[{"embeddable":true,"href":"https:\/\/www.cimentol.com\/en\/wp-json\/wp\/v2\/media\/5868"}],"wp:attachment":[{"href":"https:\/\/www.cimentol.com\/en\/wp-json\/wp\/v2\/media?parent=4721"}],"wp:term":[{"taxonomy":"product_brand","embeddable":true,"href":"https:\/\/www.cimentol.com\/en\/wp-json\/wp\/v2\/product_brand?post=4721"},{"taxonomy":"product_cat","embeddable":true,"href":"https:\/\/www.cimentol.com\/en\/wp-json\/wp\/v2\/product_cat?post=4721"},{"taxonomy":"product_tag","embeddable":true,"href":"https:\/\/www.cimentol.com\/en\/wp-json\/wp\/v2\/product_tag?post=4721"},{"taxonomy":"gamme","embeddable":true,"href":"https:\/\/www.cimentol.com\/en\/wp-json\/wp\/v2\/gamme?post=4721"}],"curies":[{"name":"wp","href":"https:\/\/api.w.org\/{rel}","templated":true}]}}