{"id":4720,"date":"2022-04-03T11:00:56","date_gmt":"2022-04-03T09:00:56","guid":{"rendered":"https:\/\/www.cimentol.com\/?post_type=product&#038;p=4720"},"modified":"2025-10-31T12:11:32","modified_gmt":"2025-10-31T11:11:32","slug":"roofthan-sel-finition","status":"publish","type":"product","link":"https:\/\/www.cimentol.com\/en\/produit\/roofthan-sel-finition\/","title":{"rendered":"ROOFTHAN SEL FINITION"},"content":{"rendered":"<p><strong><em>Caract\u00e9ristiques principales<\/em><\/strong><em>\u00a0:<\/em><\/p>\n<ul>\n<li><strong>S\u00e9chage rapide\u00a0: <\/strong>un chantier complet dans la journ\u00e9e (r\u00e9paration + finition)\u00a0; travail frais dans le frais<\/li>\n<li><strong>Haute r\u00e9sistance \u00e0 l\u2019agression m\u00e9canique et aux UV<\/strong>, climat s\u00e9v\u00e8re de montagne<\/li>\n<li>Parfaite \u00e9tanch\u00e9it\u00e9 agr\u00e9ment CSTB \/ ETE \/ 10 ans\u00a0\/ ETAG 005<\/li>\n<li>S\u00e9chage \u00e0 basse temp\u00e9rature<\/li>\n<li>100% extrait sec, sans solvant<\/li>\n<li><strong>PV alimentaire <\/strong>et<strong> label Excell bleu<\/strong><\/li>\n<li>Stockage facile du fait des deux composants<\/li>\n<li>Teintable en pastel en machine<\/li>\n<\/ul>\n","protected":false},"excerpt":{"rendered":"<p><strong>FINITION POUR MEMBRANE D\u2019ETANCHEITE UNIVERSELLE POLYASPARTIQUE SANS SOLVANT BICOMPOSANTE A SECHAGE ULTRA RAPIDE<\/strong><\/p>\n","protected":false},"featured_media":5527,"template":"","meta":{"_acf_changed":false,"inline_featured_image":false},"product_brand":[],"product_cat":[1759,1762,72,268,270,282,310,334,300,482,486,484,526,528,530,536,542,552,568,446,476,522,502,462,408,30,32],"product_tag":[],"gamme":[1768,1415],"class_list":{"0":"post-4720","1":"product","2":"type-product","3":"status-publish","4":"has-post-thumbnail","6":"product_cat-nouveautes-nouveautes","7":"product_cat-tous-produits-nouveautes","8":"product_cat-nouveautes","9":"product_cat-destination","10":"product_cat-agro-alimentaire","11":"product_cat-ateliers-usines-hangar-entrepot-destination","12":"product_cat-copropriete-destination","13":"product_cat-etancheite","14":"product_cat-locaux-public","15":"product_cat-int-ext","16":"product_cat-exterieur","17":"product_cat-interieur","18":"product_cat-label-et-agrement","19":"product_cat-environnement","20":"product_cat-a","21":"product_cat-excell-zone-bleu","22":"product_cat-sans-solvant-environnement","23":"product_cat-pv-alimentaire","24":"product_cat-sel","25":"product_cat-brillant","26":"product_cat-sans-solvant","27":"product_cat-sechage-rapide","28":"product_cat-sol-beton-mortier-enduit","29":"product_cat-polyaspartique","30":"product_cat-finition","31":"product_cat-peintures-et-resines-techniques","32":"product_cat-peintures-et-resines-de-sol","33":"gamme-les-incontournables","34":"gamme-roofthan","36":"first","37":"instock","38":"shipping-taxable","39":"product-type-simple"},"acf":[],"yoast_head":"<!-- This site is optimized with the Yoast SEO plugin v25.9 - https:\/\/yoast.com\/wordpress\/plugins\/seo\/ -->\n<title>ROOFTHAN SEL FINITION - Cimentol<\/title>\n<meta name=\"robots\" content=\"index, follow, max-snippet:-1, max-image-preview:large, max-video-preview:-1\" \/>\n<link rel=\"canonical\" href=\"https:\/\/www.cimentol.com\/en\/produit\/roofthan-sel-finition\/\" \/>\n<meta property=\"og:locale\" content=\"en_US\" \/>\n<meta property=\"og:type\" content=\"article\" \/>\n<meta property=\"og:title\" content=\"ROOFTHAN SEL FINITION - Cimentol\" \/>\n<meta property=\"og:description\" content=\"FINITION POUR MEMBRANE D\u2019ETANCHEITE UNIVERSELLE POLYASPARTIQUE SANS SOLVANT BICOMPOSANTE A SECHAGE ULTRA RAPIDE\" \/>\n<meta property=\"og:url\" content=\"https:\/\/www.cimentol.com\/en\/produit\/roofthan-sel-finition\/\" \/>\n<meta property=\"og:site_name\" content=\"Cimentol\" \/>\n<meta property=\"article:modified_time\" content=\"2025-10-31T11:11:32+00:00\" \/>\n<meta property=\"og:image\" content=\"https:\/\/www.cimentol.com\/wp-content\/uploads\/2022\/01\/VIGNETTE-ROOFTHAN-5Kg.png\" \/>\n\t<meta property=\"og:image:width\" content=\"2362\" \/>\n\t<meta property=\"og:image:height\" content=\"2362\" \/>\n\t<meta property=\"og:image:type\" content=\"image\/png\" \/>\n<meta name=\"twitter:card\" content=\"summary_large_image\" \/>\n<meta name=\"twitter:label1\" content=\"Est. reading time\" \/>\n\t<meta name=\"twitter:data1\" content=\"1 minute\" \/>\n<script type=\"application\/ld+json\" class=\"yoast-schema-graph\">{\"@context\":\"https:\/\/schema.org\",\"@graph\":[{\"@type\":\"WebPage\",\"@id\":\"https:\/\/www.cimentol.com\/en\/produit\/roofthan-sel-finition\/\",\"url\":\"https:\/\/www.cimentol.com\/en\/produit\/roofthan-sel-finition\/\",\"name\":\"ROOFTHAN SEL FINITION - Cimentol\",\"isPartOf\":{\"@id\":\"https:\/\/www.cimentol.com\/en\/#website\"},\"primaryImageOfPage\":{\"@id\":\"https:\/\/www.cimentol.com\/en\/produit\/roofthan-sel-finition\/#primaryimage\"},\"image\":{\"@id\":\"https:\/\/www.cimentol.com\/en\/produit\/roofthan-sel-finition\/#primaryimage\"},\"thumbnailUrl\":\"https:\/\/www.cimentol.com\/wp-content\/uploads\/2022\/01\/VIGNETTE-ROOFTHAN-5Kg.png\",\"datePublished\":\"2022-04-03T09:00:56+00:00\",\"dateModified\":\"2025-10-31T11:11:32+00:00\",\"breadcrumb\":{\"@id\":\"https:\/\/www.cimentol.com\/en\/produit\/roofthan-sel-finition\/#breadcrumb\"},\"inLanguage\":\"en-US\",\"potentialAction\":[{\"@type\":\"ReadAction\",\"target\":[\"https:\/\/www.cimentol.com\/en\/produit\/roofthan-sel-finition\/\"]}]},{\"@type\":\"ImageObject\",\"inLanguage\":\"en-US\",\"@id\":\"https:\/\/www.cimentol.com\/en\/produit\/roofthan-sel-finition\/#primaryimage\",\"url\":\"https:\/\/www.cimentol.com\/wp-content\/uploads\/2022\/01\/VIGNETTE-ROOFTHAN-5Kg.png\",\"contentUrl\":\"https:\/\/www.cimentol.com\/wp-content\/uploads\/2022\/01\/VIGNETTE-ROOFTHAN-5Kg.png\",\"width\":2362,\"height\":2362},{\"@type\":\"BreadcrumbList\",\"@id\":\"https:\/\/www.cimentol.com\/en\/produit\/roofthan-sel-finition\/#breadcrumb\",\"itemListElement\":[{\"@type\":\"ListItem\",\"position\":1,\"name\":\"Accueil\",\"item\":\"https:\/\/www.cimentol.com\/en\/\"},{\"@type\":\"ListItem\",\"position\":2,\"name\":\"Shop\",\"item\":\"https:\/\/www.cimentol.com\/en\/shop\/\"},{\"@type\":\"ListItem\",\"position\":3,\"name\":\"ROOFTHAN SEL FINITION\"}]},{\"@type\":\"WebSite\",\"@id\":\"https:\/\/www.cimentol.com\/en\/#website\",\"url\":\"https:\/\/www.cimentol.com\/en\/\",\"name\":\"Cimentol\",\"description\":\"\",\"publisher\":{\"@id\":\"https:\/\/www.cimentol.com\/en\/#organization\"},\"potentialAction\":[{\"@type\":\"SearchAction\",\"target\":{\"@type\":\"EntryPoint\",\"urlTemplate\":\"https:\/\/www.cimentol.com\/en\/?s={search_term_string}\"},\"query-input\":{\"@type\":\"PropertyValueSpecification\",\"valueRequired\":true,\"valueName\":\"search_term_string\"}}],\"inLanguage\":\"en-US\"},{\"@type\":\"Organization\",\"@id\":\"https:\/\/www.cimentol.com\/en\/#organization\",\"name\":\"Cimentol\",\"url\":\"https:\/\/www.cimentol.com\/en\/\",\"logo\":{\"@type\":\"ImageObject\",\"inLanguage\":\"en-US\",\"@id\":\"https:\/\/www.cimentol.com\/en\/#\/schema\/logo\/image\/\",\"url\":\"https:\/\/www.cimentol.com\/wp-content\/uploads\/2022\/08\/cimentol-logo.png\",\"contentUrl\":\"https:\/\/www.cimentol.com\/wp-content\/uploads\/2022\/08\/cimentol-logo.png\",\"width\":1181,\"height\":250,\"caption\":\"Cimentol\"},\"image\":{\"@id\":\"https:\/\/www.cimentol.com\/en\/#\/schema\/logo\/image\/\"}}]}<\/script>\n<!-- \/ Yoast SEO plugin. -->","yoast_head_json":{"title":"ROOFTHAN SEL FINITION - Cimentol","robots":{"index":"index","follow":"follow","max-snippet":"max-snippet:-1","max-image-preview":"max-image-preview:large","max-video-preview":"max-video-preview:-1"},"canonical":"https:\/\/www.cimentol.com\/en\/produit\/roofthan-sel-finition\/","og_locale":"en_US","og_type":"article","og_title":"ROOFTHAN SEL FINITION - Cimentol","og_description":"FINITION POUR MEMBRANE D\u2019ETANCHEITE UNIVERSELLE POLYASPARTIQUE SANS SOLVANT BICOMPOSANTE A SECHAGE ULTRA RAPIDE","og_url":"https:\/\/www.cimentol.com\/en\/produit\/roofthan-sel-finition\/","og_site_name":"Cimentol","article_modified_time":"2025-10-31T11:11:32+00:00","og_image":[{"width":2362,"height":2362,"url":"https:\/\/www.cimentol.com\/wp-content\/uploads\/2022\/01\/VIGNETTE-ROOFTHAN-5Kg.png","type":"image\/png"}],"twitter_card":"summary_large_image","twitter_misc":{"Est. reading time":"1 minute"},"schema":{"@context":"https:\/\/schema.org","@graph":[{"@type":"WebPage","@id":"https:\/\/www.cimentol.com\/en\/produit\/roofthan-sel-finition\/","url":"https:\/\/www.cimentol.com\/en\/produit\/roofthan-sel-finition\/","name":"ROOFTHAN SEL FINITION - Cimentol","isPartOf":{"@id":"https:\/\/www.cimentol.com\/en\/#website"},"primaryImageOfPage":{"@id":"https:\/\/www.cimentol.com\/en\/produit\/roofthan-sel-finition\/#primaryimage"},"image":{"@id":"https:\/\/www.cimentol.com\/en\/produit\/roofthan-sel-finition\/#primaryimage"},"thumbnailUrl":"https:\/\/www.cimentol.com\/wp-content\/uploads\/2022\/01\/VIGNETTE-ROOFTHAN-5Kg.png","datePublished":"2022-04-03T09:00:56+00:00","dateModified":"2025-10-31T11:11:32+00:00","breadcrumb":{"@id":"https:\/\/www.cimentol.com\/en\/produit\/roofthan-sel-finition\/#breadcrumb"},"inLanguage":"en-US","potentialAction":[{"@type":"ReadAction","target":["https:\/\/www.cimentol.com\/en\/produit\/roofthan-sel-finition\/"]}]},{"@type":"ImageObject","inLanguage":"en-US","@id":"https:\/\/www.cimentol.com\/en\/produit\/roofthan-sel-finition\/#primaryimage","url":"https:\/\/www.cimentol.com\/wp-content\/uploads\/2022\/01\/VIGNETTE-ROOFTHAN-5Kg.png","contentUrl":"https:\/\/www.cimentol.com\/wp-content\/uploads\/2022\/01\/VIGNETTE-ROOFTHAN-5Kg.png","width":2362,"height":2362},{"@type":"BreadcrumbList","@id":"https:\/\/www.cimentol.com\/en\/produit\/roofthan-sel-finition\/#breadcrumb","itemListElement":[{"@type":"ListItem","position":1,"name":"Accueil","item":"https:\/\/www.cimentol.com\/en\/"},{"@type":"ListItem","position":2,"name":"Shop","item":"https:\/\/www.cimentol.com\/en\/shop\/"},{"@type":"ListItem","position":3,"name":"ROOFTHAN SEL FINITION"}]},{"@type":"WebSite","@id":"https:\/\/www.cimentol.com\/en\/#website","url":"https:\/\/www.cimentol.com\/en\/","name":"Cimentol","description":"","publisher":{"@id":"https:\/\/www.cimentol.com\/en\/#organization"},"potentialAction":[{"@type":"SearchAction","target":{"@type":"EntryPoint","urlTemplate":"https:\/\/www.cimentol.com\/en\/?s={search_term_string}"},"query-input":{"@type":"PropertyValueSpecification","valueRequired":true,"valueName":"search_term_string"}}],"inLanguage":"en-US"},{"@type":"Organization","@id":"https:\/\/www.cimentol.com\/en\/#organization","name":"Cimentol","url":"https:\/\/www.cimentol.com\/en\/","logo":{"@type":"ImageObject","inLanguage":"en-US","@id":"https:\/\/www.cimentol.com\/en\/#\/schema\/logo\/image\/","url":"https:\/\/www.cimentol.com\/wp-content\/uploads\/2022\/08\/cimentol-logo.png","contentUrl":"https:\/\/www.cimentol.com\/wp-content\/uploads\/2022\/08\/cimentol-logo.png","width":1181,"height":250,"caption":"Cimentol"},"image":{"@id":"https:\/\/www.cimentol.com\/en\/#\/schema\/logo\/image\/"}}]}},"_links":{"self":[{"href":"https:\/\/www.cimentol.com\/en\/wp-json\/wp\/v2\/product\/4720","targetHints":{"allow":["GET"]}}],"collection":[{"href":"https:\/\/www.cimentol.com\/en\/wp-json\/wp\/v2\/product"}],"about":[{"href":"https:\/\/www.cimentol.com\/en\/wp-json\/wp\/v2\/types\/product"}],"wp:featuredmedia":[{"embeddable":true,"href":"https:\/\/www.cimentol.com\/en\/wp-json\/wp\/v2\/media\/5527"}],"wp:attachment":[{"href":"https:\/\/www.cimentol.com\/en\/wp-json\/wp\/v2\/media?parent=4720"}],"wp:term":[{"taxonomy":"product_brand","embeddable":true,"href":"https:\/\/www.cimentol.com\/en\/wp-json\/wp\/v2\/product_brand?post=4720"},{"taxonomy":"product_cat","embeddable":true,"href":"https:\/\/www.cimentol.com\/en\/wp-json\/wp\/v2\/product_cat?post=4720"},{"taxonomy":"product_tag","embeddable":true,"href":"https:\/\/www.cimentol.com\/en\/wp-json\/wp\/v2\/product_tag?post=4720"},{"taxonomy":"gamme","embeddable":true,"href":"https:\/\/www.cimentol.com\/en\/wp-json\/wp\/v2\/gamme?post=4720"}],"curies":[{"name":"wp","href":"https:\/\/api.w.org\/{rel}","templated":true}]}}