{"id":4605,"date":"2022-02-08T18:06:17","date_gmt":"2022-02-08T17:06:17","guid":{"rendered":"https:\/\/www.cimentol.com\/?post_type=product&#038;p=4605"},"modified":"2025-06-09T15:42:29","modified_gmt":"2025-06-09T13:42:29","slug":"ekopur-primer","status":"publish","type":"product","link":"https:\/\/www.cimentol.com\/en\/produit\/ekopur-primer\/","title":{"rendered":"EKOPUR PRIMER BS"},"content":{"rendered":"<p><em>Caract\u00e9ristiques principales\u00a0:<\/em><\/p>\n<ul>\n<li><strong>Fort pouvoir d\u2019adh\u00e9rence sur tous supports &#8211; p\u00e9n\u00e9trante<\/strong><\/li>\n<li><strong>Faible teneur en COV<\/strong><\/li>\n<li><strong>Respect de l\u2019environnement (Label Excell zone Verte, formul\u00e9 \u00e0 base de r\u00e9sine bio sourc\u00e9e)<\/strong><\/li>\n<li><strong>PV Alimentaire<\/strong><\/li>\n<li>Sous couche tr\u00e8s opacifiante<\/li>\n<li>Bon tendu<\/li>\n<li>S\u00e9chage rapide\u00a0; mise \u00e0 disposition rapide des locaux trait\u00e9s<\/li>\n<li>Film microporeux<\/li>\n<\/ul>\n","protected":false},"excerpt":{"rendered":"<p><strong>PEINTURE D\u2019IMPRESSION A BASE DE LIANT BIO SOURCE EN PHASE AQUEUSE<\/strong><\/p>\n","protected":false},"featured_media":5954,"template":"","meta":{"_acf_changed":false,"inline_featured_image":false},"product_brand":[],"product_cat":[1546,1544,1540,1538,1536,1560,1562,1564,1532,1582,1057,1136,1134,1138,1142,1148,1158,1150,1152,1128,1114,1055,1524,1080,1086,1090,1100,1104,50,52],"product_tag":[],"gamme":[1248,747],"class_list":{"0":"post-4605","1":"product","2":"type-product","3":"status-publish","4":"has-post-thumbnail","6":"product_cat-a-environnement-peinture-et-vernis-decoratifs","7":"product_cat-bio-source-environnement-peinture-et-vernis-decoratifs","8":"product_cat-green-excell-2","9":"product_cat-faible-cov-2gr-environnement-peinture-et-vernis-decoratifs","10":"product_cat-sans-solvant-environnement-peinture-et-vernis-decoratifs","11":"product_cat-int-ext-peinture-et-vernis-decoratifs","12":"product_cat-exterieur-int-ext-peinture-et-vernis-decoratifs","13":"product_cat-interieur-int-ext-peinture-et-vernis-decoratifs","14":"product_cat-pv-alimentaire-performance-peinture-et-vernis-decoratifs","15":"product_cat-impression-et-sous-couche-tous-produits-peinture-et-vernis-decoratifs","16":"product_cat-peintures-bio-sourcees-2","17":"product_cat-exterieur-int-ext-peintures-bio-sourcees-2","18":"product_cat-interieur-int-ext-peintures-bio-sourcees-2","19":"product_cat-label-peintures-bio-sourcees-2","20":"product_cat-bio-source-label-peintures-bio-sourcees-2","21":"product_cat-excell-zone-verte-label-peintures-bio-sourcees-2","22":"product_cat-pv-alimentaire-label-peintures-bio-sourcees-2","23":"product_cat-sans-cov","24":"product_cat-sans-solvant-label-peintures-bio-sourcees-2","25":"product_cat-bio-source-phase-peintures-bio-sourcees-2","26":"product_cat-impression","27":"product_cat-peintures-labellisees","28":"product_cat-sans-cov-label-peintures-labellisees","29":"product_cat-bio-source-environnement-label-peintures-labellisees","30":"product_cat-excell-zone-verte-environnement-label-peintures-labellisees","31":"product_cat-sans-solvant-environnement-label-peintures-labellisees","32":"product_cat-pv-alimentaire-label-peintures-labellisees","33":"product_cat-bio-degradable-performance-label-peintures-labellisees","34":"product_cat-peintures-bio-sourcees","35":"product_cat-peintures-labelisees","36":"gamme-bio-sourcee","37":"gamme-ekopur","39":"first","40":"instock","41":"shipping-taxable","42":"product-type-simple"},"acf":[],"yoast_head":"<!-- This site is optimized with the Yoast SEO plugin v25.9 - https:\/\/yoast.com\/wordpress\/plugins\/seo\/ -->\n<title>EKOPUR PRIMER BS - Cimentol<\/title>\n<meta name=\"robots\" content=\"index, follow, max-snippet:-1, max-image-preview:large, max-video-preview:-1\" \/>\n<link rel=\"canonical\" href=\"https:\/\/www.cimentol.com\/en\/produit\/ekopur-primer\/\" \/>\n<meta property=\"og:locale\" content=\"en_US\" \/>\n<meta property=\"og:type\" content=\"article\" \/>\n<meta property=\"og:title\" content=\"EKOPUR PRIMER BS - Cimentol\" \/>\n<meta property=\"og:description\" content=\"PEINTURE D\u2019IMPRESSION A BASE DE LIANT BIO SOURCE EN PHASE AQUEUSE\" \/>\n<meta property=\"og:url\" content=\"https:\/\/www.cimentol.com\/en\/produit\/ekopur-primer\/\" \/>\n<meta property=\"og:site_name\" content=\"Cimentol\" \/>\n<meta property=\"article:modified_time\" content=\"2025-06-09T13:42:29+00:00\" \/>\n<meta property=\"og:image\" content=\"https:\/\/www.cimentol.com\/wp-content\/uploads\/2021\/12\/VIGNETTE-EKOPUR-PRIMER-1L-BD.jpg\" \/>\n\t<meta property=\"og:image:width\" content=\"2362\" \/>\n\t<meta property=\"og:image:height\" content=\"2362\" \/>\n\t<meta property=\"og:image:type\" content=\"image\/jpeg\" \/>\n<meta name=\"twitter:card\" content=\"summary_large_image\" \/>\n<meta name=\"twitter:label1\" content=\"Est. reading time\" \/>\n\t<meta name=\"twitter:data1\" content=\"1 minute\" \/>\n<script type=\"application\/ld+json\" class=\"yoast-schema-graph\">{\"@context\":\"https:\/\/schema.org\",\"@graph\":[{\"@type\":\"WebPage\",\"@id\":\"https:\/\/www.cimentol.com\/en\/produit\/ekopur-primer\/\",\"url\":\"https:\/\/www.cimentol.com\/en\/produit\/ekopur-primer\/\",\"name\":\"EKOPUR PRIMER BS - Cimentol\",\"isPartOf\":{\"@id\":\"https:\/\/www.cimentol.com\/en\/#website\"},\"primaryImageOfPage\":{\"@id\":\"https:\/\/www.cimentol.com\/en\/produit\/ekopur-primer\/#primaryimage\"},\"image\":{\"@id\":\"https:\/\/www.cimentol.com\/en\/produit\/ekopur-primer\/#primaryimage\"},\"thumbnailUrl\":\"https:\/\/www.cimentol.com\/wp-content\/uploads\/2021\/12\/VIGNETTE-EKOPUR-PRIMER-1L-BD.jpg\",\"datePublished\":\"2022-02-08T17:06:17+00:00\",\"dateModified\":\"2025-06-09T13:42:29+00:00\",\"breadcrumb\":{\"@id\":\"https:\/\/www.cimentol.com\/en\/produit\/ekopur-primer\/#breadcrumb\"},\"inLanguage\":\"en-US\",\"potentialAction\":[{\"@type\":\"ReadAction\",\"target\":[\"https:\/\/www.cimentol.com\/en\/produit\/ekopur-primer\/\"]}]},{\"@type\":\"ImageObject\",\"inLanguage\":\"en-US\",\"@id\":\"https:\/\/www.cimentol.com\/en\/produit\/ekopur-primer\/#primaryimage\",\"url\":\"https:\/\/www.cimentol.com\/wp-content\/uploads\/2021\/12\/VIGNETTE-EKOPUR-PRIMER-1L-BD.jpg\",\"contentUrl\":\"https:\/\/www.cimentol.com\/wp-content\/uploads\/2021\/12\/VIGNETTE-EKOPUR-PRIMER-1L-BD.jpg\",\"width\":2362,\"height\":2362},{\"@type\":\"BreadcrumbList\",\"@id\":\"https:\/\/www.cimentol.com\/en\/produit\/ekopur-primer\/#breadcrumb\",\"itemListElement\":[{\"@type\":\"ListItem\",\"position\":1,\"name\":\"Accueil\",\"item\":\"https:\/\/www.cimentol.com\/en\/\"},{\"@type\":\"ListItem\",\"position\":2,\"name\":\"Shop\",\"item\":\"https:\/\/www.cimentol.com\/en\/shop\/\"},{\"@type\":\"ListItem\",\"position\":3,\"name\":\"EKOPUR PRIMER BS\"}]},{\"@type\":\"WebSite\",\"@id\":\"https:\/\/www.cimentol.com\/en\/#website\",\"url\":\"https:\/\/www.cimentol.com\/en\/\",\"name\":\"Cimentol\",\"description\":\"\",\"publisher\":{\"@id\":\"https:\/\/www.cimentol.com\/en\/#organization\"},\"potentialAction\":[{\"@type\":\"SearchAction\",\"target\":{\"@type\":\"EntryPoint\",\"urlTemplate\":\"https:\/\/www.cimentol.com\/en\/?s={search_term_string}\"},\"query-input\":{\"@type\":\"PropertyValueSpecification\",\"valueRequired\":true,\"valueName\":\"search_term_string\"}}],\"inLanguage\":\"en-US\"},{\"@type\":\"Organization\",\"@id\":\"https:\/\/www.cimentol.com\/en\/#organization\",\"name\":\"Cimentol\",\"url\":\"https:\/\/www.cimentol.com\/en\/\",\"logo\":{\"@type\":\"ImageObject\",\"inLanguage\":\"en-US\",\"@id\":\"https:\/\/www.cimentol.com\/en\/#\/schema\/logo\/image\/\",\"url\":\"https:\/\/www.cimentol.com\/wp-content\/uploads\/2022\/08\/cimentol-logo.png\",\"contentUrl\":\"https:\/\/www.cimentol.com\/wp-content\/uploads\/2022\/08\/cimentol-logo.png\",\"width\":1181,\"height\":250,\"caption\":\"Cimentol\"},\"image\":{\"@id\":\"https:\/\/www.cimentol.com\/en\/#\/schema\/logo\/image\/\"}}]}<\/script>\n<!-- \/ Yoast SEO plugin. -->","yoast_head_json":{"title":"EKOPUR PRIMER BS - Cimentol","robots":{"index":"index","follow":"follow","max-snippet":"max-snippet:-1","max-image-preview":"max-image-preview:large","max-video-preview":"max-video-preview:-1"},"canonical":"https:\/\/www.cimentol.com\/en\/produit\/ekopur-primer\/","og_locale":"en_US","og_type":"article","og_title":"EKOPUR PRIMER BS - Cimentol","og_description":"PEINTURE D\u2019IMPRESSION A BASE DE LIANT BIO SOURCE EN PHASE AQUEUSE","og_url":"https:\/\/www.cimentol.com\/en\/produit\/ekopur-primer\/","og_site_name":"Cimentol","article_modified_time":"2025-06-09T13:42:29+00:00","og_image":[{"width":2362,"height":2362,"url":"https:\/\/www.cimentol.com\/wp-content\/uploads\/2021\/12\/VIGNETTE-EKOPUR-PRIMER-1L-BD.jpg","type":"image\/jpeg"}],"twitter_card":"summary_large_image","twitter_misc":{"Est. reading time":"1 minute"},"schema":{"@context":"https:\/\/schema.org","@graph":[{"@type":"WebPage","@id":"https:\/\/www.cimentol.com\/en\/produit\/ekopur-primer\/","url":"https:\/\/www.cimentol.com\/en\/produit\/ekopur-primer\/","name":"EKOPUR PRIMER BS - Cimentol","isPartOf":{"@id":"https:\/\/www.cimentol.com\/en\/#website"},"primaryImageOfPage":{"@id":"https:\/\/www.cimentol.com\/en\/produit\/ekopur-primer\/#primaryimage"},"image":{"@id":"https:\/\/www.cimentol.com\/en\/produit\/ekopur-primer\/#primaryimage"},"thumbnailUrl":"https:\/\/www.cimentol.com\/wp-content\/uploads\/2021\/12\/VIGNETTE-EKOPUR-PRIMER-1L-BD.jpg","datePublished":"2022-02-08T17:06:17+00:00","dateModified":"2025-06-09T13:42:29+00:00","breadcrumb":{"@id":"https:\/\/www.cimentol.com\/en\/produit\/ekopur-primer\/#breadcrumb"},"inLanguage":"en-US","potentialAction":[{"@type":"ReadAction","target":["https:\/\/www.cimentol.com\/en\/produit\/ekopur-primer\/"]}]},{"@type":"ImageObject","inLanguage":"en-US","@id":"https:\/\/www.cimentol.com\/en\/produit\/ekopur-primer\/#primaryimage","url":"https:\/\/www.cimentol.com\/wp-content\/uploads\/2021\/12\/VIGNETTE-EKOPUR-PRIMER-1L-BD.jpg","contentUrl":"https:\/\/www.cimentol.com\/wp-content\/uploads\/2021\/12\/VIGNETTE-EKOPUR-PRIMER-1L-BD.jpg","width":2362,"height":2362},{"@type":"BreadcrumbList","@id":"https:\/\/www.cimentol.com\/en\/produit\/ekopur-primer\/#breadcrumb","itemListElement":[{"@type":"ListItem","position":1,"name":"Accueil","item":"https:\/\/www.cimentol.com\/en\/"},{"@type":"ListItem","position":2,"name":"Shop","item":"https:\/\/www.cimentol.com\/en\/shop\/"},{"@type":"ListItem","position":3,"name":"EKOPUR PRIMER BS"}]},{"@type":"WebSite","@id":"https:\/\/www.cimentol.com\/en\/#website","url":"https:\/\/www.cimentol.com\/en\/","name":"Cimentol","description":"","publisher":{"@id":"https:\/\/www.cimentol.com\/en\/#organization"},"potentialAction":[{"@type":"SearchAction","target":{"@type":"EntryPoint","urlTemplate":"https:\/\/www.cimentol.com\/en\/?s={search_term_string}"},"query-input":{"@type":"PropertyValueSpecification","valueRequired":true,"valueName":"search_term_string"}}],"inLanguage":"en-US"},{"@type":"Organization","@id":"https:\/\/www.cimentol.com\/en\/#organization","name":"Cimentol","url":"https:\/\/www.cimentol.com\/en\/","logo":{"@type":"ImageObject","inLanguage":"en-US","@id":"https:\/\/www.cimentol.com\/en\/#\/schema\/logo\/image\/","url":"https:\/\/www.cimentol.com\/wp-content\/uploads\/2022\/08\/cimentol-logo.png","contentUrl":"https:\/\/www.cimentol.com\/wp-content\/uploads\/2022\/08\/cimentol-logo.png","width":1181,"height":250,"caption":"Cimentol"},"image":{"@id":"https:\/\/www.cimentol.com\/en\/#\/schema\/logo\/image\/"}}]}},"_links":{"self":[{"href":"https:\/\/www.cimentol.com\/en\/wp-json\/wp\/v2\/product\/4605","targetHints":{"allow":["GET"]}}],"collection":[{"href":"https:\/\/www.cimentol.com\/en\/wp-json\/wp\/v2\/product"}],"about":[{"href":"https:\/\/www.cimentol.com\/en\/wp-json\/wp\/v2\/types\/product"}],"wp:featuredmedia":[{"embeddable":true,"href":"https:\/\/www.cimentol.com\/en\/wp-json\/wp\/v2\/media\/5954"}],"wp:attachment":[{"href":"https:\/\/www.cimentol.com\/en\/wp-json\/wp\/v2\/media?parent=4605"}],"wp:term":[{"taxonomy":"product_brand","embeddable":true,"href":"https:\/\/www.cimentol.com\/en\/wp-json\/wp\/v2\/product_brand?post=4605"},{"taxonomy":"product_cat","embeddable":true,"href":"https:\/\/www.cimentol.com\/en\/wp-json\/wp\/v2\/product_cat?post=4605"},{"taxonomy":"product_tag","embeddable":true,"href":"https:\/\/www.cimentol.com\/en\/wp-json\/wp\/v2\/product_tag?post=4605"},{"taxonomy":"gamme","embeddable":true,"href":"https:\/\/www.cimentol.com\/en\/wp-json\/wp\/v2\/gamme?post=4605"}],"curies":[{"name":"wp","href":"https:\/\/api.w.org\/{rel}","templated":true}]}}