{"id":4603,"date":"2021-12-16T11:34:08","date_gmt":"2021-12-16T10:34:08","guid":{"rendered":"https:\/\/www.cimentol.com\/?post_type=product&#038;p=4603"},"modified":"2026-02-04T11:19:37","modified_gmt":"2026-02-04T10:19:37","slug":"ekobois","status":"publish","type":"product","link":"https:\/\/www.cimentol.com\/en\/produit\/ekobois\/","title":{"rendered":"EKOBOIS BS LASURE"},"content":{"rendered":"<p><em>Caract\u00e9ristiques principales\u00a0:<\/em><\/p>\n<ul>\n<li>Biosourc\u00e9\u00a0: r\u00e9duction de l\u2019empreinte carbone<\/li>\n<li>Renforce la duret\u00e9 des menuiseries expos\u00e9es aux intemp\u00e9ries<\/li>\n<li>Structure g\u00e9lifi\u00e9e pour un plus grand confort d\u2019application<\/li>\n<li>Int\u00e9rieur\/ext\u00e9rieur<\/li>\n<li>S\u00e9chage rapide<\/li>\n<li>Sans odeur<\/li>\n<li>Respecte les veinages du bois<\/li>\n<li>Protection des fibres du bois contre l\u2019humidit\u00e9 et le rayonnement ultra-violet<\/li>\n<\/ul>\n","protected":false},"excerpt":{"rendered":"<p><strong>LASURE DE FINITION A BASE DE RESINE ALKYDE BIO SOURCEE SATINEE GELIFIEE INCOLORE POUR LE PROTECTION, LE TRAITEMENT ET LE DECORATION DU BOIS<\/strong><\/p>\n","protected":false},"featured_media":12228,"template":"","meta":{"_acf_changed":false,"inline_featured_image":false},"product_brand":[],"product_cat":[1805,570,582,604,608,606,612,616,592,594,572,576,586,588,590,1057,30,40,50],"product_tag":[],"gamme":[1806],"class_list":{"0":"post-4603","1":"product","2":"type-product","3":"status-publish","4":"has-post-thumbnail","6":"product_cat-green-line","7":"product_cat-traitement-du-bois-peintures-et-resines-techniques","8":"product_cat-satin-aspect","9":"product_cat-int-ext-bois","10":"product_cat-exterieur-int-ext-bois","11":"product_cat-interieur-int-ext-bois","12":"product_cat-a-label","13":"product_cat-leed-breeam-label","14":"product_cat-phase-bois","15":"product_cat-aqueuse-phase-bois","16":"product_cat-tous-produits-bois","17":"product_cat-lasure","18":"product_cat-type-de-metal","19":"product_cat-metaux-ferreux","20":"product_cat-metaux-non-ferreux","21":"product_cat-peintures-bio-sourcees-2","22":"product_cat-peintures-et-resines-techniques","23":"product_cat-traitement-du-bois","24":"product_cat-peintures-bio-sourcees","25":"gamme-green-line","27":"first","28":"instock","29":"shipping-taxable","30":"product-type-simple"},"acf":[],"yoast_head":"<!-- This site is optimized with the Yoast SEO plugin v25.9 - https:\/\/yoast.com\/wordpress\/plugins\/seo\/ -->\n<title>EKOBOIS BS LASURE - Cimentol<\/title>\n<meta name=\"robots\" content=\"index, follow, max-snippet:-1, max-image-preview:large, max-video-preview:-1\" \/>\n<link rel=\"canonical\" href=\"https:\/\/www.cimentol.com\/en\/produit\/ekobois\/\" \/>\n<meta property=\"og:locale\" content=\"en_US\" \/>\n<meta property=\"og:type\" content=\"article\" \/>\n<meta property=\"og:title\" content=\"EKOBOIS BS LASURE - Cimentol\" \/>\n<meta property=\"og:description\" content=\"LASURE DE FINITION A BASE DE RESINE ALKYDE BIO SOURCEE SATINEE GELIFIEE INCOLORE POUR LE PROTECTION, LE TRAITEMENT ET LE DECORATION DU BOIS\" \/>\n<meta property=\"og:url\" content=\"https:\/\/www.cimentol.com\/en\/produit\/ekobois\/\" \/>\n<meta property=\"og:site_name\" content=\"Cimentol\" \/>\n<meta property=\"article:modified_time\" content=\"2026-02-04T10:19:37+00:00\" \/>\n<meta property=\"og:image\" content=\"https:\/\/www.cimentol.com\/wp-content\/uploads\/2025\/09\/vignette-EKOBOIS-LASURE-det-1024x1024.png\" \/>\n\t<meta property=\"og:image:width\" content=\"1024\" \/>\n\t<meta property=\"og:image:height\" content=\"1024\" \/>\n\t<meta property=\"og:image:type\" content=\"image\/png\" \/>\n<meta name=\"twitter:card\" content=\"summary_large_image\" \/>\n<meta name=\"twitter:label1\" content=\"Est. reading time\" \/>\n\t<meta name=\"twitter:data1\" content=\"1 minute\" \/>\n<script type=\"application\/ld+json\" class=\"yoast-schema-graph\">{\"@context\":\"https:\/\/schema.org\",\"@graph\":[{\"@type\":\"WebPage\",\"@id\":\"https:\/\/www.cimentol.com\/en\/produit\/ekobois\/\",\"url\":\"https:\/\/www.cimentol.com\/en\/produit\/ekobois\/\",\"name\":\"EKOBOIS BS LASURE - Cimentol\",\"isPartOf\":{\"@id\":\"https:\/\/www.cimentol.com\/en\/#website\"},\"primaryImageOfPage\":{\"@id\":\"https:\/\/www.cimentol.com\/en\/produit\/ekobois\/#primaryimage\"},\"image\":{\"@id\":\"https:\/\/www.cimentol.com\/en\/produit\/ekobois\/#primaryimage\"},\"thumbnailUrl\":\"https:\/\/www.cimentol.com\/wp-content\/uploads\/2025\/09\/vignette-EKOBOIS-LASURE-det.png\",\"datePublished\":\"2021-12-16T10:34:08+00:00\",\"dateModified\":\"2026-02-04T10:19:37+00:00\",\"breadcrumb\":{\"@id\":\"https:\/\/www.cimentol.com\/en\/produit\/ekobois\/#breadcrumb\"},\"inLanguage\":\"en-US\",\"potentialAction\":[{\"@type\":\"ReadAction\",\"target\":[\"https:\/\/www.cimentol.com\/en\/produit\/ekobois\/\"]}]},{\"@type\":\"ImageObject\",\"inLanguage\":\"en-US\",\"@id\":\"https:\/\/www.cimentol.com\/en\/produit\/ekobois\/#primaryimage\",\"url\":\"https:\/\/www.cimentol.com\/wp-content\/uploads\/2025\/09\/vignette-EKOBOIS-LASURE-det.png\",\"contentUrl\":\"https:\/\/www.cimentol.com\/wp-content\/uploads\/2025\/09\/vignette-EKOBOIS-LASURE-det.png\",\"width\":2362,\"height\":2362},{\"@type\":\"BreadcrumbList\",\"@id\":\"https:\/\/www.cimentol.com\/en\/produit\/ekobois\/#breadcrumb\",\"itemListElement\":[{\"@type\":\"ListItem\",\"position\":1,\"name\":\"Accueil\",\"item\":\"https:\/\/www.cimentol.com\/en\/\"},{\"@type\":\"ListItem\",\"position\":2,\"name\":\"Shop\",\"item\":\"https:\/\/www.cimentol.com\/en\/shop\/\"},{\"@type\":\"ListItem\",\"position\":3,\"name\":\"EKOBOIS BS LASURE\"}]},{\"@type\":\"WebSite\",\"@id\":\"https:\/\/www.cimentol.com\/en\/#website\",\"url\":\"https:\/\/www.cimentol.com\/en\/\",\"name\":\"Cimentol\",\"description\":\"\",\"publisher\":{\"@id\":\"https:\/\/www.cimentol.com\/en\/#organization\"},\"potentialAction\":[{\"@type\":\"SearchAction\",\"target\":{\"@type\":\"EntryPoint\",\"urlTemplate\":\"https:\/\/www.cimentol.com\/en\/?s={search_term_string}\"},\"query-input\":{\"@type\":\"PropertyValueSpecification\",\"valueRequired\":true,\"valueName\":\"search_term_string\"}}],\"inLanguage\":\"en-US\"},{\"@type\":\"Organization\",\"@id\":\"https:\/\/www.cimentol.com\/en\/#organization\",\"name\":\"Cimentol\",\"url\":\"https:\/\/www.cimentol.com\/en\/\",\"logo\":{\"@type\":\"ImageObject\",\"inLanguage\":\"en-US\",\"@id\":\"https:\/\/www.cimentol.com\/en\/#\/schema\/logo\/image\/\",\"url\":\"https:\/\/www.cimentol.com\/wp-content\/uploads\/2022\/08\/cimentol-logo.png\",\"contentUrl\":\"https:\/\/www.cimentol.com\/wp-content\/uploads\/2022\/08\/cimentol-logo.png\",\"width\":1181,\"height\":250,\"caption\":\"Cimentol\"},\"image\":{\"@id\":\"https:\/\/www.cimentol.com\/en\/#\/schema\/logo\/image\/\"}}]}<\/script>\n<!-- \/ Yoast SEO plugin. -->","yoast_head_json":{"title":"EKOBOIS BS LASURE - Cimentol","robots":{"index":"index","follow":"follow","max-snippet":"max-snippet:-1","max-image-preview":"max-image-preview:large","max-video-preview":"max-video-preview:-1"},"canonical":"https:\/\/www.cimentol.com\/en\/produit\/ekobois\/","og_locale":"en_US","og_type":"article","og_title":"EKOBOIS BS LASURE - Cimentol","og_description":"LASURE DE FINITION A BASE DE RESINE ALKYDE BIO SOURCEE SATINEE GELIFIEE INCOLORE POUR LE PROTECTION, LE TRAITEMENT ET LE DECORATION DU BOIS","og_url":"https:\/\/www.cimentol.com\/en\/produit\/ekobois\/","og_site_name":"Cimentol","article_modified_time":"2026-02-04T10:19:37+00:00","og_image":[{"width":1024,"height":1024,"url":"https:\/\/www.cimentol.com\/wp-content\/uploads\/2025\/09\/vignette-EKOBOIS-LASURE-det-1024x1024.png","type":"image\/png"}],"twitter_card":"summary_large_image","twitter_misc":{"Est. reading time":"1 minute"},"schema":{"@context":"https:\/\/schema.org","@graph":[{"@type":"WebPage","@id":"https:\/\/www.cimentol.com\/en\/produit\/ekobois\/","url":"https:\/\/www.cimentol.com\/en\/produit\/ekobois\/","name":"EKOBOIS BS LASURE - Cimentol","isPartOf":{"@id":"https:\/\/www.cimentol.com\/en\/#website"},"primaryImageOfPage":{"@id":"https:\/\/www.cimentol.com\/en\/produit\/ekobois\/#primaryimage"},"image":{"@id":"https:\/\/www.cimentol.com\/en\/produit\/ekobois\/#primaryimage"},"thumbnailUrl":"https:\/\/www.cimentol.com\/wp-content\/uploads\/2025\/09\/vignette-EKOBOIS-LASURE-det.png","datePublished":"2021-12-16T10:34:08+00:00","dateModified":"2026-02-04T10:19:37+00:00","breadcrumb":{"@id":"https:\/\/www.cimentol.com\/en\/produit\/ekobois\/#breadcrumb"},"inLanguage":"en-US","potentialAction":[{"@type":"ReadAction","target":["https:\/\/www.cimentol.com\/en\/produit\/ekobois\/"]}]},{"@type":"ImageObject","inLanguage":"en-US","@id":"https:\/\/www.cimentol.com\/en\/produit\/ekobois\/#primaryimage","url":"https:\/\/www.cimentol.com\/wp-content\/uploads\/2025\/09\/vignette-EKOBOIS-LASURE-det.png","contentUrl":"https:\/\/www.cimentol.com\/wp-content\/uploads\/2025\/09\/vignette-EKOBOIS-LASURE-det.png","width":2362,"height":2362},{"@type":"BreadcrumbList","@id":"https:\/\/www.cimentol.com\/en\/produit\/ekobois\/#breadcrumb","itemListElement":[{"@type":"ListItem","position":1,"name":"Accueil","item":"https:\/\/www.cimentol.com\/en\/"},{"@type":"ListItem","position":2,"name":"Shop","item":"https:\/\/www.cimentol.com\/en\/shop\/"},{"@type":"ListItem","position":3,"name":"EKOBOIS BS LASURE"}]},{"@type":"WebSite","@id":"https:\/\/www.cimentol.com\/en\/#website","url":"https:\/\/www.cimentol.com\/en\/","name":"Cimentol","description":"","publisher":{"@id":"https:\/\/www.cimentol.com\/en\/#organization"},"potentialAction":[{"@type":"SearchAction","target":{"@type":"EntryPoint","urlTemplate":"https:\/\/www.cimentol.com\/en\/?s={search_term_string}"},"query-input":{"@type":"PropertyValueSpecification","valueRequired":true,"valueName":"search_term_string"}}],"inLanguage":"en-US"},{"@type":"Organization","@id":"https:\/\/www.cimentol.com\/en\/#organization","name":"Cimentol","url":"https:\/\/www.cimentol.com\/en\/","logo":{"@type":"ImageObject","inLanguage":"en-US","@id":"https:\/\/www.cimentol.com\/en\/#\/schema\/logo\/image\/","url":"https:\/\/www.cimentol.com\/wp-content\/uploads\/2022\/08\/cimentol-logo.png","contentUrl":"https:\/\/www.cimentol.com\/wp-content\/uploads\/2022\/08\/cimentol-logo.png","width":1181,"height":250,"caption":"Cimentol"},"image":{"@id":"https:\/\/www.cimentol.com\/en\/#\/schema\/logo\/image\/"}}]}},"_links":{"self":[{"href":"https:\/\/www.cimentol.com\/en\/wp-json\/wp\/v2\/product\/4603","targetHints":{"allow":["GET"]}}],"collection":[{"href":"https:\/\/www.cimentol.com\/en\/wp-json\/wp\/v2\/product"}],"about":[{"href":"https:\/\/www.cimentol.com\/en\/wp-json\/wp\/v2\/types\/product"}],"wp:featuredmedia":[{"embeddable":true,"href":"https:\/\/www.cimentol.com\/en\/wp-json\/wp\/v2\/media\/12228"}],"wp:attachment":[{"href":"https:\/\/www.cimentol.com\/en\/wp-json\/wp\/v2\/media?parent=4603"}],"wp:term":[{"taxonomy":"product_brand","embeddable":true,"href":"https:\/\/www.cimentol.com\/en\/wp-json\/wp\/v2\/product_brand?post=4603"},{"taxonomy":"product_cat","embeddable":true,"href":"https:\/\/www.cimentol.com\/en\/wp-json\/wp\/v2\/product_cat?post=4603"},{"taxonomy":"product_tag","embeddable":true,"href":"https:\/\/www.cimentol.com\/en\/wp-json\/wp\/v2\/product_tag?post=4603"},{"taxonomy":"gamme","embeddable":true,"href":"https:\/\/www.cimentol.com\/en\/wp-json\/wp\/v2\/gamme?post=4603"}],"curies":[{"name":"wp","href":"https:\/\/api.w.org\/{rel}","templated":true}]}}