{"id":4586,"date":"2022-04-23T10:10:38","date_gmt":"2022-04-23T08:10:38","guid":{"rendered":"https:\/\/www.cimentol.com\/?post_type=product&#038;p=4586"},"modified":"2024-03-21T08:53:12","modified_gmt":"2024-03-21T07:53:12","slug":"watwax","status":"publish","type":"product","link":"https:\/\/www.cimentol.com\/en\/produit\/watwax\/","title":{"rendered":"WATWAX"},"content":{"rendered":"<p><em>Caract\u00e9ristiques principales\u00a0:<\/em><\/p>\n<ul>\n<li><strong>Feuil particuli\u00e8rement r\u00e9sistant \u00e0 l\u2019usure, prot\u00e8ge des salissures et des rayures<\/strong><\/li>\n<li>Haut pouvoir de brillant<\/li>\n<li>Pouvoir antid\u00e9rapant<\/li>\n<li>Aspects esth\u00e9tiques\u00a0: <strong>Mat \/ Satin \/ Brillant<\/strong><\/li>\n<li>Diminution des frais de maintenance<\/li>\n<li>Enrichie en ions m\u00e9talliques\u00a0: filmog\u00e8nes et protecteur, imperm\u00e9able<\/li>\n<\/ul>\n","protected":false},"excerpt":{"rendered":"<p><strong>CIRE DE PROTECTION METALLISANTE POUR L\u2019ENTRETIEN ET LA RENOVATION DE SOL<\/strong><\/p>\n","protected":false},"featured_media":5892,"template":"","meta":{"_acf_changed":false,"inline_featured_image":false},"product_brand":[],"product_cat":[150,484,444,446,450,452,472,490,494,496,498,502,402,408,412,436],"product_tag":[],"gamme":[],"class_list":{"0":"post-4586","1":"product","2":"type-product","3":"status-publish","4":"has-post-thumbnail","6":"product_cat-peintures-et-resines-de-sol-peintures-et-resines-techniques","7":"product_cat-interieur","8":"product_cat-mat-etc","9":"product_cat-brillant","10":"product_cat-mat","11":"product_cat-satin","12":"product_cat-aqueuse","13":"product_cat-ancien-revetement-peinture","14":"product_cat-bois-parquet","15":"product_cat-carrelage","16":"product_cat-chape-anhydrite","17":"product_cat-sol-beton-mortier-enduit","18":"product_cat-tous-produits","19":"product_cat-finition","20":"product_cat-type","21":"product_cat-cire-metallisante-dentretien","23":"first","24":"instock","25":"shipping-taxable","26":"product-type-simple"},"acf":[],"yoast_head":"<!-- This site is optimized with the Yoast SEO plugin v25.9 - https:\/\/yoast.com\/wordpress\/plugins\/seo\/ -->\n<title>WATWAX - Cimentol<\/title>\n<meta name=\"robots\" content=\"index, follow, max-snippet:-1, max-image-preview:large, max-video-preview:-1\" \/>\n<link rel=\"canonical\" href=\"https:\/\/www.cimentol.com\/en\/produit\/watwax\/\" \/>\n<meta property=\"og:locale\" content=\"en_US\" \/>\n<meta property=\"og:type\" content=\"article\" \/>\n<meta property=\"og:title\" content=\"WATWAX - Cimentol\" \/>\n<meta property=\"og:description\" content=\"CIRE DE PROTECTION METALLISANTE POUR L\u2019ENTRETIEN ET LA RENOVATION DE SOL\" \/>\n<meta property=\"og:url\" content=\"https:\/\/www.cimentol.com\/en\/produit\/watwax\/\" \/>\n<meta property=\"og:site_name\" content=\"Cimentol\" \/>\n<meta property=\"article:modified_time\" content=\"2024-03-21T07:53:12+00:00\" \/>\n<meta property=\"og:image\" content=\"https:\/\/www.cimentol.com\/wp-content\/uploads\/2021\/12\/Vignette-WATWAX-1L-BD.jpg\" \/>\n\t<meta property=\"og:image:width\" content=\"1181\" \/>\n\t<meta property=\"og:image:height\" content=\"1181\" \/>\n\t<meta property=\"og:image:type\" content=\"image\/jpeg\" \/>\n<meta name=\"twitter:card\" content=\"summary_large_image\" \/>\n<meta name=\"twitter:label1\" content=\"Est. reading time\" \/>\n\t<meta name=\"twitter:data1\" content=\"1 minute\" \/>\n<script type=\"application\/ld+json\" class=\"yoast-schema-graph\">{\"@context\":\"https:\/\/schema.org\",\"@graph\":[{\"@type\":\"WebPage\",\"@id\":\"https:\/\/www.cimentol.com\/en\/produit\/watwax\/\",\"url\":\"https:\/\/www.cimentol.com\/en\/produit\/watwax\/\",\"name\":\"WATWAX - Cimentol\",\"isPartOf\":{\"@id\":\"https:\/\/www.cimentol.com\/en\/#website\"},\"primaryImageOfPage\":{\"@id\":\"https:\/\/www.cimentol.com\/en\/produit\/watwax\/#primaryimage\"},\"image\":{\"@id\":\"https:\/\/www.cimentol.com\/en\/produit\/watwax\/#primaryimage\"},\"thumbnailUrl\":\"https:\/\/www.cimentol.com\/wp-content\/uploads\/2021\/12\/Vignette-WATWAX-1L-BD.jpg\",\"datePublished\":\"2022-04-23T08:10:38+00:00\",\"dateModified\":\"2024-03-21T07:53:12+00:00\",\"breadcrumb\":{\"@id\":\"https:\/\/www.cimentol.com\/en\/produit\/watwax\/#breadcrumb\"},\"inLanguage\":\"en-US\",\"potentialAction\":[{\"@type\":\"ReadAction\",\"target\":[\"https:\/\/www.cimentol.com\/en\/produit\/watwax\/\"]}]},{\"@type\":\"ImageObject\",\"inLanguage\":\"en-US\",\"@id\":\"https:\/\/www.cimentol.com\/en\/produit\/watwax\/#primaryimage\",\"url\":\"https:\/\/www.cimentol.com\/wp-content\/uploads\/2021\/12\/Vignette-WATWAX-1L-BD.jpg\",\"contentUrl\":\"https:\/\/www.cimentol.com\/wp-content\/uploads\/2021\/12\/Vignette-WATWAX-1L-BD.jpg\",\"width\":1181,\"height\":1181},{\"@type\":\"BreadcrumbList\",\"@id\":\"https:\/\/www.cimentol.com\/en\/produit\/watwax\/#breadcrumb\",\"itemListElement\":[{\"@type\":\"ListItem\",\"position\":1,\"name\":\"Accueil\",\"item\":\"https:\/\/www.cimentol.com\/en\/\"},{\"@type\":\"ListItem\",\"position\":2,\"name\":\"Shop\",\"item\":\"https:\/\/www.cimentol.com\/en\/shop\/\"},{\"@type\":\"ListItem\",\"position\":3,\"name\":\"WATWAX\"}]},{\"@type\":\"WebSite\",\"@id\":\"https:\/\/www.cimentol.com\/en\/#website\",\"url\":\"https:\/\/www.cimentol.com\/en\/\",\"name\":\"Cimentol\",\"description\":\"\",\"publisher\":{\"@id\":\"https:\/\/www.cimentol.com\/en\/#organization\"},\"potentialAction\":[{\"@type\":\"SearchAction\",\"target\":{\"@type\":\"EntryPoint\",\"urlTemplate\":\"https:\/\/www.cimentol.com\/en\/?s={search_term_string}\"},\"query-input\":{\"@type\":\"PropertyValueSpecification\",\"valueRequired\":true,\"valueName\":\"search_term_string\"}}],\"inLanguage\":\"en-US\"},{\"@type\":\"Organization\",\"@id\":\"https:\/\/www.cimentol.com\/en\/#organization\",\"name\":\"Cimentol\",\"url\":\"https:\/\/www.cimentol.com\/en\/\",\"logo\":{\"@type\":\"ImageObject\",\"inLanguage\":\"en-US\",\"@id\":\"https:\/\/www.cimentol.com\/en\/#\/schema\/logo\/image\/\",\"url\":\"https:\/\/www.cimentol.com\/wp-content\/uploads\/2022\/08\/cimentol-logo.png\",\"contentUrl\":\"https:\/\/www.cimentol.com\/wp-content\/uploads\/2022\/08\/cimentol-logo.png\",\"width\":1181,\"height\":250,\"caption\":\"Cimentol\"},\"image\":{\"@id\":\"https:\/\/www.cimentol.com\/en\/#\/schema\/logo\/image\/\"}}]}<\/script>\n<!-- \/ Yoast SEO plugin. -->","yoast_head_json":{"title":"WATWAX - Cimentol","robots":{"index":"index","follow":"follow","max-snippet":"max-snippet:-1","max-image-preview":"max-image-preview:large","max-video-preview":"max-video-preview:-1"},"canonical":"https:\/\/www.cimentol.com\/en\/produit\/watwax\/","og_locale":"en_US","og_type":"article","og_title":"WATWAX - Cimentol","og_description":"CIRE DE PROTECTION METALLISANTE POUR L\u2019ENTRETIEN ET LA RENOVATION DE SOL","og_url":"https:\/\/www.cimentol.com\/en\/produit\/watwax\/","og_site_name":"Cimentol","article_modified_time":"2024-03-21T07:53:12+00:00","og_image":[{"width":1181,"height":1181,"url":"https:\/\/www.cimentol.com\/wp-content\/uploads\/2021\/12\/Vignette-WATWAX-1L-BD.jpg","type":"image\/jpeg"}],"twitter_card":"summary_large_image","twitter_misc":{"Est. reading time":"1 minute"},"schema":{"@context":"https:\/\/schema.org","@graph":[{"@type":"WebPage","@id":"https:\/\/www.cimentol.com\/en\/produit\/watwax\/","url":"https:\/\/www.cimentol.com\/en\/produit\/watwax\/","name":"WATWAX - Cimentol","isPartOf":{"@id":"https:\/\/www.cimentol.com\/en\/#website"},"primaryImageOfPage":{"@id":"https:\/\/www.cimentol.com\/en\/produit\/watwax\/#primaryimage"},"image":{"@id":"https:\/\/www.cimentol.com\/en\/produit\/watwax\/#primaryimage"},"thumbnailUrl":"https:\/\/www.cimentol.com\/wp-content\/uploads\/2021\/12\/Vignette-WATWAX-1L-BD.jpg","datePublished":"2022-04-23T08:10:38+00:00","dateModified":"2024-03-21T07:53:12+00:00","breadcrumb":{"@id":"https:\/\/www.cimentol.com\/en\/produit\/watwax\/#breadcrumb"},"inLanguage":"en-US","potentialAction":[{"@type":"ReadAction","target":["https:\/\/www.cimentol.com\/en\/produit\/watwax\/"]}]},{"@type":"ImageObject","inLanguage":"en-US","@id":"https:\/\/www.cimentol.com\/en\/produit\/watwax\/#primaryimage","url":"https:\/\/www.cimentol.com\/wp-content\/uploads\/2021\/12\/Vignette-WATWAX-1L-BD.jpg","contentUrl":"https:\/\/www.cimentol.com\/wp-content\/uploads\/2021\/12\/Vignette-WATWAX-1L-BD.jpg","width":1181,"height":1181},{"@type":"BreadcrumbList","@id":"https:\/\/www.cimentol.com\/en\/produit\/watwax\/#breadcrumb","itemListElement":[{"@type":"ListItem","position":1,"name":"Accueil","item":"https:\/\/www.cimentol.com\/en\/"},{"@type":"ListItem","position":2,"name":"Shop","item":"https:\/\/www.cimentol.com\/en\/shop\/"},{"@type":"ListItem","position":3,"name":"WATWAX"}]},{"@type":"WebSite","@id":"https:\/\/www.cimentol.com\/en\/#website","url":"https:\/\/www.cimentol.com\/en\/","name":"Cimentol","description":"","publisher":{"@id":"https:\/\/www.cimentol.com\/en\/#organization"},"potentialAction":[{"@type":"SearchAction","target":{"@type":"EntryPoint","urlTemplate":"https:\/\/www.cimentol.com\/en\/?s={search_term_string}"},"query-input":{"@type":"PropertyValueSpecification","valueRequired":true,"valueName":"search_term_string"}}],"inLanguage":"en-US"},{"@type":"Organization","@id":"https:\/\/www.cimentol.com\/en\/#organization","name":"Cimentol","url":"https:\/\/www.cimentol.com\/en\/","logo":{"@type":"ImageObject","inLanguage":"en-US","@id":"https:\/\/www.cimentol.com\/en\/#\/schema\/logo\/image\/","url":"https:\/\/www.cimentol.com\/wp-content\/uploads\/2022\/08\/cimentol-logo.png","contentUrl":"https:\/\/www.cimentol.com\/wp-content\/uploads\/2022\/08\/cimentol-logo.png","width":1181,"height":250,"caption":"Cimentol"},"image":{"@id":"https:\/\/www.cimentol.com\/en\/#\/schema\/logo\/image\/"}}]}},"_links":{"self":[{"href":"https:\/\/www.cimentol.com\/en\/wp-json\/wp\/v2\/product\/4586","targetHints":{"allow":["GET"]}}],"collection":[{"href":"https:\/\/www.cimentol.com\/en\/wp-json\/wp\/v2\/product"}],"about":[{"href":"https:\/\/www.cimentol.com\/en\/wp-json\/wp\/v2\/types\/product"}],"wp:featuredmedia":[{"embeddable":true,"href":"https:\/\/www.cimentol.com\/en\/wp-json\/wp\/v2\/media\/5892"}],"wp:attachment":[{"href":"https:\/\/www.cimentol.com\/en\/wp-json\/wp\/v2\/media?parent=4586"}],"wp:term":[{"taxonomy":"product_brand","embeddable":true,"href":"https:\/\/www.cimentol.com\/en\/wp-json\/wp\/v2\/product_brand?post=4586"},{"taxonomy":"product_cat","embeddable":true,"href":"https:\/\/www.cimentol.com\/en\/wp-json\/wp\/v2\/product_cat?post=4586"},{"taxonomy":"product_tag","embeddable":true,"href":"https:\/\/www.cimentol.com\/en\/wp-json\/wp\/v2\/product_tag?post=4586"},{"taxonomy":"gamme","embeddable":true,"href":"https:\/\/www.cimentol.com\/en\/wp-json\/wp\/v2\/gamme?post=4586"}],"curies":[{"name":"wp","href":"https:\/\/api.w.org\/{rel}","templated":true}]}}