{"id":4464,"date":"2022-03-24T14:59:14","date_gmt":"2022-03-24T13:59:14","guid":{"rendered":"https:\/\/www.cimentol.com\/?post_type=product&#038;p=4464"},"modified":"2025-04-03T15:11:47","modified_gmt":"2025-04-03T13:11:47","slug":"wathan-express-ragreage","status":"publish","type":"product","link":"https:\/\/www.cimentol.com\/en\/produit\/wathan-express-ragreage\/","title":{"rendered":"WATHAN EXPRESS RAGREAGE"},"content":{"rendered":"<p><em>Caract\u00e9ristiques principales\u00a0:<\/em><\/p>\n<ul>\n<li><strong>Excellente performance de l\u2019enduit\u00a0<\/strong>: adh\u00e9sion, r\u00e9sistance m\u00e9canique et chimique<\/li>\n<li>Syst\u00e8me mixte\u00a0:<strong> rebouchage et lissage<\/strong><\/li>\n<li>Tr\u00e8s grande duret\u00e9<\/li>\n<li><strong>Remise en peinture rapide\u00a0: 3h<\/strong><\/li>\n<li><strong>Pas de retrait m\u00eame en forte \u00e9paisseur<\/strong><\/li>\n<\/ul>\n","protected":false},"excerpt":{"rendered":"<p><strong>RAGREAGE POLYASPARTIQUE AUTOLISSANT A SECHAGE ULTRA RAPIDE POUR LE SOL<\/strong><\/p>\n","protected":false},"featured_media":5860,"template":"","meta":{"_acf_changed":false,"inline_featured_image":false},"product_brand":[],"product_cat":[1784,150,268,270,274,276,278,272,280,282,284,286,288,290,292,294,296,298,310,314,316,318,320,334,322,324,326,328,330,332,300,302,304,306,308,338,340,342,400,482,486,484,526,528,530,536,540,552,470,476,520,522,488,490,492,494,502,462,402,418],"product_tag":[],"gamme":[756],"class_list":{"0":"post-4464","1":"product","2":"type-product","3":"status-publish","4":"has-post-thumbnail","6":"product_cat-reparation","7":"product_cat-peintures-et-resines-de-sol-peintures-et-resines-techniques","8":"product_cat-destination","9":"product_cat-agro-alimentaire","10":"product_cat-boucherie-boulangerie-commerce-alimentaire","11":"product_cat-chambre-froide-agro-alimentaire","12":"product_cat-industrie-de-production-alimentaire","13":"product_cat-laiterie-salle-de-traite","14":"product_cat-restauration-collective-cuisine-de-restaurant","15":"product_cat-ateliers-usines-hangar-entrepot-destination","16":"product_cat-conductibilite-electrique-ateliers-usines-hangar-entrepot-destination","17":"product_cat-entrepot-de-stockage-leger","18":"product_cat-entrepot-de-stockage-lourd","19":"product_cat-garage","20":"product_cat-local-batterie-huile-et-lubrifiant","21":"product_cat-locaux-techniques","22":"product_cat-quais-de-dechargements","23":"product_cat-trafic-lourd-chariot-elevateur","24":"product_cat-copropriete-destination","25":"product_cat-box-individuel-copropriete-destination","26":"product_cat-cage-escalier-copropriete-destination","27":"product_cat-garage-collectif","28":"product_cat-vide-ordure","29":"product_cat-etancheite","30":"product_cat-locaux-commerciaux","31":"product_cat-bureaux-locaux-commerciaux","32":"product_cat-commerce-espace-de-vente-locaux-commerciaux","33":"product_cat-garage-automobile","34":"product_cat-laboratoires","35":"product_cat-restaurant-hall-dexposition","36":"product_cat-locaux-public","37":"product_cat-ecole","38":"product_cat-hall-couloirs","39":"product_cat-hopital","40":"product_cat-vestiaires-sanitaires","41":"product_cat-parc-de-stationnement","42":"product_cat-parking-exterieur","43":"product_cat-parking-public","44":"product_cat-produit","45":"product_cat-int-ext","46":"product_cat-exterieur","47":"product_cat-interieur","48":"product_cat-label-et-agrement","49":"product_cat-environnement","50":"product_cat-a","51":"product_cat-excell-zone-bleu","52":"product_cat-faible-cov-2gr","53":"product_cat-pv-alimentaire","54":"product_cat-phase","55":"product_cat-sans-solvant","56":"product_cat-sechage-par-basse-temperature-8","57":"product_cat-sechage-rapide","58":"product_cat-support","59":"product_cat-ancien-revetement-peinture","60":"product_cat-bitume","61":"product_cat-bois-parquet","62":"product_cat-sol-beton-mortier-enduit","63":"product_cat-polyaspartique","64":"product_cat-tous-produits","65":"product_cat-enduit-de-reparation","66":"gamme-wathan","68":"first","69":"instock","70":"shipping-taxable","71":"product-type-simple"},"acf":[],"yoast_head":"<!-- This site is optimized with the Yoast SEO plugin v25.9 - https:\/\/yoast.com\/wordpress\/plugins\/seo\/ -->\n<title>WATHAN EXPRESS RAGREAGE - Cimentol<\/title>\n<meta name=\"robots\" content=\"index, follow, max-snippet:-1, max-image-preview:large, max-video-preview:-1\" \/>\n<link rel=\"canonical\" href=\"https:\/\/www.cimentol.com\/en\/produit\/wathan-express-ragreage\/\" \/>\n<meta property=\"og:locale\" content=\"en_US\" \/>\n<meta property=\"og:type\" content=\"article\" \/>\n<meta property=\"og:title\" content=\"WATHAN EXPRESS RAGREAGE - Cimentol\" \/>\n<meta property=\"og:description\" content=\"RAGREAGE POLYASPARTIQUE AUTOLISSANT A SECHAGE ULTRA RAPIDE POUR LE SOL\" \/>\n<meta property=\"og:url\" content=\"https:\/\/www.cimentol.com\/en\/produit\/wathan-express-ragreage\/\" \/>\n<meta property=\"og:site_name\" content=\"Cimentol\" \/>\n<meta property=\"article:modified_time\" content=\"2025-04-03T13:11:47+00:00\" \/>\n<meta property=\"og:image\" content=\"https:\/\/www.cimentol.com\/wp-content\/uploads\/2022\/03\/VIGNETTE-WATHAN-RAGREAGE-20Kg-BD.jpg\" \/>\n\t<meta property=\"og:image:width\" content=\"1181\" \/>\n\t<meta property=\"og:image:height\" content=\"1181\" \/>\n\t<meta property=\"og:image:type\" content=\"image\/jpeg\" \/>\n<meta name=\"twitter:card\" content=\"summary_large_image\" \/>\n<meta name=\"twitter:label1\" content=\"Est. reading time\" \/>\n\t<meta name=\"twitter:data1\" content=\"1 minute\" \/>\n<script type=\"application\/ld+json\" class=\"yoast-schema-graph\">{\"@context\":\"https:\/\/schema.org\",\"@graph\":[{\"@type\":\"WebPage\",\"@id\":\"https:\/\/www.cimentol.com\/en\/produit\/wathan-express-ragreage\/\",\"url\":\"https:\/\/www.cimentol.com\/en\/produit\/wathan-express-ragreage\/\",\"name\":\"WATHAN EXPRESS RAGREAGE - Cimentol\",\"isPartOf\":{\"@id\":\"https:\/\/www.cimentol.com\/en\/#website\"},\"primaryImageOfPage\":{\"@id\":\"https:\/\/www.cimentol.com\/en\/produit\/wathan-express-ragreage\/#primaryimage\"},\"image\":{\"@id\":\"https:\/\/www.cimentol.com\/en\/produit\/wathan-express-ragreage\/#primaryimage\"},\"thumbnailUrl\":\"https:\/\/www.cimentol.com\/wp-content\/uploads\/2022\/03\/VIGNETTE-WATHAN-RAGREAGE-20Kg-BD.jpg\",\"datePublished\":\"2022-03-24T13:59:14+00:00\",\"dateModified\":\"2025-04-03T13:11:47+00:00\",\"breadcrumb\":{\"@id\":\"https:\/\/www.cimentol.com\/en\/produit\/wathan-express-ragreage\/#breadcrumb\"},\"inLanguage\":\"en-US\",\"potentialAction\":[{\"@type\":\"ReadAction\",\"target\":[\"https:\/\/www.cimentol.com\/en\/produit\/wathan-express-ragreage\/\"]}]},{\"@type\":\"ImageObject\",\"inLanguage\":\"en-US\",\"@id\":\"https:\/\/www.cimentol.com\/en\/produit\/wathan-express-ragreage\/#primaryimage\",\"url\":\"https:\/\/www.cimentol.com\/wp-content\/uploads\/2022\/03\/VIGNETTE-WATHAN-RAGREAGE-20Kg-BD.jpg\",\"contentUrl\":\"https:\/\/www.cimentol.com\/wp-content\/uploads\/2022\/03\/VIGNETTE-WATHAN-RAGREAGE-20Kg-BD.jpg\",\"width\":1181,\"height\":1181},{\"@type\":\"BreadcrumbList\",\"@id\":\"https:\/\/www.cimentol.com\/en\/produit\/wathan-express-ragreage\/#breadcrumb\",\"itemListElement\":[{\"@type\":\"ListItem\",\"position\":1,\"name\":\"Accueil\",\"item\":\"https:\/\/www.cimentol.com\/en\/\"},{\"@type\":\"ListItem\",\"position\":2,\"name\":\"Shop\",\"item\":\"https:\/\/www.cimentol.com\/en\/shop\/\"},{\"@type\":\"ListItem\",\"position\":3,\"name\":\"WATHAN EXPRESS RAGREAGE\"}]},{\"@type\":\"WebSite\",\"@id\":\"https:\/\/www.cimentol.com\/en\/#website\",\"url\":\"https:\/\/www.cimentol.com\/en\/\",\"name\":\"Cimentol\",\"description\":\"\",\"publisher\":{\"@id\":\"https:\/\/www.cimentol.com\/en\/#organization\"},\"potentialAction\":[{\"@type\":\"SearchAction\",\"target\":{\"@type\":\"EntryPoint\",\"urlTemplate\":\"https:\/\/www.cimentol.com\/en\/?s={search_term_string}\"},\"query-input\":{\"@type\":\"PropertyValueSpecification\",\"valueRequired\":true,\"valueName\":\"search_term_string\"}}],\"inLanguage\":\"en-US\"},{\"@type\":\"Organization\",\"@id\":\"https:\/\/www.cimentol.com\/en\/#organization\",\"name\":\"Cimentol\",\"url\":\"https:\/\/www.cimentol.com\/en\/\",\"logo\":{\"@type\":\"ImageObject\",\"inLanguage\":\"en-US\",\"@id\":\"https:\/\/www.cimentol.com\/en\/#\/schema\/logo\/image\/\",\"url\":\"https:\/\/www.cimentol.com\/wp-content\/uploads\/2022\/08\/cimentol-logo.png\",\"contentUrl\":\"https:\/\/www.cimentol.com\/wp-content\/uploads\/2022\/08\/cimentol-logo.png\",\"width\":1181,\"height\":250,\"caption\":\"Cimentol\"},\"image\":{\"@id\":\"https:\/\/www.cimentol.com\/en\/#\/schema\/logo\/image\/\"}}]}<\/script>\n<!-- \/ Yoast SEO plugin. -->","yoast_head_json":{"title":"WATHAN EXPRESS RAGREAGE - Cimentol","robots":{"index":"index","follow":"follow","max-snippet":"max-snippet:-1","max-image-preview":"max-image-preview:large","max-video-preview":"max-video-preview:-1"},"canonical":"https:\/\/www.cimentol.com\/en\/produit\/wathan-express-ragreage\/","og_locale":"en_US","og_type":"article","og_title":"WATHAN EXPRESS RAGREAGE - Cimentol","og_description":"RAGREAGE POLYASPARTIQUE AUTOLISSANT A SECHAGE ULTRA RAPIDE POUR LE SOL","og_url":"https:\/\/www.cimentol.com\/en\/produit\/wathan-express-ragreage\/","og_site_name":"Cimentol","article_modified_time":"2025-04-03T13:11:47+00:00","og_image":[{"width":1181,"height":1181,"url":"https:\/\/www.cimentol.com\/wp-content\/uploads\/2022\/03\/VIGNETTE-WATHAN-RAGREAGE-20Kg-BD.jpg","type":"image\/jpeg"}],"twitter_card":"summary_large_image","twitter_misc":{"Est. reading time":"1 minute"},"schema":{"@context":"https:\/\/schema.org","@graph":[{"@type":"WebPage","@id":"https:\/\/www.cimentol.com\/en\/produit\/wathan-express-ragreage\/","url":"https:\/\/www.cimentol.com\/en\/produit\/wathan-express-ragreage\/","name":"WATHAN EXPRESS RAGREAGE - Cimentol","isPartOf":{"@id":"https:\/\/www.cimentol.com\/en\/#website"},"primaryImageOfPage":{"@id":"https:\/\/www.cimentol.com\/en\/produit\/wathan-express-ragreage\/#primaryimage"},"image":{"@id":"https:\/\/www.cimentol.com\/en\/produit\/wathan-express-ragreage\/#primaryimage"},"thumbnailUrl":"https:\/\/www.cimentol.com\/wp-content\/uploads\/2022\/03\/VIGNETTE-WATHAN-RAGREAGE-20Kg-BD.jpg","datePublished":"2022-03-24T13:59:14+00:00","dateModified":"2025-04-03T13:11:47+00:00","breadcrumb":{"@id":"https:\/\/www.cimentol.com\/en\/produit\/wathan-express-ragreage\/#breadcrumb"},"inLanguage":"en-US","potentialAction":[{"@type":"ReadAction","target":["https:\/\/www.cimentol.com\/en\/produit\/wathan-express-ragreage\/"]}]},{"@type":"ImageObject","inLanguage":"en-US","@id":"https:\/\/www.cimentol.com\/en\/produit\/wathan-express-ragreage\/#primaryimage","url":"https:\/\/www.cimentol.com\/wp-content\/uploads\/2022\/03\/VIGNETTE-WATHAN-RAGREAGE-20Kg-BD.jpg","contentUrl":"https:\/\/www.cimentol.com\/wp-content\/uploads\/2022\/03\/VIGNETTE-WATHAN-RAGREAGE-20Kg-BD.jpg","width":1181,"height":1181},{"@type":"BreadcrumbList","@id":"https:\/\/www.cimentol.com\/en\/produit\/wathan-express-ragreage\/#breadcrumb","itemListElement":[{"@type":"ListItem","position":1,"name":"Accueil","item":"https:\/\/www.cimentol.com\/en\/"},{"@type":"ListItem","position":2,"name":"Shop","item":"https:\/\/www.cimentol.com\/en\/shop\/"},{"@type":"ListItem","position":3,"name":"WATHAN EXPRESS RAGREAGE"}]},{"@type":"WebSite","@id":"https:\/\/www.cimentol.com\/en\/#website","url":"https:\/\/www.cimentol.com\/en\/","name":"Cimentol","description":"","publisher":{"@id":"https:\/\/www.cimentol.com\/en\/#organization"},"potentialAction":[{"@type":"SearchAction","target":{"@type":"EntryPoint","urlTemplate":"https:\/\/www.cimentol.com\/en\/?s={search_term_string}"},"query-input":{"@type":"PropertyValueSpecification","valueRequired":true,"valueName":"search_term_string"}}],"inLanguage":"en-US"},{"@type":"Organization","@id":"https:\/\/www.cimentol.com\/en\/#organization","name":"Cimentol","url":"https:\/\/www.cimentol.com\/en\/","logo":{"@type":"ImageObject","inLanguage":"en-US","@id":"https:\/\/www.cimentol.com\/en\/#\/schema\/logo\/image\/","url":"https:\/\/www.cimentol.com\/wp-content\/uploads\/2022\/08\/cimentol-logo.png","contentUrl":"https:\/\/www.cimentol.com\/wp-content\/uploads\/2022\/08\/cimentol-logo.png","width":1181,"height":250,"caption":"Cimentol"},"image":{"@id":"https:\/\/www.cimentol.com\/en\/#\/schema\/logo\/image\/"}}]}},"_links":{"self":[{"href":"https:\/\/www.cimentol.com\/en\/wp-json\/wp\/v2\/product\/4464","targetHints":{"allow":["GET"]}}],"collection":[{"href":"https:\/\/www.cimentol.com\/en\/wp-json\/wp\/v2\/product"}],"about":[{"href":"https:\/\/www.cimentol.com\/en\/wp-json\/wp\/v2\/types\/product"}],"wp:featuredmedia":[{"embeddable":true,"href":"https:\/\/www.cimentol.com\/en\/wp-json\/wp\/v2\/media\/5860"}],"wp:attachment":[{"href":"https:\/\/www.cimentol.com\/en\/wp-json\/wp\/v2\/media?parent=4464"}],"wp:term":[{"taxonomy":"product_brand","embeddable":true,"href":"https:\/\/www.cimentol.com\/en\/wp-json\/wp\/v2\/product_brand?post=4464"},{"taxonomy":"product_cat","embeddable":true,"href":"https:\/\/www.cimentol.com\/en\/wp-json\/wp\/v2\/product_cat?post=4464"},{"taxonomy":"product_tag","embeddable":true,"href":"https:\/\/www.cimentol.com\/en\/wp-json\/wp\/v2\/product_tag?post=4464"},{"taxonomy":"gamme","embeddable":true,"href":"https:\/\/www.cimentol.com\/en\/wp-json\/wp\/v2\/gamme?post=4464"}],"curies":[{"name":"wp","href":"https:\/\/api.w.org\/{rel}","templated":true}]}}