{"id":4427,"date":"2022-03-29T13:34:42","date_gmt":"2022-03-29T11:34:42","guid":{"rendered":"https:\/\/www.cimentol.com\/?post_type=product&#038;p=4427"},"modified":"2026-02-02T10:35:09","modified_gmt":"2026-02-02T09:35:09","slug":"watflex-green-evol","status":"publish","type":"product","link":"https:\/\/www.cimentol.com\/en\/produit\/watflex-green-evol\/","title":{"rendered":"WATFLEX &#8211; GREEN LINE"},"content":{"rendered":"<p><em>Caract\u00e9ristiques principales\u00a0:<\/em><\/p>\n<ul>\n<li><strong>Nouvelle formule &#8220;GREEN EVOL&#8221;, plus proche des pr\u00e9occupations environnementales<\/strong><\/li>\n<li>Excellente r\u00e9sistance \u00e0 l\u2019abrasion, aux produits chimiques, huiles et graisses<\/li>\n<li>Utilisation int\u00e9rieure\/ext\u00e9rieure\u00a0: r\u00e9sistance exceptionnelle aux UV<\/li>\n<li>R\u00e9sistant \u00e0 la d\u00e9formation, \u00e0 la microfissuration du sol gr\u00e2ce \u00e0 la souplesse du film<\/li>\n<li>Sans odeur, sans solvant, id\u00e9al pour une utilisation domaine public<\/li>\n<li>\u00c9tanche<\/li>\n<li>Protection contre l\u2019oxydation des m\u00e9taux<\/li>\n<li>S\u00e9chage et durcissement rapide<\/li>\n<li>Excellente adh\u00e9rence sur tous supports sains<\/li>\n<\/ul>\n","protected":false},"excerpt":{"rendered":"<p><strong>PEINTURE DE SOL SEMI EPAISSE,\u00a0<\/strong><strong>POLYURETHANE BI COMPOSANTE, AUTOLISSANTE SANS SOLVANT<\/strong><\/p>\n","protected":false},"featured_media":12197,"template":"","meta":{"_acf_changed":false,"inline_featured_image":false},"product_brand":[],"product_cat":[1805,1759,1798,1762,72,150,286,290,318,334,328,304,338,340,342,486,484,530,532,446,476,488,490,492,494,496,498,500,502,464,408,430,30,32],"product_tag":[998],"gamme":[1806,1768],"class_list":{"0":"post-4427","1":"product","2":"type-product","3":"status-publish","4":"has-post-thumbnail","6":"product_cat-green-line","7":"product_cat-nouveautes-nouveautes","8":"product_cat-polyurethane-resine-semi-epaisse-entre-300-et-700-microns","9":"product_cat-tous-produits-nouveautes","10":"product_cat-nouveautes","11":"product_cat-peintures-et-resines-de-sol-peintures-et-resines-techniques","12":"product_cat-entrepot-de-stockage-leger","13":"product_cat-garage","14":"product_cat-garage-collectif","15":"product_cat-etancheite","16":"product_cat-garage-automobile","17":"product_cat-hall-couloirs","18":"product_cat-parc-de-stationnement","19":"product_cat-parking-exterieur","20":"product_cat-parking-public","21":"product_cat-exterieur","22":"product_cat-interieur","23":"product_cat-a","24":"product_cat-bio-source-environnement","25":"product_cat-brillant","26":"product_cat-sans-solvant","27":"product_cat-support","28":"product_cat-ancien-revetement-peinture","29":"product_cat-bitume","30":"product_cat-bois-parquet","31":"product_cat-carrelage","32":"product_cat-chape-anhydrite","33":"product_cat-metal","34":"product_cat-sol-beton-mortier-enduit","35":"product_cat-polyurethane-100-extrait-sec","36":"product_cat-finition","37":"product_cat-resine-semi-epaisse-entre-300-et-700-microns","38":"product_cat-peintures-et-resines-techniques","39":"product_cat-peintures-et-resines-de-sol","40":"product_tag-nouveautes","41":"gamme-green-line","42":"gamme-les-incontournables","44":"first","45":"instock","46":"shipping-taxable","47":"product-type-simple"},"acf":[],"yoast_head":"<!-- This site is optimized with the Yoast SEO plugin v25.9 - https:\/\/yoast.com\/wordpress\/plugins\/seo\/ -->\n<title>WATFLEX - GREEN LINE - Cimentol<\/title>\n<meta name=\"robots\" content=\"index, follow, max-snippet:-1, max-image-preview:large, max-video-preview:-1\" \/>\n<link rel=\"canonical\" href=\"https:\/\/www.cimentol.com\/en\/produit\/watflex-green-evol\/\" \/>\n<meta property=\"og:locale\" content=\"en_US\" \/>\n<meta property=\"og:type\" content=\"article\" \/>\n<meta property=\"og:title\" content=\"WATFLEX - GREEN LINE - Cimentol\" \/>\n<meta property=\"og:description\" content=\"PEINTURE DE SOL SEMI EPAISSE,\u00a0POLYURETHANE BI COMPOSANTE, AUTOLISSANTE SANS SOLVANT\" \/>\n<meta property=\"og:url\" content=\"https:\/\/www.cimentol.com\/en\/produit\/watflex-green-evol\/\" \/>\n<meta property=\"og:site_name\" content=\"Cimentol\" \/>\n<meta property=\"article:modified_time\" content=\"2026-02-02T09:35:09+00:00\" \/>\n<meta property=\"og:image\" content=\"https:\/\/www.cimentol.com\/wp-content\/uploads\/2025\/09\/VIGNETTE-WATFLEX-GL-5Kg-2024-DET-copie.png\" \/>\n\t<meta property=\"og:image:width\" content=\"2362\" \/>\n\t<meta property=\"og:image:height\" content=\"2362\" \/>\n\t<meta property=\"og:image:type\" content=\"image\/png\" \/>\n<meta name=\"twitter:card\" content=\"summary_large_image\" \/>\n<meta name=\"twitter:label1\" content=\"Est. reading time\" \/>\n\t<meta name=\"twitter:data1\" content=\"1 minute\" \/>\n<script type=\"application\/ld+json\" class=\"yoast-schema-graph\">{\"@context\":\"https:\/\/schema.org\",\"@graph\":[{\"@type\":\"WebPage\",\"@id\":\"https:\/\/www.cimentol.com\/en\/produit\/watflex-green-evol\/\",\"url\":\"https:\/\/www.cimentol.com\/en\/produit\/watflex-green-evol\/\",\"name\":\"WATFLEX - GREEN LINE - Cimentol\",\"isPartOf\":{\"@id\":\"https:\/\/www.cimentol.com\/en\/#website\"},\"primaryImageOfPage\":{\"@id\":\"https:\/\/www.cimentol.com\/en\/produit\/watflex-green-evol\/#primaryimage\"},\"image\":{\"@id\":\"https:\/\/www.cimentol.com\/en\/produit\/watflex-green-evol\/#primaryimage\"},\"thumbnailUrl\":\"https:\/\/www.cimentol.com\/wp-content\/uploads\/2025\/09\/VIGNETTE-WATFLEX-GL-5Kg-2024-DET-copie.png\",\"datePublished\":\"2022-03-29T11:34:42+00:00\",\"dateModified\":\"2026-02-02T09:35:09+00:00\",\"breadcrumb\":{\"@id\":\"https:\/\/www.cimentol.com\/en\/produit\/watflex-green-evol\/#breadcrumb\"},\"inLanguage\":\"en-US\",\"potentialAction\":[{\"@type\":\"ReadAction\",\"target\":[\"https:\/\/www.cimentol.com\/en\/produit\/watflex-green-evol\/\"]}]},{\"@type\":\"ImageObject\",\"inLanguage\":\"en-US\",\"@id\":\"https:\/\/www.cimentol.com\/en\/produit\/watflex-green-evol\/#primaryimage\",\"url\":\"https:\/\/www.cimentol.com\/wp-content\/uploads\/2025\/09\/VIGNETTE-WATFLEX-GL-5Kg-2024-DET-copie.png\",\"contentUrl\":\"https:\/\/www.cimentol.com\/wp-content\/uploads\/2025\/09\/VIGNETTE-WATFLEX-GL-5Kg-2024-DET-copie.png\",\"width\":2362,\"height\":2362},{\"@type\":\"BreadcrumbList\",\"@id\":\"https:\/\/www.cimentol.com\/en\/produit\/watflex-green-evol\/#breadcrumb\",\"itemListElement\":[{\"@type\":\"ListItem\",\"position\":1,\"name\":\"Accueil\",\"item\":\"https:\/\/www.cimentol.com\/en\/\"},{\"@type\":\"ListItem\",\"position\":2,\"name\":\"Shop\",\"item\":\"https:\/\/www.cimentol.com\/en\/shop\/\"},{\"@type\":\"ListItem\",\"position\":3,\"name\":\"WATFLEX &#8211; GREEN LINE\"}]},{\"@type\":\"WebSite\",\"@id\":\"https:\/\/www.cimentol.com\/en\/#website\",\"url\":\"https:\/\/www.cimentol.com\/en\/\",\"name\":\"Cimentol\",\"description\":\"\",\"publisher\":{\"@id\":\"https:\/\/www.cimentol.com\/en\/#organization\"},\"potentialAction\":[{\"@type\":\"SearchAction\",\"target\":{\"@type\":\"EntryPoint\",\"urlTemplate\":\"https:\/\/www.cimentol.com\/en\/?s={search_term_string}\"},\"query-input\":{\"@type\":\"PropertyValueSpecification\",\"valueRequired\":true,\"valueName\":\"search_term_string\"}}],\"inLanguage\":\"en-US\"},{\"@type\":\"Organization\",\"@id\":\"https:\/\/www.cimentol.com\/en\/#organization\",\"name\":\"Cimentol\",\"url\":\"https:\/\/www.cimentol.com\/en\/\",\"logo\":{\"@type\":\"ImageObject\",\"inLanguage\":\"en-US\",\"@id\":\"https:\/\/www.cimentol.com\/en\/#\/schema\/logo\/image\/\",\"url\":\"https:\/\/www.cimentol.com\/wp-content\/uploads\/2022\/08\/cimentol-logo.png\",\"contentUrl\":\"https:\/\/www.cimentol.com\/wp-content\/uploads\/2022\/08\/cimentol-logo.png\",\"width\":1181,\"height\":250,\"caption\":\"Cimentol\"},\"image\":{\"@id\":\"https:\/\/www.cimentol.com\/en\/#\/schema\/logo\/image\/\"}}]}<\/script>\n<!-- \/ Yoast SEO plugin. -->","yoast_head_json":{"title":"WATFLEX - GREEN LINE - Cimentol","robots":{"index":"index","follow":"follow","max-snippet":"max-snippet:-1","max-image-preview":"max-image-preview:large","max-video-preview":"max-video-preview:-1"},"canonical":"https:\/\/www.cimentol.com\/en\/produit\/watflex-green-evol\/","og_locale":"en_US","og_type":"article","og_title":"WATFLEX - GREEN LINE - Cimentol","og_description":"PEINTURE DE SOL SEMI EPAISSE,\u00a0POLYURETHANE BI COMPOSANTE, AUTOLISSANTE SANS SOLVANT","og_url":"https:\/\/www.cimentol.com\/en\/produit\/watflex-green-evol\/","og_site_name":"Cimentol","article_modified_time":"2026-02-02T09:35:09+00:00","og_image":[{"width":2362,"height":2362,"url":"https:\/\/www.cimentol.com\/wp-content\/uploads\/2025\/09\/VIGNETTE-WATFLEX-GL-5Kg-2024-DET-copie.png","type":"image\/png"}],"twitter_card":"summary_large_image","twitter_misc":{"Est. reading time":"1 minute"},"schema":{"@context":"https:\/\/schema.org","@graph":[{"@type":"WebPage","@id":"https:\/\/www.cimentol.com\/en\/produit\/watflex-green-evol\/","url":"https:\/\/www.cimentol.com\/en\/produit\/watflex-green-evol\/","name":"WATFLEX - GREEN LINE - Cimentol","isPartOf":{"@id":"https:\/\/www.cimentol.com\/en\/#website"},"primaryImageOfPage":{"@id":"https:\/\/www.cimentol.com\/en\/produit\/watflex-green-evol\/#primaryimage"},"image":{"@id":"https:\/\/www.cimentol.com\/en\/produit\/watflex-green-evol\/#primaryimage"},"thumbnailUrl":"https:\/\/www.cimentol.com\/wp-content\/uploads\/2025\/09\/VIGNETTE-WATFLEX-GL-5Kg-2024-DET-copie.png","datePublished":"2022-03-29T11:34:42+00:00","dateModified":"2026-02-02T09:35:09+00:00","breadcrumb":{"@id":"https:\/\/www.cimentol.com\/en\/produit\/watflex-green-evol\/#breadcrumb"},"inLanguage":"en-US","potentialAction":[{"@type":"ReadAction","target":["https:\/\/www.cimentol.com\/en\/produit\/watflex-green-evol\/"]}]},{"@type":"ImageObject","inLanguage":"en-US","@id":"https:\/\/www.cimentol.com\/en\/produit\/watflex-green-evol\/#primaryimage","url":"https:\/\/www.cimentol.com\/wp-content\/uploads\/2025\/09\/VIGNETTE-WATFLEX-GL-5Kg-2024-DET-copie.png","contentUrl":"https:\/\/www.cimentol.com\/wp-content\/uploads\/2025\/09\/VIGNETTE-WATFLEX-GL-5Kg-2024-DET-copie.png","width":2362,"height":2362},{"@type":"BreadcrumbList","@id":"https:\/\/www.cimentol.com\/en\/produit\/watflex-green-evol\/#breadcrumb","itemListElement":[{"@type":"ListItem","position":1,"name":"Accueil","item":"https:\/\/www.cimentol.com\/en\/"},{"@type":"ListItem","position":2,"name":"Shop","item":"https:\/\/www.cimentol.com\/en\/shop\/"},{"@type":"ListItem","position":3,"name":"WATFLEX &#8211; GREEN LINE"}]},{"@type":"WebSite","@id":"https:\/\/www.cimentol.com\/en\/#website","url":"https:\/\/www.cimentol.com\/en\/","name":"Cimentol","description":"","publisher":{"@id":"https:\/\/www.cimentol.com\/en\/#organization"},"potentialAction":[{"@type":"SearchAction","target":{"@type":"EntryPoint","urlTemplate":"https:\/\/www.cimentol.com\/en\/?s={search_term_string}"},"query-input":{"@type":"PropertyValueSpecification","valueRequired":true,"valueName":"search_term_string"}}],"inLanguage":"en-US"},{"@type":"Organization","@id":"https:\/\/www.cimentol.com\/en\/#organization","name":"Cimentol","url":"https:\/\/www.cimentol.com\/en\/","logo":{"@type":"ImageObject","inLanguage":"en-US","@id":"https:\/\/www.cimentol.com\/en\/#\/schema\/logo\/image\/","url":"https:\/\/www.cimentol.com\/wp-content\/uploads\/2022\/08\/cimentol-logo.png","contentUrl":"https:\/\/www.cimentol.com\/wp-content\/uploads\/2022\/08\/cimentol-logo.png","width":1181,"height":250,"caption":"Cimentol"},"image":{"@id":"https:\/\/www.cimentol.com\/en\/#\/schema\/logo\/image\/"}}]}},"_links":{"self":[{"href":"https:\/\/www.cimentol.com\/en\/wp-json\/wp\/v2\/product\/4427","targetHints":{"allow":["GET"]}}],"collection":[{"href":"https:\/\/www.cimentol.com\/en\/wp-json\/wp\/v2\/product"}],"about":[{"href":"https:\/\/www.cimentol.com\/en\/wp-json\/wp\/v2\/types\/product"}],"wp:featuredmedia":[{"embeddable":true,"href":"https:\/\/www.cimentol.com\/en\/wp-json\/wp\/v2\/media\/12197"}],"wp:attachment":[{"href":"https:\/\/www.cimentol.com\/en\/wp-json\/wp\/v2\/media?parent=4427"}],"wp:term":[{"taxonomy":"product_brand","embeddable":true,"href":"https:\/\/www.cimentol.com\/en\/wp-json\/wp\/v2\/product_brand?post=4427"},{"taxonomy":"product_cat","embeddable":true,"href":"https:\/\/www.cimentol.com\/en\/wp-json\/wp\/v2\/product_cat?post=4427"},{"taxonomy":"product_tag","embeddable":true,"href":"https:\/\/www.cimentol.com\/en\/wp-json\/wp\/v2\/product_tag?post=4427"},{"taxonomy":"gamme","embeddable":true,"href":"https:\/\/www.cimentol.com\/en\/wp-json\/wp\/v2\/gamme?post=4427"}],"curies":[{"name":"wp","href":"https:\/\/api.w.org\/{rel}","templated":true}]}}