{"id":4418,"date":"2022-04-22T22:21:01","date_gmt":"2022-04-22T20:21:01","guid":{"rendered":"https:\/\/www.cimentol.com\/?post_type=product&#038;p=4418"},"modified":"2022-10-07T09:44:23","modified_gmt":"2022-10-07T07:44:23","slug":"vernis-watcoat","status":"publish","type":"product","link":"https:\/\/www.cimentol.com\/en\/produit\/vernis-watcoat\/","title":{"rendered":"WATCOAT VERNIS"},"content":{"rendered":"<p><em>Caract\u00e9ristiques principales\u00a0:<\/em><\/p>\n<ul>\n<li>Excellentes performances du rev\u00eatement\u00a0: adh\u00e9sion, r\u00e9sistance chimique et m\u00e9canique<\/li>\n<li>Incolore &#8211; aspect esth\u00e9tique<\/li>\n<li>Sans solvant et sans odeur<\/li>\n<li>Facile d\u2019entretien<\/li>\n<li><strong>PV alimentaire<\/strong><\/li>\n<\/ul>\n","protected":false},"excerpt":{"rendered":"<p><strong>VERNIS INCOLORE EPOXY BI-COMPOSANT DE PROTECTION ET DECORATION DE SOL<\/strong><\/p>\n","protected":false},"featured_media":5876,"template":"","meta":{"_acf_changed":false,"inline_featured_image":false},"product_brand":[],"product_cat":[1786,150,268,270,274,276,278,272,280,282,286,288,290,292,294,298,314,316,318,320,322,324,326,328,330,332,300,302,304,306,308,338,342,400,482,484,530,552,446,476,518,488,490,492,494,496,498,500,502,458,402,408,412,432,32],"product_tag":[],"gamme":[],"class_list":{"0":"post-4418","1":"product","2":"type-product","3":"status-publish","4":"has-post-thumbnail","6":"product_cat-epoxy","7":"product_cat-peintures-et-resines-de-sol-peintures-et-resines-techniques","8":"product_cat-destination","9":"product_cat-agro-alimentaire","10":"product_cat-boucherie-boulangerie-commerce-alimentaire","11":"product_cat-chambre-froide-agro-alimentaire","12":"product_cat-industrie-de-production-alimentaire","13":"product_cat-laiterie-salle-de-traite","14":"product_cat-restauration-collective-cuisine-de-restaurant","15":"product_cat-ateliers-usines-hangar-entrepot-destination","16":"product_cat-entrepot-de-stockage-leger","17":"product_cat-entrepot-de-stockage-lourd","18":"product_cat-garage","19":"product_cat-local-batterie-huile-et-lubrifiant","20":"product_cat-locaux-techniques","21":"product_cat-trafic-lourd-chariot-elevateur","22":"product_cat-box-individuel-copropriete-destination","23":"product_cat-cage-escalier-copropriete-destination","24":"product_cat-garage-collectif","25":"product_cat-vide-ordure","26":"product_cat-locaux-commerciaux","27":"product_cat-bureaux-locaux-commerciaux","28":"product_cat-commerce-espace-de-vente-locaux-commerciaux","29":"product_cat-garage-automobile","30":"product_cat-laboratoires","31":"product_cat-restaurant-hall-dexposition","32":"product_cat-locaux-public","33":"product_cat-ecole","34":"product_cat-hall-couloirs","35":"product_cat-hopital","36":"product_cat-vestiaires-sanitaires","37":"product_cat-parc-de-stationnement","38":"product_cat-parking-public","39":"product_cat-produit","40":"product_cat-int-ext","41":"product_cat-interieur","42":"product_cat-a","43":"product_cat-pv-alimentaire","44":"product_cat-brillant","45":"product_cat-sans-solvant","46":"product_cat-resistant-a-la-chaleur-x","47":"product_cat-support","48":"product_cat-ancien-revetement-peinture","49":"product_cat-bitume","50":"product_cat-bois-parquet","51":"product_cat-carrelage","52":"product_cat-chape-anhydrite","53":"product_cat-metal","54":"product_cat-sol-beton-mortier-enduit","55":"product_cat-epoxy-100-extrait-sec","56":"product_cat-tous-produits","57":"product_cat-finition","58":"product_cat-type","59":"product_cat-vernis-de-protection","60":"product_cat-peintures-et-resines-de-sol","62":"first","63":"instock","64":"shipping-taxable","65":"product-type-simple"},"acf":[],"yoast_head":"<!-- This site is optimized with the Yoast SEO plugin v25.9 - https:\/\/yoast.com\/wordpress\/plugins\/seo\/ -->\n<title>WATCOAT VERNIS - Cimentol<\/title>\n<meta name=\"robots\" content=\"index, follow, max-snippet:-1, max-image-preview:large, max-video-preview:-1\" \/>\n<link rel=\"canonical\" href=\"https:\/\/www.cimentol.com\/en\/produit\/vernis-watcoat\/\" \/>\n<meta property=\"og:locale\" content=\"en_US\" \/>\n<meta property=\"og:type\" content=\"article\" \/>\n<meta property=\"og:title\" content=\"WATCOAT VERNIS - Cimentol\" \/>\n<meta property=\"og:description\" content=\"VERNIS INCOLORE EPOXY BI-COMPOSANT DE PROTECTION ET DECORATION DE SOL\" \/>\n<meta property=\"og:url\" content=\"https:\/\/www.cimentol.com\/en\/produit\/vernis-watcoat\/\" \/>\n<meta property=\"og:site_name\" content=\"Cimentol\" \/>\n<meta property=\"article:modified_time\" content=\"2022-10-07T07:44:23+00:00\" \/>\n<meta property=\"og:image\" content=\"https:\/\/www.cimentol.com\/wp-content\/uploads\/2022\/04\/VIGNETTE-VERNIS-WATCOAT-BD.jpg\" \/>\n\t<meta property=\"og:image:width\" content=\"2362\" \/>\n\t<meta property=\"og:image:height\" content=\"2362\" \/>\n\t<meta property=\"og:image:type\" content=\"image\/jpeg\" \/>\n<meta name=\"twitter:card\" content=\"summary_large_image\" \/>\n<meta name=\"twitter:label1\" content=\"Est. reading time\" \/>\n\t<meta name=\"twitter:data1\" content=\"1 minute\" \/>\n<script type=\"application\/ld+json\" class=\"yoast-schema-graph\">{\"@context\":\"https:\/\/schema.org\",\"@graph\":[{\"@type\":\"WebPage\",\"@id\":\"https:\/\/www.cimentol.com\/en\/produit\/vernis-watcoat\/\",\"url\":\"https:\/\/www.cimentol.com\/en\/produit\/vernis-watcoat\/\",\"name\":\"WATCOAT VERNIS - Cimentol\",\"isPartOf\":{\"@id\":\"https:\/\/www.cimentol.com\/en\/#website\"},\"primaryImageOfPage\":{\"@id\":\"https:\/\/www.cimentol.com\/en\/produit\/vernis-watcoat\/#primaryimage\"},\"image\":{\"@id\":\"https:\/\/www.cimentol.com\/en\/produit\/vernis-watcoat\/#primaryimage\"},\"thumbnailUrl\":\"https:\/\/www.cimentol.com\/wp-content\/uploads\/2022\/04\/VIGNETTE-VERNIS-WATCOAT-BD.jpg\",\"datePublished\":\"2022-04-22T20:21:01+00:00\",\"dateModified\":\"2022-10-07T07:44:23+00:00\",\"breadcrumb\":{\"@id\":\"https:\/\/www.cimentol.com\/en\/produit\/vernis-watcoat\/#breadcrumb\"},\"inLanguage\":\"en-US\",\"potentialAction\":[{\"@type\":\"ReadAction\",\"target\":[\"https:\/\/www.cimentol.com\/en\/produit\/vernis-watcoat\/\"]}]},{\"@type\":\"ImageObject\",\"inLanguage\":\"en-US\",\"@id\":\"https:\/\/www.cimentol.com\/en\/produit\/vernis-watcoat\/#primaryimage\",\"url\":\"https:\/\/www.cimentol.com\/wp-content\/uploads\/2022\/04\/VIGNETTE-VERNIS-WATCOAT-BD.jpg\",\"contentUrl\":\"https:\/\/www.cimentol.com\/wp-content\/uploads\/2022\/04\/VIGNETTE-VERNIS-WATCOAT-BD.jpg\",\"width\":2362,\"height\":2362},{\"@type\":\"BreadcrumbList\",\"@id\":\"https:\/\/www.cimentol.com\/en\/produit\/vernis-watcoat\/#breadcrumb\",\"itemListElement\":[{\"@type\":\"ListItem\",\"position\":1,\"name\":\"Accueil\",\"item\":\"https:\/\/www.cimentol.com\/en\/\"},{\"@type\":\"ListItem\",\"position\":2,\"name\":\"Shop\",\"item\":\"https:\/\/www.cimentol.com\/en\/shop\/\"},{\"@type\":\"ListItem\",\"position\":3,\"name\":\"WATCOAT VERNIS\"}]},{\"@type\":\"WebSite\",\"@id\":\"https:\/\/www.cimentol.com\/en\/#website\",\"url\":\"https:\/\/www.cimentol.com\/en\/\",\"name\":\"Cimentol\",\"description\":\"\",\"publisher\":{\"@id\":\"https:\/\/www.cimentol.com\/en\/#organization\"},\"potentialAction\":[{\"@type\":\"SearchAction\",\"target\":{\"@type\":\"EntryPoint\",\"urlTemplate\":\"https:\/\/www.cimentol.com\/en\/?s={search_term_string}\"},\"query-input\":{\"@type\":\"PropertyValueSpecification\",\"valueRequired\":true,\"valueName\":\"search_term_string\"}}],\"inLanguage\":\"en-US\"},{\"@type\":\"Organization\",\"@id\":\"https:\/\/www.cimentol.com\/en\/#organization\",\"name\":\"Cimentol\",\"url\":\"https:\/\/www.cimentol.com\/en\/\",\"logo\":{\"@type\":\"ImageObject\",\"inLanguage\":\"en-US\",\"@id\":\"https:\/\/www.cimentol.com\/en\/#\/schema\/logo\/image\/\",\"url\":\"https:\/\/www.cimentol.com\/wp-content\/uploads\/2022\/08\/cimentol-logo.png\",\"contentUrl\":\"https:\/\/www.cimentol.com\/wp-content\/uploads\/2022\/08\/cimentol-logo.png\",\"width\":1181,\"height\":250,\"caption\":\"Cimentol\"},\"image\":{\"@id\":\"https:\/\/www.cimentol.com\/en\/#\/schema\/logo\/image\/\"}}]}<\/script>\n<!-- \/ Yoast SEO plugin. -->","yoast_head_json":{"title":"WATCOAT VERNIS - Cimentol","robots":{"index":"index","follow":"follow","max-snippet":"max-snippet:-1","max-image-preview":"max-image-preview:large","max-video-preview":"max-video-preview:-1"},"canonical":"https:\/\/www.cimentol.com\/en\/produit\/vernis-watcoat\/","og_locale":"en_US","og_type":"article","og_title":"WATCOAT VERNIS - Cimentol","og_description":"VERNIS INCOLORE EPOXY BI-COMPOSANT DE PROTECTION ET DECORATION DE SOL","og_url":"https:\/\/www.cimentol.com\/en\/produit\/vernis-watcoat\/","og_site_name":"Cimentol","article_modified_time":"2022-10-07T07:44:23+00:00","og_image":[{"width":2362,"height":2362,"url":"https:\/\/www.cimentol.com\/wp-content\/uploads\/2022\/04\/VIGNETTE-VERNIS-WATCOAT-BD.jpg","type":"image\/jpeg"}],"twitter_card":"summary_large_image","twitter_misc":{"Est. reading time":"1 minute"},"schema":{"@context":"https:\/\/schema.org","@graph":[{"@type":"WebPage","@id":"https:\/\/www.cimentol.com\/en\/produit\/vernis-watcoat\/","url":"https:\/\/www.cimentol.com\/en\/produit\/vernis-watcoat\/","name":"WATCOAT VERNIS - Cimentol","isPartOf":{"@id":"https:\/\/www.cimentol.com\/en\/#website"},"primaryImageOfPage":{"@id":"https:\/\/www.cimentol.com\/en\/produit\/vernis-watcoat\/#primaryimage"},"image":{"@id":"https:\/\/www.cimentol.com\/en\/produit\/vernis-watcoat\/#primaryimage"},"thumbnailUrl":"https:\/\/www.cimentol.com\/wp-content\/uploads\/2022\/04\/VIGNETTE-VERNIS-WATCOAT-BD.jpg","datePublished":"2022-04-22T20:21:01+00:00","dateModified":"2022-10-07T07:44:23+00:00","breadcrumb":{"@id":"https:\/\/www.cimentol.com\/en\/produit\/vernis-watcoat\/#breadcrumb"},"inLanguage":"en-US","potentialAction":[{"@type":"ReadAction","target":["https:\/\/www.cimentol.com\/en\/produit\/vernis-watcoat\/"]}]},{"@type":"ImageObject","inLanguage":"en-US","@id":"https:\/\/www.cimentol.com\/en\/produit\/vernis-watcoat\/#primaryimage","url":"https:\/\/www.cimentol.com\/wp-content\/uploads\/2022\/04\/VIGNETTE-VERNIS-WATCOAT-BD.jpg","contentUrl":"https:\/\/www.cimentol.com\/wp-content\/uploads\/2022\/04\/VIGNETTE-VERNIS-WATCOAT-BD.jpg","width":2362,"height":2362},{"@type":"BreadcrumbList","@id":"https:\/\/www.cimentol.com\/en\/produit\/vernis-watcoat\/#breadcrumb","itemListElement":[{"@type":"ListItem","position":1,"name":"Accueil","item":"https:\/\/www.cimentol.com\/en\/"},{"@type":"ListItem","position":2,"name":"Shop","item":"https:\/\/www.cimentol.com\/en\/shop\/"},{"@type":"ListItem","position":3,"name":"WATCOAT VERNIS"}]},{"@type":"WebSite","@id":"https:\/\/www.cimentol.com\/en\/#website","url":"https:\/\/www.cimentol.com\/en\/","name":"Cimentol","description":"","publisher":{"@id":"https:\/\/www.cimentol.com\/en\/#organization"},"potentialAction":[{"@type":"SearchAction","target":{"@type":"EntryPoint","urlTemplate":"https:\/\/www.cimentol.com\/en\/?s={search_term_string}"},"query-input":{"@type":"PropertyValueSpecification","valueRequired":true,"valueName":"search_term_string"}}],"inLanguage":"en-US"},{"@type":"Organization","@id":"https:\/\/www.cimentol.com\/en\/#organization","name":"Cimentol","url":"https:\/\/www.cimentol.com\/en\/","logo":{"@type":"ImageObject","inLanguage":"en-US","@id":"https:\/\/www.cimentol.com\/en\/#\/schema\/logo\/image\/","url":"https:\/\/www.cimentol.com\/wp-content\/uploads\/2022\/08\/cimentol-logo.png","contentUrl":"https:\/\/www.cimentol.com\/wp-content\/uploads\/2022\/08\/cimentol-logo.png","width":1181,"height":250,"caption":"Cimentol"},"image":{"@id":"https:\/\/www.cimentol.com\/en\/#\/schema\/logo\/image\/"}}]}},"_links":{"self":[{"href":"https:\/\/www.cimentol.com\/en\/wp-json\/wp\/v2\/product\/4418","targetHints":{"allow":["GET"]}}],"collection":[{"href":"https:\/\/www.cimentol.com\/en\/wp-json\/wp\/v2\/product"}],"about":[{"href":"https:\/\/www.cimentol.com\/en\/wp-json\/wp\/v2\/types\/product"}],"wp:featuredmedia":[{"embeddable":true,"href":"https:\/\/www.cimentol.com\/en\/wp-json\/wp\/v2\/media\/5876"}],"wp:attachment":[{"href":"https:\/\/www.cimentol.com\/en\/wp-json\/wp\/v2\/media?parent=4418"}],"wp:term":[{"taxonomy":"product_brand","embeddable":true,"href":"https:\/\/www.cimentol.com\/en\/wp-json\/wp\/v2\/product_brand?post=4418"},{"taxonomy":"product_cat","embeddable":true,"href":"https:\/\/www.cimentol.com\/en\/wp-json\/wp\/v2\/product_cat?post=4418"},{"taxonomy":"product_tag","embeddable":true,"href":"https:\/\/www.cimentol.com\/en\/wp-json\/wp\/v2\/product_tag?post=4418"},{"taxonomy":"gamme","embeddable":true,"href":"https:\/\/www.cimentol.com\/en\/wp-json\/wp\/v2\/gamme?post=4418"}],"curies":[{"name":"wp","href":"https:\/\/api.w.org\/{rel}","templated":true}]}}