{"id":4417,"date":"2022-04-13T18:38:24","date_gmt":"2022-04-13T16:38:24","guid":{"rendered":"https:\/\/www.cimentol.com\/?post_type=product&#038;p=4417"},"modified":"2025-04-14T08:38:13","modified_gmt":"2025-04-14T06:38:13","slug":"watcoat","status":"publish","type":"product","link":"https:\/\/www.cimentol.com\/en\/produit\/watcoat\/","title":{"rendered":"WATCOAT"},"content":{"rendered":"<p><em>Caract\u00e9ristiques principales\u00a0:<\/em><\/p>\n<ul>\n<li>Excellentes performances\u00a0: adh\u00e9sion, r\u00e9sistance chimique et m\u00e9canique<\/li>\n<li>\u00c9paisseur\u00a0: 1.5 \u00e0 2 mm<\/li>\n<li>100% extrait sec<\/li>\n<li>Sans odeur, sans solvant<\/li>\n<li>S\u00e9chage et durcissement rapide = 24h pour le trafic l\u00e9ger<\/li>\n<li>Mise en \u0153uvre rapide = temps d\u2019application rapide<\/li>\n<li>Aspect esth\u00e9tique <strong>\u00ab\u00a0glacis\u00a0\u00bb<\/strong><\/li>\n<li><strong>Agr\u00e9ment alimentaire si recouvert par le vernis WATCOAT<\/strong><\/li>\n<\/ul>\n","protected":false},"excerpt":{"rendered":"<p><strong>REVETEMENT EPAIS AUTOLISSANT EPOXY\u00a0<\/strong><strong>BI-COMPOSANT SANS SOLVANT\u00a0<\/strong><strong>POUR SOLS<\/strong><\/p>\n","protected":false},"featured_media":5877,"template":"","meta":{"_acf_changed":false,"inline_featured_image":false},"product_brand":[],"product_cat":[150,268,270,274,276,278,272,280,282,286,288,290,292,294,298,314,316,318,320,324,326,328,330,332,302,304,306,308,342,400,484,530,446,476,518,488,490,492,494,496,498,500,502,458,402,408,428,32],"product_tag":[],"gamme":[993],"class_list":{"0":"post-4417","1":"product","2":"type-product","3":"status-publish","4":"has-post-thumbnail","6":"product_cat-peintures-et-resines-de-sol-peintures-et-resines-techniques","7":"product_cat-destination","8":"product_cat-agro-alimentaire","9":"product_cat-boucherie-boulangerie-commerce-alimentaire","10":"product_cat-chambre-froide-agro-alimentaire","11":"product_cat-industrie-de-production-alimentaire","12":"product_cat-laiterie-salle-de-traite","13":"product_cat-restauration-collective-cuisine-de-restaurant","14":"product_cat-ateliers-usines-hangar-entrepot-destination","15":"product_cat-entrepot-de-stockage-leger","16":"product_cat-entrepot-de-stockage-lourd","17":"product_cat-garage","18":"product_cat-local-batterie-huile-et-lubrifiant","19":"product_cat-locaux-techniques","20":"product_cat-trafic-lourd-chariot-elevateur","21":"product_cat-box-individuel-copropriete-destination","22":"product_cat-cage-escalier-copropriete-destination","23":"product_cat-garage-collectif","24":"product_cat-vide-ordure","25":"product_cat-bureaux-locaux-commerciaux","26":"product_cat-commerce-espace-de-vente-locaux-commerciaux","27":"product_cat-garage-automobile","28":"product_cat-laboratoires","29":"product_cat-restaurant-hall-dexposition","30":"product_cat-ecole","31":"product_cat-hall-couloirs","32":"product_cat-hopital","33":"product_cat-vestiaires-sanitaires","34":"product_cat-parking-public","35":"product_cat-produit","36":"product_cat-interieur","37":"product_cat-a","38":"product_cat-brillant","39":"product_cat-sans-solvant","40":"product_cat-resistant-a-la-chaleur-x","41":"product_cat-support","42":"product_cat-ancien-revetement-peinture","43":"product_cat-bitume","44":"product_cat-bois-parquet","45":"product_cat-carrelage","46":"product_cat-chape-anhydrite","47":"product_cat-metal","48":"product_cat-sol-beton-mortier-enduit","49":"product_cat-epoxy-100-extrait-sec","50":"product_cat-tous-produits","51":"product_cat-finition","52":"product_cat-resine-epaisse-700-microns","53":"product_cat-peintures-et-resines-de-sol","54":"gamme-watcoat","56":"first","57":"instock","58":"shipping-taxable","59":"product-type-simple"},"acf":[],"yoast_head":"<!-- This site is optimized with the Yoast SEO plugin v25.9 - https:\/\/yoast.com\/wordpress\/plugins\/seo\/ -->\n<title>WATCOAT - Cimentol<\/title>\n<meta name=\"robots\" content=\"index, follow, max-snippet:-1, max-image-preview:large, max-video-preview:-1\" \/>\n<link rel=\"canonical\" href=\"https:\/\/www.cimentol.com\/en\/produit\/watcoat\/\" \/>\n<meta property=\"og:locale\" content=\"en_US\" \/>\n<meta property=\"og:type\" content=\"article\" \/>\n<meta property=\"og:title\" content=\"WATCOAT - Cimentol\" \/>\n<meta property=\"og:description\" content=\"REVETEMENT EPAIS AUTOLISSANT EPOXY\u00a0BI-COMPOSANT SANS SOLVANT\u00a0POUR SOLS\" \/>\n<meta property=\"og:url\" content=\"https:\/\/www.cimentol.com\/en\/produit\/watcoat\/\" \/>\n<meta property=\"og:site_name\" content=\"Cimentol\" \/>\n<meta property=\"article:modified_time\" content=\"2025-04-14T06:38:13+00:00\" \/>\n<meta property=\"og:image\" content=\"https:\/\/www.cimentol.com\/wp-content\/uploads\/2022\/04\/VIGNETTE-WATCOAT-BD.jpg\" \/>\n\t<meta property=\"og:image:width\" content=\"2362\" \/>\n\t<meta property=\"og:image:height\" content=\"2362\" \/>\n\t<meta property=\"og:image:type\" content=\"image\/jpeg\" \/>\n<meta name=\"twitter:card\" content=\"summary_large_image\" \/>\n<meta name=\"twitter:label1\" content=\"Est. reading time\" \/>\n\t<meta name=\"twitter:data1\" content=\"1 minute\" \/>\n<script type=\"application\/ld+json\" class=\"yoast-schema-graph\">{\"@context\":\"https:\/\/schema.org\",\"@graph\":[{\"@type\":\"WebPage\",\"@id\":\"https:\/\/www.cimentol.com\/en\/produit\/watcoat\/\",\"url\":\"https:\/\/www.cimentol.com\/en\/produit\/watcoat\/\",\"name\":\"WATCOAT - Cimentol\",\"isPartOf\":{\"@id\":\"https:\/\/www.cimentol.com\/en\/#website\"},\"primaryImageOfPage\":{\"@id\":\"https:\/\/www.cimentol.com\/en\/produit\/watcoat\/#primaryimage\"},\"image\":{\"@id\":\"https:\/\/www.cimentol.com\/en\/produit\/watcoat\/#primaryimage\"},\"thumbnailUrl\":\"https:\/\/www.cimentol.com\/wp-content\/uploads\/2022\/04\/VIGNETTE-WATCOAT-BD.jpg\",\"datePublished\":\"2022-04-13T16:38:24+00:00\",\"dateModified\":\"2025-04-14T06:38:13+00:00\",\"breadcrumb\":{\"@id\":\"https:\/\/www.cimentol.com\/en\/produit\/watcoat\/#breadcrumb\"},\"inLanguage\":\"en-US\",\"potentialAction\":[{\"@type\":\"ReadAction\",\"target\":[\"https:\/\/www.cimentol.com\/en\/produit\/watcoat\/\"]}]},{\"@type\":\"ImageObject\",\"inLanguage\":\"en-US\",\"@id\":\"https:\/\/www.cimentol.com\/en\/produit\/watcoat\/#primaryimage\",\"url\":\"https:\/\/www.cimentol.com\/wp-content\/uploads\/2022\/04\/VIGNETTE-WATCOAT-BD.jpg\",\"contentUrl\":\"https:\/\/www.cimentol.com\/wp-content\/uploads\/2022\/04\/VIGNETTE-WATCOAT-BD.jpg\",\"width\":2362,\"height\":2362},{\"@type\":\"BreadcrumbList\",\"@id\":\"https:\/\/www.cimentol.com\/en\/produit\/watcoat\/#breadcrumb\",\"itemListElement\":[{\"@type\":\"ListItem\",\"position\":1,\"name\":\"Accueil\",\"item\":\"https:\/\/www.cimentol.com\/en\/\"},{\"@type\":\"ListItem\",\"position\":2,\"name\":\"Shop\",\"item\":\"https:\/\/www.cimentol.com\/en\/shop\/\"},{\"@type\":\"ListItem\",\"position\":3,\"name\":\"WATCOAT\"}]},{\"@type\":\"WebSite\",\"@id\":\"https:\/\/www.cimentol.com\/en\/#website\",\"url\":\"https:\/\/www.cimentol.com\/en\/\",\"name\":\"Cimentol\",\"description\":\"\",\"publisher\":{\"@id\":\"https:\/\/www.cimentol.com\/en\/#organization\"},\"potentialAction\":[{\"@type\":\"SearchAction\",\"target\":{\"@type\":\"EntryPoint\",\"urlTemplate\":\"https:\/\/www.cimentol.com\/en\/?s={search_term_string}\"},\"query-input\":{\"@type\":\"PropertyValueSpecification\",\"valueRequired\":true,\"valueName\":\"search_term_string\"}}],\"inLanguage\":\"en-US\"},{\"@type\":\"Organization\",\"@id\":\"https:\/\/www.cimentol.com\/en\/#organization\",\"name\":\"Cimentol\",\"url\":\"https:\/\/www.cimentol.com\/en\/\",\"logo\":{\"@type\":\"ImageObject\",\"inLanguage\":\"en-US\",\"@id\":\"https:\/\/www.cimentol.com\/en\/#\/schema\/logo\/image\/\",\"url\":\"https:\/\/www.cimentol.com\/wp-content\/uploads\/2022\/08\/cimentol-logo.png\",\"contentUrl\":\"https:\/\/www.cimentol.com\/wp-content\/uploads\/2022\/08\/cimentol-logo.png\",\"width\":1181,\"height\":250,\"caption\":\"Cimentol\"},\"image\":{\"@id\":\"https:\/\/www.cimentol.com\/en\/#\/schema\/logo\/image\/\"}}]}<\/script>\n<!-- \/ Yoast SEO plugin. -->","yoast_head_json":{"title":"WATCOAT - Cimentol","robots":{"index":"index","follow":"follow","max-snippet":"max-snippet:-1","max-image-preview":"max-image-preview:large","max-video-preview":"max-video-preview:-1"},"canonical":"https:\/\/www.cimentol.com\/en\/produit\/watcoat\/","og_locale":"en_US","og_type":"article","og_title":"WATCOAT - Cimentol","og_description":"REVETEMENT EPAIS AUTOLISSANT EPOXY\u00a0BI-COMPOSANT SANS SOLVANT\u00a0POUR SOLS","og_url":"https:\/\/www.cimentol.com\/en\/produit\/watcoat\/","og_site_name":"Cimentol","article_modified_time":"2025-04-14T06:38:13+00:00","og_image":[{"width":2362,"height":2362,"url":"https:\/\/www.cimentol.com\/wp-content\/uploads\/2022\/04\/VIGNETTE-WATCOAT-BD.jpg","type":"image\/jpeg"}],"twitter_card":"summary_large_image","twitter_misc":{"Est. reading time":"1 minute"},"schema":{"@context":"https:\/\/schema.org","@graph":[{"@type":"WebPage","@id":"https:\/\/www.cimentol.com\/en\/produit\/watcoat\/","url":"https:\/\/www.cimentol.com\/en\/produit\/watcoat\/","name":"WATCOAT - Cimentol","isPartOf":{"@id":"https:\/\/www.cimentol.com\/en\/#website"},"primaryImageOfPage":{"@id":"https:\/\/www.cimentol.com\/en\/produit\/watcoat\/#primaryimage"},"image":{"@id":"https:\/\/www.cimentol.com\/en\/produit\/watcoat\/#primaryimage"},"thumbnailUrl":"https:\/\/www.cimentol.com\/wp-content\/uploads\/2022\/04\/VIGNETTE-WATCOAT-BD.jpg","datePublished":"2022-04-13T16:38:24+00:00","dateModified":"2025-04-14T06:38:13+00:00","breadcrumb":{"@id":"https:\/\/www.cimentol.com\/en\/produit\/watcoat\/#breadcrumb"},"inLanguage":"en-US","potentialAction":[{"@type":"ReadAction","target":["https:\/\/www.cimentol.com\/en\/produit\/watcoat\/"]}]},{"@type":"ImageObject","inLanguage":"en-US","@id":"https:\/\/www.cimentol.com\/en\/produit\/watcoat\/#primaryimage","url":"https:\/\/www.cimentol.com\/wp-content\/uploads\/2022\/04\/VIGNETTE-WATCOAT-BD.jpg","contentUrl":"https:\/\/www.cimentol.com\/wp-content\/uploads\/2022\/04\/VIGNETTE-WATCOAT-BD.jpg","width":2362,"height":2362},{"@type":"BreadcrumbList","@id":"https:\/\/www.cimentol.com\/en\/produit\/watcoat\/#breadcrumb","itemListElement":[{"@type":"ListItem","position":1,"name":"Accueil","item":"https:\/\/www.cimentol.com\/en\/"},{"@type":"ListItem","position":2,"name":"Shop","item":"https:\/\/www.cimentol.com\/en\/shop\/"},{"@type":"ListItem","position":3,"name":"WATCOAT"}]},{"@type":"WebSite","@id":"https:\/\/www.cimentol.com\/en\/#website","url":"https:\/\/www.cimentol.com\/en\/","name":"Cimentol","description":"","publisher":{"@id":"https:\/\/www.cimentol.com\/en\/#organization"},"potentialAction":[{"@type":"SearchAction","target":{"@type":"EntryPoint","urlTemplate":"https:\/\/www.cimentol.com\/en\/?s={search_term_string}"},"query-input":{"@type":"PropertyValueSpecification","valueRequired":true,"valueName":"search_term_string"}}],"inLanguage":"en-US"},{"@type":"Organization","@id":"https:\/\/www.cimentol.com\/en\/#organization","name":"Cimentol","url":"https:\/\/www.cimentol.com\/en\/","logo":{"@type":"ImageObject","inLanguage":"en-US","@id":"https:\/\/www.cimentol.com\/en\/#\/schema\/logo\/image\/","url":"https:\/\/www.cimentol.com\/wp-content\/uploads\/2022\/08\/cimentol-logo.png","contentUrl":"https:\/\/www.cimentol.com\/wp-content\/uploads\/2022\/08\/cimentol-logo.png","width":1181,"height":250,"caption":"Cimentol"},"image":{"@id":"https:\/\/www.cimentol.com\/en\/#\/schema\/logo\/image\/"}}]}},"_links":{"self":[{"href":"https:\/\/www.cimentol.com\/en\/wp-json\/wp\/v2\/product\/4417","targetHints":{"allow":["GET"]}}],"collection":[{"href":"https:\/\/www.cimentol.com\/en\/wp-json\/wp\/v2\/product"}],"about":[{"href":"https:\/\/www.cimentol.com\/en\/wp-json\/wp\/v2\/types\/product"}],"wp:featuredmedia":[{"embeddable":true,"href":"https:\/\/www.cimentol.com\/en\/wp-json\/wp\/v2\/media\/5877"}],"wp:attachment":[{"href":"https:\/\/www.cimentol.com\/en\/wp-json\/wp\/v2\/media?parent=4417"}],"wp:term":[{"taxonomy":"product_brand","embeddable":true,"href":"https:\/\/www.cimentol.com\/en\/wp-json\/wp\/v2\/product_brand?post=4417"},{"taxonomy":"product_cat","embeddable":true,"href":"https:\/\/www.cimentol.com\/en\/wp-json\/wp\/v2\/product_cat?post=4417"},{"taxonomy":"product_tag","embeddable":true,"href":"https:\/\/www.cimentol.com\/en\/wp-json\/wp\/v2\/product_tag?post=4417"},{"taxonomy":"gamme","embeddable":true,"href":"https:\/\/www.cimentol.com\/en\/wp-json\/wp\/v2\/gamme?post=4417"}],"curies":[{"name":"wp","href":"https:\/\/api.w.org\/{rel}","templated":true}]}}