{"id":4414,"date":"2022-02-07T18:11:36","date_gmt":"2022-02-07T17:11:36","guid":{"rendered":"https:\/\/www.cimentol.com\/?post_type=product&#038;p=4414"},"modified":"2022-07-05T16:17:41","modified_gmt":"2022-07-05T14:17:41","slug":"varnish-aqua","status":"publish","type":"product","link":"https:\/\/www.cimentol.com\/en\/produit\/varnish-aqua\/","title":{"rendered":"VARNISH AQUA"},"content":{"rendered":"<p><em>Caract\u00e9ristiques principales\u00a0:<\/em><\/p>\n<ul>\n<li><strong>Vitrifie et prot\u00e8ge<\/strong><\/li>\n<li>Tous supports \/ Antirouille<\/li>\n<li>Film tr\u00e8s r\u00e9sistant \u00e0 la rayure et aux chocs<\/li>\n<li>Sans odeur<\/li>\n<li>S\u00e9chage rapide<\/li>\n<li>Existe en mat, satin ou brillant<\/li>\n<li>Nettoyage des outils \u00e0 l\u2019eau<\/li>\n<\/ul>\n","protected":false},"excerpt":{"rendered":"<p><strong>VARNISH POLYURETHANE ACRYLIQUE MONOCOMPOSANT UNIVERSEL POUR LA PROTECTION ET DECORATION DES SOLS BETON, METAL, BOIS, PARQUETS<\/strong><\/p>\n","protected":false},"featured_media":4870,"template":"","meta":{"_acf_changed":false,"inline_featured_image":false},"product_brand":[],"product_cat":[1792,1259,1261,1265,1277,1283,1291,1289,1295,1297,570,578,584,580,582,604,608,606,612,594,574,588,150,286,302,400,482,486,484,530,534,446,450,452,472,512,490,492,494,496,498,500,502,466,408,432,30,32,34,40],"product_tag":[],"gamme":[986],"class_list":{"0":"post-4414","1":"product","2":"type-product","3":"status-publish","4":"has-post-thumbnail","6":"product_cat-finition-pour-metal","7":"product_cat-metal-2","8":"product_cat-tous-produits-metal-2","9":"product_cat-primaire-finition","10":"product_cat-metaux-ferreux-type-de-metal-metal-2","11":"product_cat-aqueuse-phase-metal-2","12":"product_cat-exterieur-int-ext-metal-2","13":"product_cat-interieur-int-ext-metal-2","14":"product_cat-a-environnement-metal-2","15":"product_cat-leed-bream","16":"product_cat-traitement-du-bois-peintures-et-resines-techniques","17":"product_cat-aspect","18":"product_cat-brillant-aspect","19":"product_cat-mat-aspect","20":"product_cat-satin-aspect","21":"product_cat-int-ext-bois","22":"product_cat-exterieur-int-ext-bois","23":"product_cat-interieur-int-ext-bois","24":"product_cat-a-label","25":"product_cat-aqueuse-phase-bois","26":"product_cat-vernis","27":"product_cat-metaux-ferreux","28":"product_cat-peintures-et-resines-de-sol-peintures-et-resines-techniques","29":"product_cat-entrepot-de-stockage-leger","30":"product_cat-ecole","31":"product_cat-produit","32":"product_cat-int-ext","33":"product_cat-exterieur","34":"product_cat-interieur","35":"product_cat-a","36":"product_cat-leed-breeam","37":"product_cat-brillant","38":"product_cat-mat","39":"product_cat-satin","40":"product_cat-aqueuse","41":"product_cat-finition-mat","42":"product_cat-ancien-revetement-peinture","43":"product_cat-bitume","44":"product_cat-bois-parquet","45":"product_cat-carrelage","46":"product_cat-chape-anhydrite","47":"product_cat-metal","48":"product_cat-sol-beton-mortier-enduit","49":"product_cat-polyurethane-hyrodiluable","50":"product_cat-finition","51":"product_cat-vernis-de-protection","52":"product_cat-peintures-et-resines-techniques","53":"product_cat-peintures-et-resines-de-sol","54":"product_cat-traitement-du-metal-et-anticorrosion","55":"product_cat-traitement-du-bois","56":"gamme-varnish","58":"first","59":"instock","60":"shipping-taxable","61":"product-type-simple"},"acf":[],"yoast_head":"<!-- This site is optimized with the Yoast SEO plugin v25.9 - https:\/\/yoast.com\/wordpress\/plugins\/seo\/ -->\n<title>VARNISH AQUA - Cimentol<\/title>\n<meta name=\"robots\" content=\"index, follow, max-snippet:-1, max-image-preview:large, max-video-preview:-1\" \/>\n<link rel=\"canonical\" href=\"https:\/\/www.cimentol.com\/en\/produit\/varnish-aqua\/\" \/>\n<meta property=\"og:locale\" content=\"en_US\" \/>\n<meta property=\"og:type\" content=\"article\" \/>\n<meta property=\"og:title\" content=\"VARNISH AQUA - Cimentol\" \/>\n<meta property=\"og:description\" content=\"VARNISH POLYURETHANE ACRYLIQUE MONOCOMPOSANT UNIVERSEL POUR LA PROTECTION ET DECORATION DES SOLS BETON, METAL, BOIS, PARQUETS\" \/>\n<meta property=\"og:url\" content=\"https:\/\/www.cimentol.com\/en\/produit\/varnish-aqua\/\" \/>\n<meta property=\"og:site_name\" content=\"Cimentol\" \/>\n<meta property=\"article:modified_time\" content=\"2022-07-05T14:17:41+00:00\" \/>\n<meta property=\"og:image\" content=\"https:\/\/www.cimentol.com\/wp-content\/uploads\/2022\/02\/VIGNETTE-VARNISH-AQUA-1L-2.png\" \/>\n\t<meta property=\"og:image:width\" content=\"1772\" \/>\n\t<meta property=\"og:image:height\" content=\"1772\" \/>\n\t<meta property=\"og:image:type\" content=\"image\/png\" \/>\n<meta name=\"twitter:card\" content=\"summary_large_image\" \/>\n<meta name=\"twitter:label1\" content=\"Est. reading time\" \/>\n\t<meta name=\"twitter:data1\" content=\"1 minute\" \/>\n<script type=\"application\/ld+json\" class=\"yoast-schema-graph\">{\"@context\":\"https:\/\/schema.org\",\"@graph\":[{\"@type\":\"WebPage\",\"@id\":\"https:\/\/www.cimentol.com\/en\/produit\/varnish-aqua\/\",\"url\":\"https:\/\/www.cimentol.com\/en\/produit\/varnish-aqua\/\",\"name\":\"VARNISH AQUA - Cimentol\",\"isPartOf\":{\"@id\":\"https:\/\/www.cimentol.com\/en\/#website\"},\"primaryImageOfPage\":{\"@id\":\"https:\/\/www.cimentol.com\/en\/produit\/varnish-aqua\/#primaryimage\"},\"image\":{\"@id\":\"https:\/\/www.cimentol.com\/en\/produit\/varnish-aqua\/#primaryimage\"},\"thumbnailUrl\":\"https:\/\/www.cimentol.com\/wp-content\/uploads\/2022\/02\/VIGNETTE-VARNISH-AQUA-1L-2.png\",\"datePublished\":\"2022-02-07T17:11:36+00:00\",\"dateModified\":\"2022-07-05T14:17:41+00:00\",\"breadcrumb\":{\"@id\":\"https:\/\/www.cimentol.com\/en\/produit\/varnish-aqua\/#breadcrumb\"},\"inLanguage\":\"en-US\",\"potentialAction\":[{\"@type\":\"ReadAction\",\"target\":[\"https:\/\/www.cimentol.com\/en\/produit\/varnish-aqua\/\"]}]},{\"@type\":\"ImageObject\",\"inLanguage\":\"en-US\",\"@id\":\"https:\/\/www.cimentol.com\/en\/produit\/varnish-aqua\/#primaryimage\",\"url\":\"https:\/\/www.cimentol.com\/wp-content\/uploads\/2022\/02\/VIGNETTE-VARNISH-AQUA-1L-2.png\",\"contentUrl\":\"https:\/\/www.cimentol.com\/wp-content\/uploads\/2022\/02\/VIGNETTE-VARNISH-AQUA-1L-2.png\",\"width\":1772,\"height\":1772},{\"@type\":\"BreadcrumbList\",\"@id\":\"https:\/\/www.cimentol.com\/en\/produit\/varnish-aqua\/#breadcrumb\",\"itemListElement\":[{\"@type\":\"ListItem\",\"position\":1,\"name\":\"Accueil\",\"item\":\"https:\/\/www.cimentol.com\/en\/\"},{\"@type\":\"ListItem\",\"position\":2,\"name\":\"Shop\",\"item\":\"https:\/\/www.cimentol.com\/en\/shop\/\"},{\"@type\":\"ListItem\",\"position\":3,\"name\":\"VARNISH AQUA\"}]},{\"@type\":\"WebSite\",\"@id\":\"https:\/\/www.cimentol.com\/en\/#website\",\"url\":\"https:\/\/www.cimentol.com\/en\/\",\"name\":\"Cimentol\",\"description\":\"\",\"publisher\":{\"@id\":\"https:\/\/www.cimentol.com\/en\/#organization\"},\"potentialAction\":[{\"@type\":\"SearchAction\",\"target\":{\"@type\":\"EntryPoint\",\"urlTemplate\":\"https:\/\/www.cimentol.com\/en\/?s={search_term_string}\"},\"query-input\":{\"@type\":\"PropertyValueSpecification\",\"valueRequired\":true,\"valueName\":\"search_term_string\"}}],\"inLanguage\":\"en-US\"},{\"@type\":\"Organization\",\"@id\":\"https:\/\/www.cimentol.com\/en\/#organization\",\"name\":\"Cimentol\",\"url\":\"https:\/\/www.cimentol.com\/en\/\",\"logo\":{\"@type\":\"ImageObject\",\"inLanguage\":\"en-US\",\"@id\":\"https:\/\/www.cimentol.com\/en\/#\/schema\/logo\/image\/\",\"url\":\"https:\/\/www.cimentol.com\/wp-content\/uploads\/2022\/08\/cimentol-logo.png\",\"contentUrl\":\"https:\/\/www.cimentol.com\/wp-content\/uploads\/2022\/08\/cimentol-logo.png\",\"width\":1181,\"height\":250,\"caption\":\"Cimentol\"},\"image\":{\"@id\":\"https:\/\/www.cimentol.com\/en\/#\/schema\/logo\/image\/\"}}]}<\/script>\n<!-- \/ Yoast SEO plugin. -->","yoast_head_json":{"title":"VARNISH AQUA - Cimentol","robots":{"index":"index","follow":"follow","max-snippet":"max-snippet:-1","max-image-preview":"max-image-preview:large","max-video-preview":"max-video-preview:-1"},"canonical":"https:\/\/www.cimentol.com\/en\/produit\/varnish-aqua\/","og_locale":"en_US","og_type":"article","og_title":"VARNISH AQUA - Cimentol","og_description":"VARNISH POLYURETHANE ACRYLIQUE MONOCOMPOSANT UNIVERSEL POUR LA PROTECTION ET DECORATION DES SOLS BETON, METAL, BOIS, PARQUETS","og_url":"https:\/\/www.cimentol.com\/en\/produit\/varnish-aqua\/","og_site_name":"Cimentol","article_modified_time":"2022-07-05T14:17:41+00:00","og_image":[{"width":1772,"height":1772,"url":"https:\/\/www.cimentol.com\/wp-content\/uploads\/2022\/02\/VIGNETTE-VARNISH-AQUA-1L-2.png","type":"image\/png"}],"twitter_card":"summary_large_image","twitter_misc":{"Est. reading time":"1 minute"},"schema":{"@context":"https:\/\/schema.org","@graph":[{"@type":"WebPage","@id":"https:\/\/www.cimentol.com\/en\/produit\/varnish-aqua\/","url":"https:\/\/www.cimentol.com\/en\/produit\/varnish-aqua\/","name":"VARNISH AQUA - Cimentol","isPartOf":{"@id":"https:\/\/www.cimentol.com\/en\/#website"},"primaryImageOfPage":{"@id":"https:\/\/www.cimentol.com\/en\/produit\/varnish-aqua\/#primaryimage"},"image":{"@id":"https:\/\/www.cimentol.com\/en\/produit\/varnish-aqua\/#primaryimage"},"thumbnailUrl":"https:\/\/www.cimentol.com\/wp-content\/uploads\/2022\/02\/VIGNETTE-VARNISH-AQUA-1L-2.png","datePublished":"2022-02-07T17:11:36+00:00","dateModified":"2022-07-05T14:17:41+00:00","breadcrumb":{"@id":"https:\/\/www.cimentol.com\/en\/produit\/varnish-aqua\/#breadcrumb"},"inLanguage":"en-US","potentialAction":[{"@type":"ReadAction","target":["https:\/\/www.cimentol.com\/en\/produit\/varnish-aqua\/"]}]},{"@type":"ImageObject","inLanguage":"en-US","@id":"https:\/\/www.cimentol.com\/en\/produit\/varnish-aqua\/#primaryimage","url":"https:\/\/www.cimentol.com\/wp-content\/uploads\/2022\/02\/VIGNETTE-VARNISH-AQUA-1L-2.png","contentUrl":"https:\/\/www.cimentol.com\/wp-content\/uploads\/2022\/02\/VIGNETTE-VARNISH-AQUA-1L-2.png","width":1772,"height":1772},{"@type":"BreadcrumbList","@id":"https:\/\/www.cimentol.com\/en\/produit\/varnish-aqua\/#breadcrumb","itemListElement":[{"@type":"ListItem","position":1,"name":"Accueil","item":"https:\/\/www.cimentol.com\/en\/"},{"@type":"ListItem","position":2,"name":"Shop","item":"https:\/\/www.cimentol.com\/en\/shop\/"},{"@type":"ListItem","position":3,"name":"VARNISH AQUA"}]},{"@type":"WebSite","@id":"https:\/\/www.cimentol.com\/en\/#website","url":"https:\/\/www.cimentol.com\/en\/","name":"Cimentol","description":"","publisher":{"@id":"https:\/\/www.cimentol.com\/en\/#organization"},"potentialAction":[{"@type":"SearchAction","target":{"@type":"EntryPoint","urlTemplate":"https:\/\/www.cimentol.com\/en\/?s={search_term_string}"},"query-input":{"@type":"PropertyValueSpecification","valueRequired":true,"valueName":"search_term_string"}}],"inLanguage":"en-US"},{"@type":"Organization","@id":"https:\/\/www.cimentol.com\/en\/#organization","name":"Cimentol","url":"https:\/\/www.cimentol.com\/en\/","logo":{"@type":"ImageObject","inLanguage":"en-US","@id":"https:\/\/www.cimentol.com\/en\/#\/schema\/logo\/image\/","url":"https:\/\/www.cimentol.com\/wp-content\/uploads\/2022\/08\/cimentol-logo.png","contentUrl":"https:\/\/www.cimentol.com\/wp-content\/uploads\/2022\/08\/cimentol-logo.png","width":1181,"height":250,"caption":"Cimentol"},"image":{"@id":"https:\/\/www.cimentol.com\/en\/#\/schema\/logo\/image\/"}}]}},"_links":{"self":[{"href":"https:\/\/www.cimentol.com\/en\/wp-json\/wp\/v2\/product\/4414","targetHints":{"allow":["GET"]}}],"collection":[{"href":"https:\/\/www.cimentol.com\/en\/wp-json\/wp\/v2\/product"}],"about":[{"href":"https:\/\/www.cimentol.com\/en\/wp-json\/wp\/v2\/types\/product"}],"wp:featuredmedia":[{"embeddable":true,"href":"https:\/\/www.cimentol.com\/en\/wp-json\/wp\/v2\/media\/4870"}],"wp:attachment":[{"href":"https:\/\/www.cimentol.com\/en\/wp-json\/wp\/v2\/media?parent=4414"}],"wp:term":[{"taxonomy":"product_brand","embeddable":true,"href":"https:\/\/www.cimentol.com\/en\/wp-json\/wp\/v2\/product_brand?post=4414"},{"taxonomy":"product_cat","embeddable":true,"href":"https:\/\/www.cimentol.com\/en\/wp-json\/wp\/v2\/product_cat?post=4414"},{"taxonomy":"product_tag","embeddable":true,"href":"https:\/\/www.cimentol.com\/en\/wp-json\/wp\/v2\/product_tag?post=4414"},{"taxonomy":"gamme","embeddable":true,"href":"https:\/\/www.cimentol.com\/en\/wp-json\/wp\/v2\/gamme?post=4414"}],"curies":[{"name":"wp","href":"https:\/\/api.w.org\/{rel}","templated":true}]}}